{"id":12681,"date":"2026-04-28T19:04:30","date_gmt":"2026-04-28T17:04:30","guid":{"rendered":"https:\/\/manosinkietas.com\/?post_type=product&#038;p=12681"},"modified":"2026-04-28T19:04:31","modified_gmt":"2026-04-28T17:04:31","slug":"bandeja-para-joyas-dia-de-las-madres","status":"publish","type":"product","link":"https:\/\/manosinkietas.com\/en\/product\/bandeja-para-joyas-dia-de-las-madres\/","title":{"rendered":"Bandeja para Joyas D\u00eda de las Madres"},"content":{"rendered":"<p>Hermosas bandejas de madera para joyas ideales para el D\u00eda de las Madres. Estas hermosas bandejas las puedes personalizar con el nombre de mam\u00e1 o de los peques.<\/p>\n<p>Tienes 2 modelos a elegir:<\/p>\n<p>Una grande de madera con coraz\u00f3n oro rosa espejo en el medio y con el grabado &#8220;Las joyitas de mam\u00e1&#8221; junto a una flor.<\/p>\n<p>Otra m\u00e1s peque\u00f1a de madera en forma de coraz\u00f3n, pintada a mano en rosa empolvado y con mismo grabado.<\/p>\n<p>Medidas:<\/p>\n<p>Grande: 15cm x 8,1cm<\/p>\n<p>Coraz\u00f3n: 12cm x 10,6cm<\/p>\n<p>Un detalle perfecto para las mam\u00e1s m\u00e1s coquetas<\/p>\n<p>*****************************************<\/p>\n<p>Por favor, preg\u00fantanos si tienes alguna duda acerca de nuestros productos. Estamos felices de atenderte.<\/p>\n<p>Recordatorio: esta es una peque\u00f1a tienda de emprendedores y el tiempo invertido en crear nuestras piezas \u00fanicas tambi\u00e9n tiene valor.<\/p>\n<p>\u00bfTe gustan nuestros productos? Echa un vistazo a la tienda:<\/p>","protected":false},"excerpt":{"rendered":"<p>Hermosas bandejas de madera para joyas ideales para el D\u00eda de las Madres. Estas hermosas bandejas las puedes personalizar con el nombre de mam\u00e1 o de los peques.<\/p>","protected":false},"featured_media":12683,"comment_status":"open","ping_status":"closed","template":"","meta":{"_acf_changed":false},"product_brand":[],"product_cat":[36,703],"product_tag":[1620,1661,1660,1670,1666,1665,668,84,1667,134,1668,1663,1662,805,807,1669,1664,85,270,239],"filtro_producto":[],"class_list":{"0":"post-12681","1":"product","2":"type-product","3":"status-publish","4":"has-post-thumbnail","6":"product_cat-celebracion","7":"product_cat-menaje","8":"product_tag-bandeja-de-madera","9":"product_tag-bandeja-en-forma-de-corazon","10":"product_tag-bandeja-para-joyas","11":"product_tag-bandeja-para-mama","12":"product_tag-detalle-para-el-dia-de-las-madres","13":"product_tag-detalle-para-mamaa","14":"product_tag-detalles","15":"product_tag-dia-de-las-madres","16":"product_tag-joyas","17":"product_tag-joyero","18":"product_tag-joyitas","19":"product_tag-joyitas-de-mama","20":"product_tag-las-joyitas-de-mama","21":"product_tag-madre","22":"product_tag-mama","23":"product_tag-porta-joyas","24":"product_tag-regalo-para-el-dia-de-las-madres","25":"product_tag-regalo-para-mama","26":"product_tag-regalos","27":"product_tag-regalos-personalizados","28":"product_shipping_class-cc","30":"first","31":"instock","32":"taxable","33":"shipping-taxable","34":"purchasable","35":"product-type-variable"},"acf":[],"aioseo_notices":[],"_links":{"self":[{"href":"https:\/\/manosinkietas.com\/en\/wp-json\/wp\/v2\/product\/12681","targetHints":{"allow":["GET"]}}],"collection":[{"href":"https:\/\/manosinkietas.com\/en\/wp-json\/wp\/v2\/product"}],"about":[{"href":"https:\/\/manosinkietas.com\/en\/wp-json\/wp\/v2\/types\/product"}],"replies":[{"embeddable":true,"href":"https:\/\/manosinkietas.com\/en\/wp-json\/wp\/v2\/comments?post=12681"}],"version-history":[{"count":1,"href":"https:\/\/manosinkietas.com\/en\/wp-json\/wp\/v2\/product\/12681\/revisions"}],"predecessor-version":[{"id":12694,"href":"https:\/\/manosinkietas.com\/en\/wp-json\/wp\/v2\/product\/12681\/revisions\/12694"}],"wp:featuredmedia":[{"embeddable":true,"href":"https:\/\/manosinkietas.com\/en\/wp-json\/wp\/v2\/media\/12683"}],"wp:attachment":[{"href":"https:\/\/manosinkietas.com\/en\/wp-json\/wp\/v2\/media?parent=12681"}],"wp:term":[{"taxonomy":"product_brand","embeddable":true,"href":"https:\/\/manosinkietas.com\/en\/wp-json\/wp\/v2\/product_brand?post=12681"},{"taxonomy":"product_cat","embeddable":true,"href":"https:\/\/manosinkietas.com\/en\/wp-json\/wp\/v2\/product_cat?post=12681"},{"taxonomy":"product_tag","embeddable":true,"href":"https:\/\/manosinkietas.com\/en\/wp-json\/wp\/v2\/product_tag?post=12681"},{"taxonomy":"filtro_producto","embeddable":true,"href":"https:\/\/manosinkietas.com\/en\/wp-json\/wp\/v2\/filtro_producto?post=12681"}],"curies":[{"name":"wp","href":"https:\/\/api.w.org\/{rel}","templated":true}]}}