{"id":12641,"date":"2026-03-21T15:25:57","date_gmt":"2026-03-21T14:25:57","guid":{"rendered":"https:\/\/manosinkietas.com\/?post_type=product&#038;p=12641"},"modified":"2026-03-21T15:45:02","modified_gmt":"2026-03-21T14:45:02","slug":"conejo-de-madera-con-base-huevo-kinder","status":"publish","type":"product","link":"https:\/\/manosinkietas.com\/en\/product\/conejo-de-madera-con-base-huevo-kinder\/","title":{"rendered":"Conejo de Madera con Base para Huevo Kinder"},"content":{"rendered":"<p>Hermoso y original Conejo de Madera con Base para Huevo Kinder, perfecto como detalle de mona de pascua. Puedes personalizar este regalo para dar en Semana Santa a los m\u00e1s peque\u00f1os.<\/p>\n<p>Este Conejo de Madera con Base para Huevo Kinder es una excelente opci\u00f3n para regalar a los m\u00e1s peque\u00f1os. El conejito de Pascua es de madera contrachapado 3mm y trae un peque\u00f1o lacito en la orejita si es para ni\u00f1as o una pajarita si es para ni\u00f1os. Podemos grabar el nombre de la peque o el peque en la orejita o en la base del conejo de Pascua y adem\u00e1s, puedes elegir el color del lazo o pajarita entre los siguientes: rosa pastel, verde menta, amarillo pastel, lila pastel, naranja pastel o azul pastel<\/p>\n<p>Medidas del conejo:<\/p>\n<p>ALTO 19,2cm<br \/>\nANCHO 9,7cm<\/p>\n<p>Tiene un orificio para colocar un huevo Kinder de chocolate<\/p>\n<p>*****************************************<\/p>\n<p>Por favor, preg\u00fantanos si tienes alguna duda acerca de nuestros productos. Estamos felices de atenderte.<\/p>\n<p>Recordatorio: esta es una peque\u00f1a tienda de emprendedores y el tiempo invertido en crear nuestras piezas \u00fanicas tambi\u00e9n tiene valor.<\/p>\n<p>\u00bfTe gustan nuestros productos? Echa un vistazo a la tienda:<\/p>","protected":false},"excerpt":{"rendered":"<p>Hermoso y original Conejo de Madera con Base para Huevo Kinder, perfecto como detalle de mona de pascua. Puedes personalizar este regalo para dar en Semana Santa a los m\u00e1s peque\u00f1os.<\/p>","protected":false},"featured_media":12648,"comment_status":"open","ping_status":"closed","template":"","meta":{"_acf_changed":false},"product_brand":[],"product_cat":[36,702],"product_tag":[1638,1635,1640,1637,1649,1648,1647,1636,1639,49,668,1642,1641,754,69,1651,1650,196,1644,1643,270,1646,1645],"filtro_producto":[],"class_list":{"0":"post-12641","1":"product","2":"type-product","3":"status-publish","4":"has-post-thumbnail","6":"product_cat-celebracion","7":"product_cat-tematico","8":"product_tag-conejito","9":"product_tag-conejito-de-pascua","10":"product_tag-conejitos","11":"product_tag-conejo","12":"product_tag-conejo-con-base-huevo-kinder","13":"product_tag-conejo-con-huevo-kinder","14":"product_tag-conejo-de-madera","15":"product_tag-conejo-de-pascua","16":"product_tag-conejos","17":"product_tag-corte-laser","18":"product_tag-detalles","19":"product_tag-detalles-de-pascua","20":"product_tag-detalles-de-semana-santa","21":"product_tag-detalles-personalizados","22":"product_tag-grabado-laser","23":"product_tag-huevo-de-chocolate","24":"product_tag-huevo-kinder","25":"product_tag-madera","26":"product_tag-mona-de-pascua","27":"product_tag-monas-de-pascua","28":"product_tag-regalos","29":"product_tag-regalos-de-pascua","30":"product_tag-regalos-de-semana-santa","31":"product_shipping_class-cc","33":"first","34":"instock","35":"featured","36":"taxable","37":"shipping-taxable","38":"purchasable","39":"product-type-simple"},"acf":[],"aioseo_notices":[],"_links":{"self":[{"href":"https:\/\/manosinkietas.com\/en\/wp-json\/wp\/v2\/product\/12641","targetHints":{"allow":["GET"]}}],"collection":[{"href":"https:\/\/manosinkietas.com\/en\/wp-json\/wp\/v2\/product"}],"about":[{"href":"https:\/\/manosinkietas.com\/en\/wp-json\/wp\/v2\/types\/product"}],"replies":[{"embeddable":true,"href":"https:\/\/manosinkietas.com\/en\/wp-json\/wp\/v2\/comments?post=12641"}],"version-history":[{"count":1,"href":"https:\/\/manosinkietas.com\/en\/wp-json\/wp\/v2\/product\/12641\/revisions"}],"predecessor-version":[{"id":12649,"href":"https:\/\/manosinkietas.com\/en\/wp-json\/wp\/v2\/product\/12641\/revisions\/12649"}],"wp:featuredmedia":[{"embeddable":true,"href":"https:\/\/manosinkietas.com\/en\/wp-json\/wp\/v2\/media\/12648"}],"wp:attachment":[{"href":"https:\/\/manosinkietas.com\/en\/wp-json\/wp\/v2\/media?parent=12641"}],"wp:term":[{"taxonomy":"product_brand","embeddable":true,"href":"https:\/\/manosinkietas.com\/en\/wp-json\/wp\/v2\/product_brand?post=12641"},{"taxonomy":"product_cat","embeddable":true,"href":"https:\/\/manosinkietas.com\/en\/wp-json\/wp\/v2\/product_cat?post=12641"},{"taxonomy":"product_tag","embeddable":true,"href":"https:\/\/manosinkietas.com\/en\/wp-json\/wp\/v2\/product_tag?post=12641"},{"taxonomy":"filtro_producto","embeddable":true,"href":"https:\/\/manosinkietas.com\/en\/wp-json\/wp\/v2\/filtro_producto?post=12641"}],"curies":[{"name":"wp","href":"https:\/\/api.w.org\/{rel}","templated":true}]}}