{"id":12633,"date":"2026-03-21T11:38:35","date_gmt":"2026-03-21T10:38:35","guid":{"rendered":"https:\/\/manosinkietas.com\/?post_type=product&#038;p=12633"},"modified":"2026-03-21T15:25:33","modified_gmt":"2026-03-21T14:25:33","slug":"portalapices-de-corcho-con-conejo-de-pascua","status":"publish","type":"product","link":"https:\/\/manosinkietas.com\/en\/product\/portalapices-de-corcho-con-conejo-de-pascua\/","title":{"rendered":"Portal\u00e1pices de Corcho con Conejo de Pascua"},"content":{"rendered":"<p>Hermoso y original portal\u00e1pices de corcho con conejito de Pascua, perfecto como detalle de mona de pascua. Puedes personalizar este regalo para regalar en Semana Santa a los m\u00e1s peque\u00f1os.<\/p>\n<p>Este portal\u00e1pices de corcho con conejito de Pascua es una excelente opci\u00f3n para regalar y rellenar de huevos de chocolate. Tiene un conejito de Pascua en madera contrachapado 3mm y trae un peque\u00f1o lacito en la orejita si es para ni\u00f1as o una pajarita si es para ni\u00f1os. Podemos grabar el nombre de la peque o el peque en medio del conejo y adem\u00e1s, puedes elegir el color del lazo o pajarita entre los siguientes: rosa pastel, verde menta, amarillo pastel, lila pastel, naranja pastel o azul pastel<\/p>\n<p>Medidas del conejo:<\/p>\n<p>ALTO 15,3cm<br \/>\nANCHO 8,1cm<\/p>\n<p>Medidas del portal\u00e1pices:<\/p>\n<p>ALTO 10cm<\/p>\n<p>ANCHO 7,5cm<\/p>\n<p>*****************************************<\/p>\n<p>Por favor, preg\u00fantanos si tienes alguna duda acerca de nuestros productos. Estamos felices de atenderte.<\/p>\n<p>Recordatorio: esta es una peque\u00f1a tienda de emprendedores y el tiempo invertido en crear nuestras piezas \u00fanicas tambi\u00e9n tiene valor.<\/p>\n<p>\u00bfTe gustan nuestros productos? Echa un vistazo a la tienda:<\/p>","protected":false},"excerpt":{"rendered":"<p>Hermoso y original portal\u00e1pices de corcho con conejito de Pascua, perfecto como detalle de mona de pascua. Puedes personalizar este regalo para regalar en Semana Santa a los m\u00e1s peque\u00f1os.<\/p>","protected":false},"featured_media":12634,"comment_status":"open","ping_status":"closed","template":"","meta":{"_acf_changed":false},"product_brand":[],"product_cat":[698,36],"product_tag":[1638,1635,1640,1637,1636,1639,49,668,1642,1641,754,69,196,1644,1643,416,1333,1334,270],"filtro_producto":[],"class_list":{"0":"post-12633","1":"product","2":"type-product","3":"status-publish","4":"has-post-thumbnail","6":"product_cat-boligrafos-lapices","7":"product_cat-celebracion","8":"product_tag-conejito","9":"product_tag-conejito-de-pascua","10":"product_tag-conejitos","11":"product_tag-conejo","12":"product_tag-conejo-de-pascua","13":"product_tag-conejos","14":"product_tag-corte-laser","15":"product_tag-detalles","16":"product_tag-detalles-de-pascua","17":"product_tag-detalles-de-semana-santa","18":"product_tag-detalles-personalizados","19":"product_tag-grabado-laser","20":"product_tag-madera","21":"product_tag-mona-de-pascua","22":"product_tag-monas-de-pascua","23":"product_tag-portalapices","24":"product_tag-portalapices-de-corcho","25":"product_tag-portalapices-personalizado","26":"product_tag-regalos","27":"product_shipping_class-cc","29":"first","30":"instock","31":"featured","32":"taxable","33":"shipping-taxable","34":"purchasable","35":"product-type-simple"},"acf":[],"aioseo_notices":[],"_links":{"self":[{"href":"https:\/\/manosinkietas.com\/en\/wp-json\/wp\/v2\/product\/12633","targetHints":{"allow":["GET"]}}],"collection":[{"href":"https:\/\/manosinkietas.com\/en\/wp-json\/wp\/v2\/product"}],"about":[{"href":"https:\/\/manosinkietas.com\/en\/wp-json\/wp\/v2\/types\/product"}],"replies":[{"embeddable":true,"href":"https:\/\/manosinkietas.com\/en\/wp-json\/wp\/v2\/comments?post=12633"}],"version-history":[{"count":1,"href":"https:\/\/manosinkietas.com\/en\/wp-json\/wp\/v2\/product\/12633\/revisions"}],"predecessor-version":[{"id":12640,"href":"https:\/\/manosinkietas.com\/en\/wp-json\/wp\/v2\/product\/12633\/revisions\/12640"}],"wp:featuredmedia":[{"embeddable":true,"href":"https:\/\/manosinkietas.com\/en\/wp-json\/wp\/v2\/media\/12634"}],"wp:attachment":[{"href":"https:\/\/manosinkietas.com\/en\/wp-json\/wp\/v2\/media?parent=12633"}],"wp:term":[{"taxonomy":"product_brand","embeddable":true,"href":"https:\/\/manosinkietas.com\/en\/wp-json\/wp\/v2\/product_brand?post=12633"},{"taxonomy":"product_cat","embeddable":true,"href":"https:\/\/manosinkietas.com\/en\/wp-json\/wp\/v2\/product_cat?post=12633"},{"taxonomy":"product_tag","embeddable":true,"href":"https:\/\/manosinkietas.com\/en\/wp-json\/wp\/v2\/product_tag?post=12633"},{"taxonomy":"filtro_producto","embeddable":true,"href":"https:\/\/manosinkietas.com\/en\/wp-json\/wp\/v2\/filtro_producto?post=12633"}],"curies":[{"name":"wp","href":"https:\/\/api.w.org\/{rel}","templated":true}]}}