{"id":12615,"date":"2026-03-09T21:49:06","date_gmt":"2026-03-09T20:49:06","guid":{"rendered":"https:\/\/manosinkietas.com\/?post_type=product&#038;p=12615"},"modified":"2026-03-10T09:59:52","modified_gmt":"2026-03-10T08:59:52","slug":"cajas-de-vino-dia-del-padre","status":"publish","type":"product","link":"https:\/\/manosinkietas.com\/en\/product\/cajas-de-vino-dia-del-padre\/","title":{"rendered":"Cajas de Vino D\u00eda del Padre"},"content":{"rendered":"<p>Originales cajas de vino especiales para el D\u00eda del Padre.<\/p>\n<p>Podemos personalizar las cajas con el nombre que desees. Ideales para regalar el D\u00eda del Padre, un detalle perfecto para este\u00a0 d\u00eda.<\/p>\n<p>Medidas: 10 x 35 x 10 cm.<\/p>\n<p>Tiempo de preparaci\u00f3n: 8 a 10 d\u00edas laborables<\/p>\n<p>*****************************************<\/p>\n<p>Por favor, preg\u00fantanos si tienes alguna duda acerca de nuestros productos. Estamos felices de atenderte.<\/p>\n<p>Recordatorio: esta es una peque\u00f1a tienda de emprendedores y el tiempo invertido en crear nuestras piezas \u00fanicas tambi\u00e9n tiene valor.<\/p>\n<p>\u00bfTe gustan nuestros productos? Echa un vistazo a la tienda:<\/p>","protected":false},"excerpt":{"rendered":"<p>Originales cajas de vino especiales para el D\u00eda del Padre.<\/p>\n<p>Podemos personalizar las cajas con el nombre que desees. Ideales para regalar el D\u00eda del Padre, un detalle perfecto para este\u00a0 d\u00eda.<\/p>","protected":false},"featured_media":12616,"comment_status":"open","ping_status":"closed","template":"","meta":{"_acf_changed":false},"product_brand":[],"product_cat":[36,703],"product_tag":[454,1102,234,1477,1633,1634,1478,796,1098,1099,49,1619,1632,1040,86,69,196,852,851,1101,1616,87,184,1100],"filtro_producto":[],"class_list":{"0":"post-12615","1":"product","2":"type-product","3":"status-publish","4":"has-post-thumbnail","6":"product_cat-celebracion","7":"product_cat-menaje","8":"product_tag-amante-del-vino","9":"product_tag-botellas-de-vino","10":"product_tag-botellero","11":"product_tag-caja-de-botella","12":"product_tag-caja-para-botella","13":"product_tag-caja-para-botellas","14":"product_tag-cajas-de-botellas","15":"product_tag-cajas-de-regalo","16":"product_tag-cajas-para-vino","17":"product_tag-cajas-personalizadas","18":"product_tag-corte-laser","19":"product_tag-detalle-para-papa","20":"product_tag-detalles-dia-del-padre","21":"product_tag-detalles-para-papa","22":"product_tag-dia-del-padre","23":"product_tag-grabado-laser","24":"product_tag-madera","25":"product_tag-padre","26":"product_tag-papa","27":"product_tag-porta-botellas","28":"product_tag-regalo-dia-del-padre","29":"product_tag-regalo-para-papa","30":"product_tag-regalos-para-papa","31":"product_tag-vino","32":"product_shipping_class-cc","34":"first","35":"instock","36":"taxable","37":"shipping-taxable","38":"purchasable","39":"product-type-simple"},"acf":[],"aioseo_notices":[],"_links":{"self":[{"href":"https:\/\/manosinkietas.com\/en\/wp-json\/wp\/v2\/product\/12615","targetHints":{"allow":["GET"]}}],"collection":[{"href":"https:\/\/manosinkietas.com\/en\/wp-json\/wp\/v2\/product"}],"about":[{"href":"https:\/\/manosinkietas.com\/en\/wp-json\/wp\/v2\/types\/product"}],"replies":[{"embeddable":true,"href":"https:\/\/manosinkietas.com\/en\/wp-json\/wp\/v2\/comments?post=12615"}],"version-history":[{"count":1,"href":"https:\/\/manosinkietas.com\/en\/wp-json\/wp\/v2\/product\/12615\/revisions"}],"predecessor-version":[{"id":12620,"href":"https:\/\/manosinkietas.com\/en\/wp-json\/wp\/v2\/product\/12615\/revisions\/12620"}],"wp:featuredmedia":[{"embeddable":true,"href":"https:\/\/manosinkietas.com\/en\/wp-json\/wp\/v2\/media\/12616"}],"wp:attachment":[{"href":"https:\/\/manosinkietas.com\/en\/wp-json\/wp\/v2\/media?parent=12615"}],"wp:term":[{"taxonomy":"product_brand","embeddable":true,"href":"https:\/\/manosinkietas.com\/en\/wp-json\/wp\/v2\/product_brand?post=12615"},{"taxonomy":"product_cat","embeddable":true,"href":"https:\/\/manosinkietas.com\/en\/wp-json\/wp\/v2\/product_cat?post=12615"},{"taxonomy":"product_tag","embeddable":true,"href":"https:\/\/manosinkietas.com\/en\/wp-json\/wp\/v2\/product_tag?post=12615"},{"taxonomy":"filtro_producto","embeddable":true,"href":"https:\/\/manosinkietas.com\/en\/wp-json\/wp\/v2\/filtro_producto?post=12615"}],"curies":[{"name":"wp","href":"https:\/\/api.w.org\/{rel}","templated":true}]}}