{"id":12599,"date":"2026-03-06T18:33:29","date_gmt":"2026-03-06T17:33:29","guid":{"rendered":"https:\/\/manosinkietas.com\/?post_type=product&#038;p=12599"},"modified":"2026-03-31T18:55:48","modified_gmt":"2026-03-31T16:55:48","slug":"placa-con-frases-espacio-foto-gracias-por-tanto-papa","status":"publish","type":"product","link":"https:\/\/manosinkietas.com\/en\/product\/placa-con-frases-espacio-foto-gracias-por-tanto-papa\/","title":{"rendered":"Placa con Frases y Espacio para Foto Gracias por Tanto Pap\u00e1"},"content":{"rendered":"<p>Hermosa placa con frases y espacio para foto\u00a0<em>Gracias por tanto, pap\u00e1.<\/em><\/p>\n<p>Esta hermosa placa es de madera contrachapado 3mm tintada en color roble, tiene 8 frases para el D\u00eda del Padre (las tienes en cada imagen) y una frase de agradecimiento para pap\u00e1: <em>Gracias por tanto, pap\u00e1.<\/em><\/p>\n<p>Puedes modificar el texto de las 8 frases, si lo deseas.<\/p>\n<p>Ideal para regalar en el D\u00eda del Padre.<\/p>\n<p>Medidas:<\/p>\n<p>22 cm de ancho x 19 cm de alto, aproximadamente.<\/p>\n<p>Espacio para la foto: 13cm x 13cm<\/p>\n<p>La placa trae cinta doble cara para pegar la foto.<\/p>\n<p>*****************************************<\/p>\n<p>Por favor, preg\u00fantanos si tienes alguna duda acerca de nuestros productos. Estamos felices de atenderte.<\/p>\n<p>Recordatorio: esta es una peque\u00f1a tienda de emprendedores y el tiempo invertido en crear nuestras piezas \u00fanicas tambi\u00e9n tiene valor.<\/p>\n<p>\u00bfTe gustan nuestros productos? Echa un vistazo a la tienda:<\/p>","protected":false},"excerpt":{"rendered":"<p>Hermosa placa con frases y espacio para foto\u00a0<em>Gracias por tanto, pap\u00e1.<\/em><\/p>","protected":false},"featured_media":12607,"comment_status":"open","ping_status":"closed","template":"","meta":{"_acf_changed":false},"product_brand":[],"product_cat":[36,703],"product_tag":[906,49,803,1619,1040,86,802,804,69,196,494,852,851,181,87,270,490,184,239,88],"filtro_producto":[],"class_list":{"0":"post-12599","1":"product","2":"type-product","3":"status-publish","4":"has-post-thumbnail","6":"product_cat-celebracion","7":"product_cat-menaje","8":"product_tag-abuelo","9":"product_tag-corte-laser","10":"product_tag-dad","11":"product_tag-detalle-para-papa","12":"product_tag-detalles-para-papa","13":"product_tag-dia-del-padre","14":"product_tag-father","15":"product_tag-fathers-day","16":"product_tag-grabado-laser","17":"product_tag-madera","18":"product_tag-marco-de-fotos","19":"product_tag-padre","20":"product_tag-papa","21":"product_tag-regalo-del-dia-del-padre","22":"product_tag-regalo-para-papa","23":"product_tag-regalos","24":"product_tag-regalos-originales","25":"product_tag-regalos-para-papa","26":"product_tag-regalos-personalizados","27":"product_tag-super-papa","29":"first","30":"instock","31":"taxable","32":"shipping-taxable","33":"purchasable","34":"product-type-simple"},"acf":[],"aioseo_notices":[],"_links":{"self":[{"href":"https:\/\/manosinkietas.com\/en\/wp-json\/wp\/v2\/product\/12599","targetHints":{"allow":["GET"]}}],"collection":[{"href":"https:\/\/manosinkietas.com\/en\/wp-json\/wp\/v2\/product"}],"about":[{"href":"https:\/\/manosinkietas.com\/en\/wp-json\/wp\/v2\/types\/product"}],"replies":[{"embeddable":true,"href":"https:\/\/manosinkietas.com\/en\/wp-json\/wp\/v2\/comments?post=12599"}],"version-history":[{"count":1,"href":"https:\/\/manosinkietas.com\/en\/wp-json\/wp\/v2\/product\/12599\/revisions"}],"predecessor-version":[{"id":12612,"href":"https:\/\/manosinkietas.com\/en\/wp-json\/wp\/v2\/product\/12599\/revisions\/12612"}],"wp:featuredmedia":[{"embeddable":true,"href":"https:\/\/manosinkietas.com\/en\/wp-json\/wp\/v2\/media\/12607"}],"wp:attachment":[{"href":"https:\/\/manosinkietas.com\/en\/wp-json\/wp\/v2\/media?parent=12599"}],"wp:term":[{"taxonomy":"product_brand","embeddable":true,"href":"https:\/\/manosinkietas.com\/en\/wp-json\/wp\/v2\/product_brand?post=12599"},{"taxonomy":"product_cat","embeddable":true,"href":"https:\/\/manosinkietas.com\/en\/wp-json\/wp\/v2\/product_cat?post=12599"},{"taxonomy":"product_tag","embeddable":true,"href":"https:\/\/manosinkietas.com\/en\/wp-json\/wp\/v2\/product_tag?post=12599"},{"taxonomy":"filtro_producto","embeddable":true,"href":"https:\/\/manosinkietas.com\/en\/wp-json\/wp\/v2\/filtro_producto?post=12599"}],"curies":[{"name":"wp","href":"https:\/\/api.w.org\/{rel}","templated":true}]}}