{"id":12562,"date":"2026-03-04T11:56:08","date_gmt":"2026-03-04T10:56:08","guid":{"rendered":"https:\/\/manosinkietas.com\/?post_type=product&#038;p=12562"},"modified":"2026-03-06T19:11:30","modified_gmt":"2026-03-06T18:11:30","slug":"bandeja-de-desayuno-dia-del-padre","status":"publish","type":"product","link":"https:\/\/manosinkietas.com\/en\/product\/bandeja-de-desayuno-dia-del-padre\/","title":{"rendered":"Bandeja de Desayuno D\u00eda del Padre"},"content":{"rendered":"<p>Hermosa bandeja de desayuno para el D\u00eda del Padre. Un detalle perfecto para regalar a pap\u00e1 en su d\u00eda.<\/p>\n<p>Grabamos cada bandeja de bamb\u00fa con el nombre de pap\u00e1 en el espacio para las tazas.<\/p>\n<p>Tienes 2 modelos a elegir.<\/p>\n<p>Cada bandeja de desayuno incluye la frase grabada <em>Pap\u00e1 en modo consentido.\u00a0<\/em><\/p>\n<p>Las bandejas de desayuno D\u00eda del Padre son hechas de madera contrachapado 3mm y llevan tinta color roble en la capa superior.<\/p>\n<p>Medidas aproximadas:<\/p>\n<p>28cm largo x 17cm alto x 0,6cm de grosor<\/p>\n<p>*****************************************<\/p>\n<p>Por favor, preg\u00fantanos si tienes alguna duda acerca de nuestros productos. Estamos felices de atenderte.<\/p>\n<p>Recordatorio: esta es una peque\u00f1a tienda de emprendedores y el tiempo invertido en crear nuestras piezas \u00fanicas tambi\u00e9n tiene valor.<\/p>\n<p>\u00bfTe gustan nuestros productos? Echa un vistazo a la tienda:<\/p>","protected":false},"excerpt":{"rendered":"<p>Hermosa bandeja de desayuno para el D\u00eda del Padre. Un detalle perfecto para regalar a pap\u00e1 en su d\u00eda.<\/p>","protected":false},"featured_media":12569,"comment_status":"open","ping_status":"closed","template":"","meta":{"_acf_changed":false},"product_brand":[],"product_cat":[36,708,703],"product_tag":[906,1590,1612,1613,1614,1620,1615,1592,49,1619,1040,86,69,852,851,1611,1616,1618,1617,1622,184,1621],"filtro_producto":[],"class_list":{"0":"post-12562","1":"product","2":"type-product","3":"status-publish","4":"has-post-thumbnail","6":"product_cat-celebracion","7":"product_cat-menaje-de-navidad","8":"product_cat-menaje","9":"product_tag-abuelo","10":"product_tag-bandeja","11":"product_tag-bandeja-de-desayuno","12":"product_tag-bandeja-de-desayuno-para-el-dia-del-padre","13":"product_tag-bandeja-de-desayuno-para-papa","14":"product_tag-bandeja-de-madera","15":"product_tag-bandeja-para-papa","16":"product_tag-bandeja-personalizada","17":"product_tag-corte-laser","18":"product_tag-detalle-para-papa","19":"product_tag-detalles-para-papa","20":"product_tag-dia-del-padre","21":"product_tag-grabado-laser","22":"product_tag-padre","23":"product_tag-papa","24":"product_tag-papa-en-modo-consentido","25":"product_tag-regalo-dia-del-padre","26":"product_tag-regalo-para-abuelos","27":"product_tag-regalo-para-padres","28":"product_tag-regalos-dia-del-padre","29":"product_tag-regalos-para-papa","30":"product_tag-regalos-para-papas","31":"product_shipping_class-pp","33":"first","34":"instock","35":"taxable","36":"shipping-taxable","37":"purchasable","38":"product-type-simple"},"acf":[],"aioseo_notices":[],"_links":{"self":[{"href":"https:\/\/manosinkietas.com\/en\/wp-json\/wp\/v2\/product\/12562","targetHints":{"allow":["GET"]}}],"collection":[{"href":"https:\/\/manosinkietas.com\/en\/wp-json\/wp\/v2\/product"}],"about":[{"href":"https:\/\/manosinkietas.com\/en\/wp-json\/wp\/v2\/types\/product"}],"replies":[{"embeddable":true,"href":"https:\/\/manosinkietas.com\/en\/wp-json\/wp\/v2\/comments?post=12562"}],"version-history":[{"count":1,"href":"https:\/\/manosinkietas.com\/en\/wp-json\/wp\/v2\/product\/12562\/revisions"}],"predecessor-version":[{"id":12570,"href":"https:\/\/manosinkietas.com\/en\/wp-json\/wp\/v2\/product\/12562\/revisions\/12570"}],"wp:featuredmedia":[{"embeddable":true,"href":"https:\/\/manosinkietas.com\/en\/wp-json\/wp\/v2\/media\/12569"}],"wp:attachment":[{"href":"https:\/\/manosinkietas.com\/en\/wp-json\/wp\/v2\/media?parent=12562"}],"wp:term":[{"taxonomy":"product_brand","embeddable":true,"href":"https:\/\/manosinkietas.com\/en\/wp-json\/wp\/v2\/product_brand?post=12562"},{"taxonomy":"product_cat","embeddable":true,"href":"https:\/\/manosinkietas.com\/en\/wp-json\/wp\/v2\/product_cat?post=12562"},{"taxonomy":"product_tag","embeddable":true,"href":"https:\/\/manosinkietas.com\/en\/wp-json\/wp\/v2\/product_tag?post=12562"},{"taxonomy":"filtro_producto","embeddable":true,"href":"https:\/\/manosinkietas.com\/en\/wp-json\/wp\/v2\/filtro_producto?post=12562"}],"curies":[{"name":"wp","href":"https:\/\/api.w.org\/{rel}","templated":true}]}}