{"id":12553,"date":"2026-03-03T21:31:12","date_gmt":"2026-03-03T20:31:12","guid":{"rendered":"https:\/\/manosinkietas.com\/?post_type=product&#038;p=12553"},"modified":"2026-03-05T19:21:08","modified_gmt":"2026-03-05T18:21:08","slug":"llavero-especial-dia-del-padre","status":"publish","type":"product","link":"https:\/\/manosinkietas.com\/en\/product\/llavero-especial-dia-del-padre\/","title":{"rendered":"Llavero Especial D\u00eda del Padre"},"content":{"rendered":"<p>Original y \u00fanico llavero especial para el D\u00eda del Padre que puedes personalizar con el nombre o los nombres de tus hijos.<\/p>\n<p>Son perfectos como regalo para el D\u00eda del Padre, recuerdos de nacimientos u otras ocasiones especiales.<\/p>\n<p>Cada llavero cuenta con una pieza principal Pap\u00e1 y un coraz\u00f3n al lado y lo complementa un detalle en metacrilato plata con la frase <em>Contigo siempre.<\/em> Luego, puedes a\u00f1adir el o los nombres de tus hijos en una medallita en metacrilato gris transparente.<\/p>\n<p>Medidas aproximadas:<\/p>\n<p>8,59 cm de ancho x 2,8cm de alto<\/p>\n<p>Medidas del detalle en plata:<\/p>\n<p>7cm de ancho x 0,8cm de alto<\/p>\n<p>Medidas medallita con los nombres:<\/p>\n<p>2,5cm de ancho x 2,7cm de alto<\/p>\n<p>&nbsp;<\/p>\n<p>*****************************************<\/p>\n<p>Por favor, preg\u00fantanos si tienes alguna duda acerca de nuestros productos. Estamos felices de atenderte.<\/p>\n<p>Recordatorio: esta es una peque\u00f1a tienda de emprendedores y el tiempo invertido en crear nuestras piezas \u00fanicas tambi\u00e9n tiene valor.<\/p>\n<p>\u00bfTe gustan nuestros productos? Echa un vistazo a la tienda:<\/p>","protected":false},"excerpt":{"rendered":"<p>Original y \u00fanico llavero especial para el D\u00eda del Padre que puedes personalizar con el nombre o los nombres de tus hijos.<\/p>","protected":false},"featured_media":12573,"comment_status":"open","ping_status":"closed","template":"","meta":{"_acf_changed":false},"product_brand":[],"product_cat":[36,700],"product_tag":[906,1609,1608,49,1610,1606,1040,86,69,854,232,853,233,302,852,851,855,451,181,1032,184,239],"filtro_producto":[],"class_list":{"0":"post-12553","1":"product","2":"type-product","3":"status-publish","4":"has-post-thumbnail","6":"product_cat-celebracion","7":"product_cat-llaveros","8":"product_tag-abuelo","9":"product_tag-abuelos","10":"product_tag-contigo-siempre","11":"product_tag-corte-laser","12":"product_tag-detalles-para-abuelos","13":"product_tag-detalles-para-el-dia-del-padre","14":"product_tag-detalles-para-papa","15":"product_tag-dia-del-padre","16":"product_tag-grabado-laser","17":"product_tag-hijos","18":"product_tag-llavero","19":"product_tag-llavero-de-metacrilato","20":"product_tag-llavero-personalizado","21":"product_tag-llaveros","22":"product_tag-padre","23":"product_tag-papa","24":"product_tag-peques","25":"product_tag-regalo","26":"product_tag-regalo-del-dia-del-padre","27":"product_tag-regalos-para-abuelos","28":"product_tag-regalos-para-papa","29":"product_tag-regalos-personalizados","30":"product_shipping_class-cc","32":"first","33":"instock","34":"featured","35":"taxable","36":"shipping-taxable","37":"purchasable","38":"product-type-simple"},"acf":[],"aioseo_notices":[],"_links":{"self":[{"href":"https:\/\/manosinkietas.com\/en\/wp-json\/wp\/v2\/product\/12553","targetHints":{"allow":["GET"]}}],"collection":[{"href":"https:\/\/manosinkietas.com\/en\/wp-json\/wp\/v2\/product"}],"about":[{"href":"https:\/\/manosinkietas.com\/en\/wp-json\/wp\/v2\/types\/product"}],"replies":[{"embeddable":true,"href":"https:\/\/manosinkietas.com\/en\/wp-json\/wp\/v2\/comments?post=12553"}],"version-history":[{"count":1,"href":"https:\/\/manosinkietas.com\/en\/wp-json\/wp\/v2\/product\/12553\/revisions"}],"predecessor-version":[{"id":12561,"href":"https:\/\/manosinkietas.com\/en\/wp-json\/wp\/v2\/product\/12553\/revisions\/12561"}],"wp:featuredmedia":[{"embeddable":true,"href":"https:\/\/manosinkietas.com\/en\/wp-json\/wp\/v2\/media\/12573"}],"wp:attachment":[{"href":"https:\/\/manosinkietas.com\/en\/wp-json\/wp\/v2\/media?parent=12553"}],"wp:term":[{"taxonomy":"product_brand","embeddable":true,"href":"https:\/\/manosinkietas.com\/en\/wp-json\/wp\/v2\/product_brand?post=12553"},{"taxonomy":"product_cat","embeddable":true,"href":"https:\/\/manosinkietas.com\/en\/wp-json\/wp\/v2\/product_cat?post=12553"},{"taxonomy":"product_tag","embeddable":true,"href":"https:\/\/manosinkietas.com\/en\/wp-json\/wp\/v2\/product_tag?post=12553"},{"taxonomy":"filtro_producto","embeddable":true,"href":"https:\/\/manosinkietas.com\/en\/wp-json\/wp\/v2\/filtro_producto?post=12553"}],"curies":[{"name":"wp","href":"https:\/\/api.w.org\/{rel}","templated":true}]}}