{"id":12539,"date":"2026-02-08T10:27:17","date_gmt":"2026-02-08T09:27:17","guid":{"rendered":"https:\/\/manosinkietas.com\/?post_type=product&#038;p=12539"},"modified":"2026-03-31T19:17:22","modified_gmt":"2026-03-31T17:17:22","slug":"libro-de-firmas-horreo-gallego","status":"publish","type":"product","link":"https:\/\/manosinkietas.com\/en\/product\/libro-de-firmas-horreo-gallego\/","title":{"rendered":"Libro de Firmas H\u00f3rreo Gallego"},"content":{"rendered":"<p>Original libro de firmas h\u00f3rreo gallego para tus momentos m\u00e1s especiales, ideal para los amantes de la cultura gallega. Este espectacular libro de firmas es perfecto como complemento para tu boda, comuni\u00f3n, bautizo o lo que desees celebrar con tem\u00e1tica de Galicia.<\/p>\n<p>El libro de firmas H\u00f3rreo Gallego ha sido elaborado en madera contrachapado de 3mm pintada a mano con tinte color nogal y metacrilato transparente de 3mm de grosor. Podemos grabar el centro del h\u00f3rreo con el texto que quieras.<\/p>\n<p>El libro de firmas h\u00f3rreo gallego incluye siluetas alusivas a alimentos (granos, casta\u00f1as, cereales). Cada silueta mide aproximadamente 3cm y vienen en un saquito. El de la foto trae peces por la agasajada que se llama MAR.<\/p>\n<p>CAPACIDAD: 30-50 piezas (siluetas) para firmar (preguntar antes de comprar).<\/p>\n<p>Medidas:<\/p>\n<p>ALTO 38,62cm<\/p>\n<p>ANCHO 39,45cm<\/p>\n<p>Medidas de las fichas: los peces de la foto miden 2,9xm x 1cm<\/p>\n<p>TIEMPO DE ELABORACI\u00d3N: 8 a 10 d\u00edas laborables, dependiendo de la \u00e9poca (en temporada de eventos puede tardar m\u00e1s)<\/p>\n<p>NOTA: No se acepten devoluciones de piezas de madera con vetas, especialmente si se trata de productos personalizados o en los cuales se aprovechan las caracter\u00edsticas naturales de la madera. Esto se debe a que las variaciones en el color y las vetas son inherentes a la madera natural y no se consideran defectos.<\/p>\n<p>*****************************************<\/p>\n<p>Por favor, preg\u00fantanos si tienes alguna duda acerca de nuestros productos. Estamos felices de atenderte. Recordatorio: esta es una peque\u00f1a tienda de emprendedores y el tiempo invertido en crear nuestras piezas \u00fanicas tambi\u00e9n tiene valor. \u00bfTe gustan nuestros productos? Echa un vistazo a la tienda:<\/p>","protected":false},"excerpt":{"rendered":"<p>Original libro de firmas h\u00f3rreo gallego para tus momentos m\u00e1s especiales, ideal para los amantes de la cultura gallega. Este espectacular libro de firmas es perfecto como complemento para tu boda, comuni\u00f3n, bautizo o lo que desees celebrar con tem\u00e1tica de Galicia.<\/p>","protected":false},"featured_media":12540,"comment_status":"open","ping_status":"closed","template":"","meta":{"_acf_changed":false},"product_brand":[],"product_cat":[36,702],"product_tag":[874,550,1381,49,1604,878,877,538,1472,1603,69,1599,1600,873,1601,1602,196,48,875,876,222,548,816,815],"filtro_producto":[],"class_list":{"0":"post-12539","1":"product","2":"type-product","3":"status-publish","4":"has-post-thumbnail","6":"product_cat-celebracion","7":"product_cat-tematico","8":"product_tag-boda","9":"product_tag-bodas","10":"product_tag-bodas-tematicas","11":"product_tag-corte-laser","12":"product_tag-cultura-gallega","13":"product_tag-detalles-para-bodas","14":"product_tag-detalles-para-novios","15":"product_tag-eventos","16":"product_tag-galicia","17":"product_tag-gallego","18":"product_tag-grabado-laser","19":"product_tag-horreo","20":"product_tag-horreo-gallego","21":"product_tag-libro-de-firmas","22":"product_tag-libro-de-firmas-horreo","23":"product_tag-libro-de-firmas-horreo-gallego","24":"product_tag-madera","25":"product_tag-metacrilato","26":"product_tag-novia","27":"product_tag-novio","28":"product_tag-novios","29":"product_tag-recuerdos-para-eventos","30":"product_tag-regalos-para-bodas","31":"product_tag-regalos-para-eventos","32":"product_shipping_class-pp","34":"first","35":"instock","36":"taxable","37":"shipping-taxable","38":"purchasable","39":"product-type-simple"},"acf":[],"aioseo_notices":[],"_links":{"self":[{"href":"https:\/\/manosinkietas.com\/en\/wp-json\/wp\/v2\/product\/12539","targetHints":{"allow":["GET"]}}],"collection":[{"href":"https:\/\/manosinkietas.com\/en\/wp-json\/wp\/v2\/product"}],"about":[{"href":"https:\/\/manosinkietas.com\/en\/wp-json\/wp\/v2\/types\/product"}],"replies":[{"embeddable":true,"href":"https:\/\/manosinkietas.com\/en\/wp-json\/wp\/v2\/comments?post=12539"}],"version-history":[{"count":1,"href":"https:\/\/manosinkietas.com\/en\/wp-json\/wp\/v2\/product\/12539\/revisions"}],"predecessor-version":[{"id":12548,"href":"https:\/\/manosinkietas.com\/en\/wp-json\/wp\/v2\/product\/12539\/revisions\/12548"}],"wp:featuredmedia":[{"embeddable":true,"href":"https:\/\/manosinkietas.com\/en\/wp-json\/wp\/v2\/media\/12540"}],"wp:attachment":[{"href":"https:\/\/manosinkietas.com\/en\/wp-json\/wp\/v2\/media?parent=12539"}],"wp:term":[{"taxonomy":"product_brand","embeddable":true,"href":"https:\/\/manosinkietas.com\/en\/wp-json\/wp\/v2\/product_brand?post=12539"},{"taxonomy":"product_cat","embeddable":true,"href":"https:\/\/manosinkietas.com\/en\/wp-json\/wp\/v2\/product_cat?post=12539"},{"taxonomy":"product_tag","embeddable":true,"href":"https:\/\/manosinkietas.com\/en\/wp-json\/wp\/v2\/product_tag?post=12539"},{"taxonomy":"filtro_producto","embeddable":true,"href":"https:\/\/manosinkietas.com\/en\/wp-json\/wp\/v2\/filtro_producto?post=12539"}],"curies":[{"name":"wp","href":"https:\/\/api.w.org\/{rel}","templated":true}]}}