{"id":12526,"date":"2026-02-08T10:02:16","date_gmt":"2026-02-08T09:02:16","guid":{"rendered":"https:\/\/manosinkietas.com\/?post_type=product&#038;p=12526"},"modified":"2026-02-08T10:19:42","modified_gmt":"2026-02-08T09:19:42","slug":"bandeja-de-bambu-personalizada-para-regalo-de-bodas","status":"publish","type":"product","link":"https:\/\/manosinkietas.com\/en\/product\/bandeja-de-bambu-personalizada-para-regalo-de-bodas\/","title":{"rendered":"Bandeja de Bamb\u00fa Personalizada para Regalo de Bodas"},"content":{"rendered":"<p>Hermosa bandeja de bamb\u00fa personalizada para regalo de bodas. Son especiales para regalar a los novios en su gran d\u00eda.<\/p>\n<p>Grabamos cada bandeja de bamb\u00fa con los nombres de los novios y la fecha de la boda.<\/p>\n<p>La bandeja de bambu para regalo de bodas se limpia f\u00e1cilmente con un pa\u00f1o h\u00famedo, sin deteriorarse con derrames o lluvia.<\/p>\n<p>Estas bandejas son ideales para regalar en bodas, aniversarios o celebraciones para parejas.<\/p>\n<p>Medidas aproximadas:<\/p>\n<p>28cm largo x 5cm ancho x 40cm alto<\/p>\n<p>*****************************************<\/p>\n<p>Por favor, preg\u00fantanos si tienes alguna duda acerca de nuestros productos. Estamos felices de atenderte.<\/p>\n<p>Recordatorio: esta es una peque\u00f1a tienda de emprendedores y el tiempo invertido en crear nuestras piezas \u00fanicas tambi\u00e9n tiene valor.<\/p>\n<p>\u00bfTe gustan nuestros productos? Echa un vistazo a la tienda:<\/p>","protected":false},"excerpt":{"rendered":"<p>Hermosa bandeja de bamb\u00fa personalizada para regalo de bodas. Son especiales para regalar a los novios en su gran d\u00eda.<\/p>","protected":false},"featured_media":12532,"comment_status":"open","ping_status":"closed","template":"","meta":{"_acf_changed":false},"product_brand":[],"product_cat":[36,703,708],"product_tag":[1590,1591,1598,1597,1593,1592,874,550,49,1211,1212,877,69,1596,1064,1594,1595],"filtro_producto":[],"class_list":{"0":"post-12526","1":"product","2":"type-product","3":"status-publish","4":"has-post-thumbnail","6":"product_cat-celebracion","7":"product_cat-menaje","8":"product_cat-menaje-de-navidad","9":"product_tag-bandeja","10":"product_tag-bandeja-de-bambu","11":"product_tag-bandeja-de-bodas","12":"product_tag-bandeja-de-noda","13":"product_tag-bandeja-para-novios","14":"product_tag-bandeja-personalizada","15":"product_tag-boda","16":"product_tag-bodas","17":"product_tag-corte-laser","18":"product_tag-detalle-de-boda","19":"product_tag-detalle-de-bodas","20":"product_tag-detalles-para-novios","21":"product_tag-grabado-laser","22":"product_tag-recien-casados","23":"product_tag-regalo-de-boda","24":"product_tag-regalo-de-bodas","25":"product_tag-regalos-para-los-novios","26":"product_shipping_class-pp","28":"first","29":"instock","30":"taxable","31":"shipping-taxable","32":"purchasable","33":"product-type-simple"},"acf":[],"aioseo_notices":[],"_links":{"self":[{"href":"https:\/\/manosinkietas.com\/en\/wp-json\/wp\/v2\/product\/12526","targetHints":{"allow":["GET"]}}],"collection":[{"href":"https:\/\/manosinkietas.com\/en\/wp-json\/wp\/v2\/product"}],"about":[{"href":"https:\/\/manosinkietas.com\/en\/wp-json\/wp\/v2\/types\/product"}],"replies":[{"embeddable":true,"href":"https:\/\/manosinkietas.com\/en\/wp-json\/wp\/v2\/comments?post=12526"}],"version-history":[{"count":1,"href":"https:\/\/manosinkietas.com\/en\/wp-json\/wp\/v2\/product\/12526\/revisions"}],"predecessor-version":[{"id":12538,"href":"https:\/\/manosinkietas.com\/en\/wp-json\/wp\/v2\/product\/12526\/revisions\/12538"}],"wp:featuredmedia":[{"embeddable":true,"href":"https:\/\/manosinkietas.com\/en\/wp-json\/wp\/v2\/media\/12532"}],"wp:attachment":[{"href":"https:\/\/manosinkietas.com\/en\/wp-json\/wp\/v2\/media?parent=12526"}],"wp:term":[{"taxonomy":"product_brand","embeddable":true,"href":"https:\/\/manosinkietas.com\/en\/wp-json\/wp\/v2\/product_brand?post=12526"},{"taxonomy":"product_cat","embeddable":true,"href":"https:\/\/manosinkietas.com\/en\/wp-json\/wp\/v2\/product_cat?post=12526"},{"taxonomy":"product_tag","embeddable":true,"href":"https:\/\/manosinkietas.com\/en\/wp-json\/wp\/v2\/product_tag?post=12526"},{"taxonomy":"filtro_producto","embeddable":true,"href":"https:\/\/manosinkietas.com\/en\/wp-json\/wp\/v2\/filtro_producto?post=12526"}],"curies":[{"name":"wp","href":"https:\/\/api.w.org\/{rel}","templated":true}]}}