{"id":12518,"date":"2026-02-07T11:42:47","date_gmt":"2026-02-07T10:42:47","guid":{"rendered":"https:\/\/manosinkietas.com\/?post_type=product&#038;p=12518"},"modified":"2026-02-07T12:03:18","modified_gmt":"2026-02-07T11:03:18","slug":"cepillo-de-madera-grabado-para-bebes","status":"publish","type":"product","link":"https:\/\/manosinkietas.com\/en\/product\/cepillo-de-madera-grabado-para-bebes\/","title":{"rendered":"Cepillo de Madera Grabado para Beb\u00e9s"},"content":{"rendered":"<p>Hermoso cepillo de madera grabado para beb\u00e9s. Podemos personalizar el cepillo con el nombre de tu beb\u00e9.<\/p>\n<p>Estos bonitos cepillos son de madera de haya y cerdas muy suaves de pelo de cabra. Puedes grabar el nombre del beb\u00e9 en el cepillo de madera.<\/p>\n<p>Ideales para regalar en baby showers, nacimientos de beb\u00e9s o gender reveals.<\/p>\n<p>Medidas:<\/p>\n<p>Alto: 15cm<\/p>\n<p>Ancho: 4,2cm<\/p>\n<p>Profundidad: 3,1cm<\/p>\n<p>*****************************************<\/p>\n<p>Por favor, preg\u00fantanos si tienes alguna duda acerca de nuestros productos. Estamos felices de atenderte. Recordatorio: esta es una peque\u00f1a tienda de emprendedores y el tiempo invertido en crear nuestras piezas \u00fanicas tambi\u00e9n tiene valor. \u00bfTe gustan nuestros productos? Echa un vistazo a la tienda:<\/p>","protected":false},"excerpt":{"rendered":"<p>Hermoso cepillo de madera grabado para beb\u00e9s. Podemos personalizar el cepillo con el nombre de tu beb\u00e9.<\/p>","protected":false},"featured_media":12520,"comment_status":"open","ping_status":"closed","template":"","meta":{"_acf_changed":false},"product_brand":[],"product_cat":[250,703],"product_tag":[258,254,770,1583,1586,1585,1584,1587,1588,1589,1003,69,196,259,253,771,1001,1000],"filtro_producto":[],"class_list":{"0":"post-12518","1":"product","2":"type-product","3":"status-publish","4":"has-post-thumbnail","6":"product_cat-bebes","7":"product_cat-menaje","8":"product_tag-baby-shower","9":"product_tag-bebe","10":"product_tag-bebes","11":"product_tag-cepillo","12":"product_tag-cepillo-de-bebe","13":"product_tag-cepillo-de-cerdas-suaves","14":"product_tag-cepillo-de-madera","15":"product_tag-cepillo-para-bebe","16":"product_tag-detalle-para-bebe","17":"product_tag-detalles-para-bebes","18":"product_tag-gender-reveal","19":"product_tag-grabado-laser","20":"product_tag-madera","21":"product_tag-regalo-para-baby-shower","22":"product_tag-regalo-para-bebe","23":"product_tag-regalos-para-bebes","24":"product_tag-un-ano","25":"product_tag-un-ano-bebe","26":"product_shipping_class-cc","28":"first","29":"instock","30":"featured","31":"taxable","32":"shipping-taxable","33":"purchasable","34":"product-type-simple"},"acf":[],"aioseo_notices":[],"_links":{"self":[{"href":"https:\/\/manosinkietas.com\/en\/wp-json\/wp\/v2\/product\/12518","targetHints":{"allow":["GET"]}}],"collection":[{"href":"https:\/\/manosinkietas.com\/en\/wp-json\/wp\/v2\/product"}],"about":[{"href":"https:\/\/manosinkietas.com\/en\/wp-json\/wp\/v2\/types\/product"}],"replies":[{"embeddable":true,"href":"https:\/\/manosinkietas.com\/en\/wp-json\/wp\/v2\/comments?post=12518"}],"version-history":[{"count":1,"href":"https:\/\/manosinkietas.com\/en\/wp-json\/wp\/v2\/product\/12518\/revisions"}],"predecessor-version":[{"id":12523,"href":"https:\/\/manosinkietas.com\/en\/wp-json\/wp\/v2\/product\/12518\/revisions\/12523"}],"wp:featuredmedia":[{"embeddable":true,"href":"https:\/\/manosinkietas.com\/en\/wp-json\/wp\/v2\/media\/12520"}],"wp:attachment":[{"href":"https:\/\/manosinkietas.com\/en\/wp-json\/wp\/v2\/media?parent=12518"}],"wp:term":[{"taxonomy":"product_brand","embeddable":true,"href":"https:\/\/manosinkietas.com\/en\/wp-json\/wp\/v2\/product_brand?post=12518"},{"taxonomy":"product_cat","embeddable":true,"href":"https:\/\/manosinkietas.com\/en\/wp-json\/wp\/v2\/product_cat?post=12518"},{"taxonomy":"product_tag","embeddable":true,"href":"https:\/\/manosinkietas.com\/en\/wp-json\/wp\/v2\/product_tag?post=12518"},{"taxonomy":"filtro_producto","embeddable":true,"href":"https:\/\/manosinkietas.com\/en\/wp-json\/wp\/v2\/filtro_producto?post=12518"}],"curies":[{"name":"wp","href":"https:\/\/api.w.org\/{rel}","templated":true}]}}