{"id":12490,"date":"2026-02-05T14:30:43","date_gmt":"2026-02-05T13:30:43","guid":{"rendered":"https:\/\/manosinkietas.com\/?post_type=product&#038;p=12490"},"modified":"2026-03-31T18:39:05","modified_gmt":"2026-03-31T16:39:05","slug":"arreglo-flores-maceta-corcho-frases-san-valentin","status":"publish","type":"product","link":"https:\/\/manosinkietas.com\/en\/product\/arreglo-flores-maceta-corcho-frases-san-valentin\/","title":{"rendered":"Arreglo de Flores en Maceta de Corcho con Frases San Valent\u00edn"},"content":{"rendered":"<p><em><strong>NOTA:<\/strong> <\/em><strong>EL ARREGLO DE FLORES ES EXCLUSIVO PARA LUGO CIUDAD \/ LA MACETA SE PUEDE COMPRAR DESDE CUALQUIER LUGAR DE ESPA\u00d1A.<\/strong><\/p>\n<p>Precioso y original arreglo de flores en maceta de corcho con frases de San Valent\u00edn. Puedes personalizar este arreglo de flores ideal para regalar en San Valent\u00edn o en cualquier ocasi\u00f3n especial para tu pareja (aniversario, cumplea\u00f1os, etc.)<\/p>\n<p>Este arreglo de flores en maceta en maceta de corcho con frases San Valent\u00edn consta de 2 frases:<\/p>\n<p>Siempre juntos: con corazones de metacrilato<\/p>\n<p>Mi regalo eres t\u00fa: con coraz\u00f3n grande de metacrilato<\/p>\n<p>Medidas de la maceta de corcho:<\/p>\n<p>7.5 cm x Ancho: 7.5 cm x Alto: 10 cm<\/p>\n<p>*****************************************<\/p>\n<p>Por favor, preg\u00fantanos si tienes alguna duda acerca de nuestros productos. Estamos felices de atenderte.<\/p>\n<p>Recordatorio: esta es una peque\u00f1a tienda de emprendedores y el tiempo invertido en crear nuestras piezas \u00fanicas tambi\u00e9n tiene valor.<\/p>\n<p>\u00bfTe gustan nuestros productos? Echa un vistazo a la tienda:<\/p>","protected":false},"excerpt":{"rendered":"<p>Precioso y original arreglo de flores en maceta de corcho con frases de San Valent\u00edn. Puedes personalizar este arreglo de flores ideal para regalar en San Valent\u00edn o en cualquier ocasi\u00f3n especial para tu pareja (aniversario, cumplea\u00f1os, etc.)<\/p>","protected":false},"featured_media":12510,"comment_status":"open","ping_status":"closed","template":"","meta":{"_acf_changed":false},"product_brand":[],"product_cat":[36,702],"product_tag":[846,1578,1581,1579,49,1244,668,1230,754,602,603,987,1225,1582,1580,69,196,1555,219,72,490,239,218,1556],"filtro_producto":[],"class_list":{"0":"post-12490","1":"product","2":"type-product","3":"status-publish","4":"has-post-thumbnail","6":"product_cat-celebracion","7":"product_cat-tematico","8":"product_tag-amor","9":"product_tag-arreglo-de-flores","10":"product_tag-arreglo-de-flores-para-san-valentin","11":"product_tag-arreglo-de-flores-san-valentin","12":"product_tag-corte-laser","13":"product_tag-detalle-de-san-valentin","14":"product_tag-detalles","15":"product_tag-detalles-de-san-valentin","16":"product_tag-detalles-personalizados","17":"product_tag-dia-de-los-enamorados","18":"product_tag-dia-del-amor","19":"product_tag-dia-del-amor-y-la-amistad","20":"product_tag-enamorados","21":"product_tag-flores-para-san-valentin","22":"product_tag-flores-san-valentin","23":"product_tag-grabado-laser","24":"product_tag-madera","25":"product_tag-mi-regalo-eres-tu","26":"product_tag-regalo-de-san-valentin","27":"product_tag-regalo-personalizado","28":"product_tag-regalos-originales","29":"product_tag-regalos-personalizados","30":"product_tag-san-valentin","31":"product_tag-siempre-juntos","32":"product_shipping_class-cc","34":"first","35":"instock","36":"featured","37":"taxable","38":"shipping-taxable","39":"purchasable","40":"product-type-variable"},"acf":[],"aioseo_notices":[],"_links":{"self":[{"href":"https:\/\/manosinkietas.com\/en\/wp-json\/wp\/v2\/product\/12490","targetHints":{"allow":["GET"]}}],"collection":[{"href":"https:\/\/manosinkietas.com\/en\/wp-json\/wp\/v2\/product"}],"about":[{"href":"https:\/\/manosinkietas.com\/en\/wp-json\/wp\/v2\/types\/product"}],"replies":[{"embeddable":true,"href":"https:\/\/manosinkietas.com\/en\/wp-json\/wp\/v2\/comments?post=12490"}],"version-history":[{"count":2,"href":"https:\/\/manosinkietas.com\/en\/wp-json\/wp\/v2\/product\/12490\/revisions"}],"predecessor-version":[{"id":12515,"href":"https:\/\/manosinkietas.com\/en\/wp-json\/wp\/v2\/product\/12490\/revisions\/12515"}],"wp:featuredmedia":[{"embeddable":true,"href":"https:\/\/manosinkietas.com\/en\/wp-json\/wp\/v2\/media\/12510"}],"wp:attachment":[{"href":"https:\/\/manosinkietas.com\/en\/wp-json\/wp\/v2\/media?parent=12490"}],"wp:term":[{"taxonomy":"product_brand","embeddable":true,"href":"https:\/\/manosinkietas.com\/en\/wp-json\/wp\/v2\/product_brand?post=12490"},{"taxonomy":"product_cat","embeddable":true,"href":"https:\/\/manosinkietas.com\/en\/wp-json\/wp\/v2\/product_cat?post=12490"},{"taxonomy":"product_tag","embeddable":true,"href":"https:\/\/manosinkietas.com\/en\/wp-json\/wp\/v2\/product_tag?post=12490"},{"taxonomy":"filtro_producto","embeddable":true,"href":"https:\/\/manosinkietas.com\/en\/wp-json\/wp\/v2\/filtro_producto?post=12490"}],"curies":[{"name":"wp","href":"https:\/\/api.w.org\/{rel}","templated":true}]}}