{"id":12446,"date":"2026-01-27T14:30:36","date_gmt":"2026-01-27T13:30:36","guid":{"rendered":"https:\/\/manosinkietas.com\/?post_type=product&#038;p=12446"},"modified":"2026-01-27T14:41:49","modified_gmt":"2026-01-27T13:41:49","slug":"marco-de-fotos-con-iman-para-san-valentin","status":"publish","type":"product","link":"https:\/\/manosinkietas.com\/en\/product\/marco-de-fotos-con-iman-para-san-valentin\/","title":{"rendered":"Marco de Fotos con Im\u00e1n para San Valent\u00edn"},"content":{"rendered":"<p>Hermosos y originales marcos de fotos con im\u00e1n para San Valent\u00edn. Cada marco contiene un espacio para que coloques una foto y adem\u00e1s, se puede personalizar con el nombre de tu pareja o las iniciales de ambos.<\/p>\n<p>Estos marcos con im\u00e1n incluyen diferentes frases pero puedes a\u00f1adir la que quieras:<\/p>\n<p><strong>Aqu\u00ed empez\u00f3 todo<\/strong>, recordando la primera foto juntos<\/p>\n<p><strong>Mi regalo eres t\u00fa<\/strong><\/p>\n<p><strong>Contigo todo encaja<\/strong><\/p>\n<p>&nbsp;<\/p>\n<p>MEDIDAS DEL MARCO (ESPACIO PARA FOTO): 6 x 9cm<\/p>\n<p>MEDIDAS DE LA PIEZA ENTERA: 9 x 12,7cm<\/p>\n<p>*****************************************<\/p>\n<p>Por favor, preg\u00fantanos si tienes alguna duda acerca de nuestros productos. Estamos felices de atenderte.<\/p>\n<p>Recordatorio: esta es una peque\u00f1a tienda de emprendedores y el tiempo invertido en crear nuestras piezas \u00fanicas tambi\u00e9n tiene valor.<\/p>\n<p>\u00bfTe gustan nuestros productos? Echa un vistazo a la tienda:<\/p>","protected":false},"excerpt":{"rendered":"<p>Hermosos y originales marcos de fotos con im\u00e1n para San Valent\u00edn. Cada marco contiene un espacio para que coloques una foto y adem\u00e1s, se puede personalizar con el nombre de tu pareja o las iniciales de ambos.<\/p>","protected":false},"featured_media":12454,"comment_status":"open","ping_status":"closed","template":"","meta":{"_acf_changed":false},"product_brand":[],"product_cat":[36,703],"product_tag":[846,1575,1551,477,478,49,1244,1493,1571,1230,754,602,603,987,1225,1543,69,1043,196,1042,1039,494,1494,1555,219,72,1570,1229,218],"filtro_producto":[],"class_list":{"0":"post-12446","1":"product","2":"type-product","3":"status-publish","4":"has-post-thumbnail","6":"product_cat-celebracion","7":"product_cat-menaje","8":"product_tag-amor","9":"product_tag-aqui-empezo-todo","10":"product_tag-contigo-todo-encaja","11":"product_tag-corazon","12":"product_tag-corazones","13":"product_tag-corte-laser","14":"product_tag-detalle-de-san-valentin","15":"product_tag-detalle-personalizado","16":"product_tag-detalle-san-valentin","17":"product_tag-detalles-de-san-valentin","18":"product_tag-detalles-personalizados","19":"product_tag-dia-de-los-enamorados","20":"product_tag-dia-del-amor","21":"product_tag-dia-del-amor-y-la-amistad","22":"product_tag-enamorados","23":"product_tag-foto-san-valentin","24":"product_tag-grabado-laser","25":"product_tag-iman","26":"product_tag-madera","27":"product_tag-marco","28":"product_tag-marco-con-iman","29":"product_tag-marco-de-fotos","30":"product_tag-marco-de-madera","31":"product_tag-mi-regalo-eres-tu","32":"product_tag-regalo-de-san-valentin","33":"product_tag-regalo-personalizado","34":"product_tag-regalo-san-valentin","35":"product_tag-regalos-de-san-valentin","36":"product_tag-san-valentin","37":"product_shipping_class-cc","39":"first","40":"instock","41":"taxable","42":"shipping-taxable","43":"purchasable","44":"product-type-variable"},"acf":[],"aioseo_notices":[],"_links":{"self":[{"href":"https:\/\/manosinkietas.com\/en\/wp-json\/wp\/v2\/product\/12446","targetHints":{"allow":["GET"]}}],"collection":[{"href":"https:\/\/manosinkietas.com\/en\/wp-json\/wp\/v2\/product"}],"about":[{"href":"https:\/\/manosinkietas.com\/en\/wp-json\/wp\/v2\/types\/product"}],"replies":[{"embeddable":true,"href":"https:\/\/manosinkietas.com\/en\/wp-json\/wp\/v2\/comments?post=12446"}],"version-history":[{"count":1,"href":"https:\/\/manosinkietas.com\/en\/wp-json\/wp\/v2\/product\/12446\/revisions"}],"predecessor-version":[{"id":12459,"href":"https:\/\/manosinkietas.com\/en\/wp-json\/wp\/v2\/product\/12446\/revisions\/12459"}],"wp:featuredmedia":[{"embeddable":true,"href":"https:\/\/manosinkietas.com\/en\/wp-json\/wp\/v2\/media\/12454"}],"wp:attachment":[{"href":"https:\/\/manosinkietas.com\/en\/wp-json\/wp\/v2\/media?parent=12446"}],"wp:term":[{"taxonomy":"product_brand","embeddable":true,"href":"https:\/\/manosinkietas.com\/en\/wp-json\/wp\/v2\/product_brand?post=12446"},{"taxonomy":"product_cat","embeddable":true,"href":"https:\/\/manosinkietas.com\/en\/wp-json\/wp\/v2\/product_cat?post=12446"},{"taxonomy":"product_tag","embeddable":true,"href":"https:\/\/manosinkietas.com\/en\/wp-json\/wp\/v2\/product_tag?post=12446"},{"taxonomy":"filtro_producto","embeddable":true,"href":"https:\/\/manosinkietas.com\/en\/wp-json\/wp\/v2\/filtro_producto?post=12446"}],"curies":[{"name":"wp","href":"https:\/\/api.w.org\/{rel}","templated":true}]}}