{"id":12422,"date":"2026-01-24T07:17:30","date_gmt":"2026-01-24T06:17:30","guid":{"rendered":"https:\/\/manosinkietas.com\/?post_type=product&#038;p=12422"},"modified":"2026-03-31T19:01:07","modified_gmt":"2026-03-31T17:01:07","slug":"placa-de-madera-y-llaveros-leyenda-del-hilo-rojo-san-valentin","status":"publish","type":"product","link":"https:\/\/manosinkietas.com\/en\/product\/placa-de-madera-y-llaveros-leyenda-del-hilo-rojo-san-valentin\/","title":{"rendered":"Placa de Madera y Llaveros Leyenda del Hilo Rojo para San Valent\u00edn"},"content":{"rendered":"<p>Preciosa placa de madera y llaveros Leyenda del Hilo Rojo para San Valent\u00edn.<\/p>\n<p>Esta hermosa placa de madera y llaveros a juego es elaborada en contrachapado de 3mm y metacrilato rojo glitter.<\/p>\n<p>El texto de la placa narra la Leyenda Japonesa del Hilo Rojo:<\/p>\n<p><em>Cuenta la leyenda que un hilo rojo invisible conecta a aquellos <\/em><br \/>\n<em>que est\u00e1n destinados a encontrarse,<\/em><br \/>\n<em>no importa el tiempo, el lugar o las circunstancias.<\/em><\/p>\n<p><em>El hilo se puede enredar, estirar o contraer<\/em><br \/>\n<em>pero nunca se podr\u00e1 romper.<\/em><\/p>\n<p>A juego, la placa incluye 2 llaveros de madera con la frase Eres mi hilo rojo. Podemos personalizar los llaveros y grabar el nombre de tu pareja o las iniciales de ambos.<\/p>\n<p>Una pieza muy bonita.<\/p>\n<p>Ideales para regalar en San Valent\u00edn o para cualquier ocasi\u00f3n especial.<\/p>\n<p>Medidas aproximadas de la pieza:<\/p>\n<p>Placa de madera: 16cm x 11,5cm<\/p>\n<p>Llaveros: 5,5cm de di\u00e1metro<\/p>\n<p>&nbsp;<\/p>\n<p>*****************************************<\/p>\n<p>Por favor, preg\u00fantanos si tienes alguna duda acerca de nuestros productos. Estamos felices de atenderte. Recordatorio: esta es una peque\u00f1a tienda de emprendedores y el tiempo invertido en crear nuestras piezas \u00fanicas tambi\u00e9n tiene valor. \u00bfTe gustan nuestros productos? Echa un vistazo a la tienda:<\/p>","protected":false},"excerpt":{"rendered":"<p>Preciosa placa de madera con llaveros Leyenda del Hilo Rojo.<\/p>","protected":false},"featured_media":12431,"comment_status":"open","ping_status":"closed","template":"","meta":{"_acf_changed":false},"product_brand":[],"product_cat":[36,701],"product_tag":[1244,1230,604,602,603,987,1552,69,1567,1553,1554,1569,1349,196,1568,881,882,885,219,1229,218],"filtro_producto":[],"class_list":{"0":"post-12422","1":"product","2":"type-product","3":"status-publish","4":"has-post-thumbnail","6":"product_cat-celebracion","7":"product_cat-placas-personalizadas","8":"product_tag-detalle-de-san-valentin","9":"product_tag-detalles-de-san-valentin","10":"product_tag-dia-de-la-amistad","11":"product_tag-dia-de-los-enamorados","12":"product_tag-dia-del-amor","13":"product_tag-dia-del-amor-y-la-amistad","14":"product_tag-eres-mi-hilo-rojo","15":"product_tag-grabado-laser","16":"product_tag-la-leyenda-del-hilo-rojo","17":"product_tag-leyenda-del-hilo-rojo","18":"product_tag-leyenda-japonesa-del-hilo-rojo","19":"product_tag-llaveros-leyenda-del-hilo-rojo","20":"product_tag-llaveros-personalizados","21":"product_tag-madera","22":"product_tag-placa-leyenda-del-hilo-rojo","23":"product_tag-placas","24":"product_tag-placas-de-madera","25":"product_tag-placas-personalizadas","26":"product_tag-regalo-de-san-valentin","27":"product_tag-regalos-de-san-valentin","28":"product_tag-san-valentin","29":"product_shipping_class-cc","31":"first","32":"instock","33":"taxable","34":"shipping-taxable","35":"purchasable","36":"product-type-simple"},"acf":[],"aioseo_notices":[],"_links":{"self":[{"href":"https:\/\/manosinkietas.com\/en\/wp-json\/wp\/v2\/product\/12422","targetHints":{"allow":["GET"]}}],"collection":[{"href":"https:\/\/manosinkietas.com\/en\/wp-json\/wp\/v2\/product"}],"about":[{"href":"https:\/\/manosinkietas.com\/en\/wp-json\/wp\/v2\/types\/product"}],"replies":[{"embeddable":true,"href":"https:\/\/manosinkietas.com\/en\/wp-json\/wp\/v2\/comments?post=12422"}],"version-history":[{"count":1,"href":"https:\/\/manosinkietas.com\/en\/wp-json\/wp\/v2\/product\/12422\/revisions"}],"predecessor-version":[{"id":12432,"href":"https:\/\/manosinkietas.com\/en\/wp-json\/wp\/v2\/product\/12422\/revisions\/12432"}],"wp:featuredmedia":[{"embeddable":true,"href":"https:\/\/manosinkietas.com\/en\/wp-json\/wp\/v2\/media\/12431"}],"wp:attachment":[{"href":"https:\/\/manosinkietas.com\/en\/wp-json\/wp\/v2\/media?parent=12422"}],"wp:term":[{"taxonomy":"product_brand","embeddable":true,"href":"https:\/\/manosinkietas.com\/en\/wp-json\/wp\/v2\/product_brand?post=12422"},{"taxonomy":"product_cat","embeddable":true,"href":"https:\/\/manosinkietas.com\/en\/wp-json\/wp\/v2\/product_cat?post=12422"},{"taxonomy":"product_tag","embeddable":true,"href":"https:\/\/manosinkietas.com\/en\/wp-json\/wp\/v2\/product_tag?post=12422"},{"taxonomy":"filtro_producto","embeddable":true,"href":"https:\/\/manosinkietas.com\/en\/wp-json\/wp\/v2\/filtro_producto?post=12422"}],"curies":[{"name":"wp","href":"https:\/\/api.w.org\/{rel}","templated":true}]}}