{"id":12411,"date":"2026-01-23T18:27:24","date_gmt":"2026-01-23T17:27:24","guid":{"rendered":"https:\/\/manosinkietas.com\/?post_type=product&#038;p=12411"},"modified":"2026-03-31T19:15:18","modified_gmt":"2026-03-31T17:15:18","slug":"placa-corazon-de-madera-con-puzle","status":"publish","type":"product","link":"https:\/\/manosinkietas.com\/en\/product\/placa-corazon-de-madera-con-puzle\/","title":{"rendered":"Placa Coraz\u00f3n de Madera con Puzle"},"content":{"rendered":"<p>Preciosa placa coraz\u00f3n de madera con puzle para San Valent\u00edn.<\/p>\n<p>Estas bonitas placas coraz\u00f3n de madera son elaboradas en contrachapado de 3mm y son tintadas y pintadas a mano.<\/p>\n<p>En el centro de la placa coraz\u00f3n hay un puzle con la frase Eres la pieza que me falta. Podemos personalizar la frase y grabar el nombre de tu pareja. El puzle se levanta para revelar la frase en el interior de la placa.<\/p>\n<p>Una pieza muy bonita.<\/p>\n<p>Ideales para regalar en San Valent\u00edn o para cualquier ocasi\u00f3n especial.<\/p>\n<p>Medidas aproximadas de la pieza:<\/p>\n<p>12cm x 12cm<\/p>\n<p>&nbsp;<\/p>\n<p>*****************************************<\/p>\n<p>Por favor, preg\u00fantanos si tienes alguna duda acerca de nuestros productos. Estamos felices de atenderte. Recordatorio: esta es una peque\u00f1a tienda de emprendedores y el tiempo invertido en crear nuestras piezas \u00fanicas tambi\u00e9n tiene valor. \u00bfTe gustan nuestros productos? Echa un vistazo a la tienda:<\/p>","protected":false},"excerpt":{"rendered":"<p>Preciosa placa coraz\u00f3n de madera con puzle para San Valent\u00edn.<\/p>","protected":false},"featured_media":12419,"comment_status":"open","ping_status":"closed","template":"","meta":{"_acf_changed":false},"product_brand":[],"product_cat":[36,701],"product_tag":[1565,1563,1244,604,602,603,987,69,1562,196,1564,881,882,1134,504,219,503,218],"filtro_producto":[],"class_list":{"0":"post-12411","1":"product","2":"type-product","3":"status-publish","4":"has-post-thumbnail","6":"product_cat-celebracion","7":"product_cat-placas-personalizadas","8":"product_tag-corazon-con-puzle","9":"product_tag-corazon-de-madera-con-puzle","10":"product_tag-detalle-de-san-valentin","11":"product_tag-dia-de-la-amistad","12":"product_tag-dia-de-los-enamorados","13":"product_tag-dia-del-amor","14":"product_tag-dia-del-amor-y-la-amistad","15":"product_tag-grabado-laser","16":"product_tag-placa-corazon-de-madera-con-puzle","17":"product_tag-madera","18":"product_tag-placa-corazon","19":"product_tag-placas","20":"product_tag-placas-de-madera","21":"product_tag-puzle","22":"product_tag-puzzle","23":"product_tag-regalo-de-san-valentin","24":"product_tag-rompecabezas","25":"product_tag-san-valentin","26":"product_shipping_class-cc","28":"first","29":"instock","30":"taxable","31":"shipping-taxable","32":"purchasable","33":"product-type-simple"},"acf":[],"aioseo_notices":[],"_links":{"self":[{"href":"https:\/\/manosinkietas.com\/en\/wp-json\/wp\/v2\/product\/12411","targetHints":{"allow":["GET"]}}],"collection":[{"href":"https:\/\/manosinkietas.com\/en\/wp-json\/wp\/v2\/product"}],"about":[{"href":"https:\/\/manosinkietas.com\/en\/wp-json\/wp\/v2\/types\/product"}],"replies":[{"embeddable":true,"href":"https:\/\/manosinkietas.com\/en\/wp-json\/wp\/v2\/comments?post=12411"}],"version-history":[{"count":1,"href":"https:\/\/manosinkietas.com\/en\/wp-json\/wp\/v2\/product\/12411\/revisions"}],"predecessor-version":[{"id":12420,"href":"https:\/\/manosinkietas.com\/en\/wp-json\/wp\/v2\/product\/12411\/revisions\/12420"}],"wp:featuredmedia":[{"embeddable":true,"href":"https:\/\/manosinkietas.com\/en\/wp-json\/wp\/v2\/media\/12419"}],"wp:attachment":[{"href":"https:\/\/manosinkietas.com\/en\/wp-json\/wp\/v2\/media?parent=12411"}],"wp:term":[{"taxonomy":"product_brand","embeddable":true,"href":"https:\/\/manosinkietas.com\/en\/wp-json\/wp\/v2\/product_brand?post=12411"},{"taxonomy":"product_cat","embeddable":true,"href":"https:\/\/manosinkietas.com\/en\/wp-json\/wp\/v2\/product_cat?post=12411"},{"taxonomy":"product_tag","embeddable":true,"href":"https:\/\/manosinkietas.com\/en\/wp-json\/wp\/v2\/product_tag?post=12411"},{"taxonomy":"filtro_producto","embeddable":true,"href":"https:\/\/manosinkietas.com\/en\/wp-json\/wp\/v2\/filtro_producto?post=12411"}],"curies":[{"name":"wp","href":"https:\/\/api.w.org\/{rel}","templated":true}]}}