{"id":12338,"date":"2025-12-30T07:29:42","date_gmt":"2025-12-30T06:29:42","guid":{"rendered":"https:\/\/manosinkietas.com\/?post_type=product&#038;p=12338"},"modified":"2025-12-30T07:39:12","modified_gmt":"2025-12-30T06:39:12","slug":"base-de-madera-uvas-de-la-suerte","status":"publish","type":"product","link":"https:\/\/manosinkietas.com\/en\/product\/base-de-madera-uvas-de-la-suerte\/","title":{"rendered":"Base de Madera para Uvas de la Suerte"},"content":{"rendered":"<p>Hermosa base de madera para Uvas de la suerte. Cada base de madera para uvas de la suerte se puede personalizar en grabado especial en la hojita de metacrilato. Un detalle perfecto para regalar en Fin de A\u00f1o. La base tiene espacio para 12 uvas de la suerte que se comen en las campanadas de fin de a\u00f1o.<\/p>\n<p>Medidas:<\/p>\n<p>Ancho: 8cm<\/p>\n<p>Alto: 14cm<\/p>\n<p>*****************************************<\/p>\n<p>Por favor, preg\u00fantanos si tienes alguna duda acerca de nuestros productos. Estamos felices de atenderte.<\/p>\n<p>Recordatorio: esta es una peque\u00f1a tienda de emprendedores y el tiempo invertido en crear nuestras piezas \u00fanicas tambi\u00e9n tiene valor.<\/p>\n<p>\u00bfTe gustan nuestros productos? Echa un vistazo a la tienda:<\/p>","protected":false},"excerpt":{"rendered":"<p>Hermosa base de madera para Uvas de la suerte. Cada base de madera para uvas de la suerte se puede personalizar en grabado especial en la hojita de metacrilato.<\/p>","protected":false},"featured_media":12344,"comment_status":"open","ping_status":"closed","template":"","meta":{"_acf_changed":false},"product_brand":[],"product_cat":[56,707],"product_tag":[1529,450,49,198,1428,1530,1532,1531,69,155,156,640,772,1533,1528],"filtro_producto":[],"class_list":{"0":"post-12338","1":"product","2":"type-product","3":"status-publish","4":"has-post-thumbnail","6":"product_cat-navidad-y-ano-nuevo","7":"product_cat-placas-personalizadas-de-navidad","8":"product_tag-12-uvas-de-la-suerte","9":"product_tag-ano-nuevo","10":"product_tag-corte-laser","11":"product_tag-decoracion","12":"product_tag-decoracion-navidena","13":"product_tag-doce-uvas-de-la-suerte","14":"product_tag-feliz-ano-nuevo","15":"product_tag-fin-de-ano","16":"product_tag-grabado-laser","17":"product_tag-navidad","18":"product_tag-regalo-de-navidad","19":"product_tag-regalo-navideno","20":"product_tag-regalos-de-navidad","21":"product_tag-ritual-de-fin-de-ano","22":"product_tag-uvas-de-la-suerte","23":"product_shipping_class-cc","25":"first","26":"instock","27":"featured","28":"taxable","29":"shipping-taxable","30":"purchasable","31":"product-type-simple"},"acf":[],"aioseo_notices":[],"_links":{"self":[{"href":"https:\/\/manosinkietas.com\/en\/wp-json\/wp\/v2\/product\/12338","targetHints":{"allow":["GET"]}}],"collection":[{"href":"https:\/\/manosinkietas.com\/en\/wp-json\/wp\/v2\/product"}],"about":[{"href":"https:\/\/manosinkietas.com\/en\/wp-json\/wp\/v2\/types\/product"}],"replies":[{"embeddable":true,"href":"https:\/\/manosinkietas.com\/en\/wp-json\/wp\/v2\/comments?post=12338"}],"version-history":[{"count":2,"href":"https:\/\/manosinkietas.com\/en\/wp-json\/wp\/v2\/product\/12338\/revisions"}],"predecessor-version":[{"id":12347,"href":"https:\/\/manosinkietas.com\/en\/wp-json\/wp\/v2\/product\/12338\/revisions\/12347"}],"wp:featuredmedia":[{"embeddable":true,"href":"https:\/\/manosinkietas.com\/en\/wp-json\/wp\/v2\/media\/12344"}],"wp:attachment":[{"href":"https:\/\/manosinkietas.com\/en\/wp-json\/wp\/v2\/media?parent=12338"}],"wp:term":[{"taxonomy":"product_brand","embeddable":true,"href":"https:\/\/manosinkietas.com\/en\/wp-json\/wp\/v2\/product_brand?post=12338"},{"taxonomy":"product_cat","embeddable":true,"href":"https:\/\/manosinkietas.com\/en\/wp-json\/wp\/v2\/product_cat?post=12338"},{"taxonomy":"product_tag","embeddable":true,"href":"https:\/\/manosinkietas.com\/en\/wp-json\/wp\/v2\/product_tag?post=12338"},{"taxonomy":"filtro_producto","embeddable":true,"href":"https:\/\/manosinkietas.com\/en\/wp-json\/wp\/v2\/filtro_producto?post=12338"}],"curies":[{"name":"wp","href":"https:\/\/api.w.org\/{rel}","templated":true}]}}