{"id":12286,"date":"2025-11-30T11:46:16","date_gmt":"2025-11-30T10:46:16","guid":{"rendered":"https:\/\/manosinkietas.com\/?post_type=product&#038;p=12286"},"modified":"2025-12-03T14:39:20","modified_gmt":"2025-12-03T13:39:20","slug":"familia-renos-madera-para-personalizar","status":"publish","type":"product","link":"https:\/\/manosinkietas.com\/en\/product\/familia-renos-madera-para-personalizar\/","title":{"rendered":"Familia de Renos Navide\u00f1os de Madera para Personalizar"},"content":{"rendered":"<p>Espectacular familia de renos navide\u00f1os de madera para personalizar.<\/p>\n<p>Estos lindos renos son de madera contrachapado 3mm, nariz en metacrilato rojo y complementos (pajaritas para los chicos y lacitos para las chicas) en metacrilato de colores a elegir. Se puede personalizar con el nombre de los miembros de la familia. Los renos est\u00e1n de pie.<\/p>\n<p>Medidas:<\/p>\n<p>Reno grande 15cm alto<\/p>\n<p>Reno peque\u00f1o 12cm alto<\/p>\n<p>*****************************************<\/p>\n<p>Por favor, preg\u00fantanos si tienes alguna duda acerca de nuestros productos. Estamos felices de atenderte. Recordatorio: esta es una peque\u00f1a tienda de emprendedores y el tiempo invertido en crear nuestras piezas \u00fanicas tambi\u00e9n tiene valor. \u00bfTe gustan nuestros productos? Echa un vistazo a la tienda:<\/p>","protected":false},"excerpt":{"rendered":"<p>Espectacular familia de renos navide\u00f1os de madera para personalizar.<\/p>","protected":false},"featured_media":12292,"comment_status":"open","ping_status":"closed","template":"","meta":{"_acf_changed":false},"product_brand":[],"product_cat":[704,56],"product_tag":[49,1175,1442,1443,668,1162,1448,754,911,1515,69,1136,854,196,156,640,72,270,772,1479,490,1512,1513,1511,1514,833,778,832,779],"filtro_producto":[],"class_list":{"0":"post-12286","1":"product","2":"type-product","3":"status-publish","4":"has-post-thumbnail","6":"product_cat-adornos-de-navidad","7":"product_cat-navidad-y-ano-nuevo","8":"product_tag-corte-laser","9":"product_tag-detalle","10":"product_tag-detalle-de-navidad","11":"product_tag-detalle-navideno","12":"product_tag-detalles","13":"product_tag-detalles-de-navidad","14":"product_tag-detalles-navidenos","15":"product_tag-detalles-personalizados","16":"product_tag-familia","17":"product_tag-familia-de-renos","18":"product_tag-grabado-laser","19":"product_tag-hijas","20":"product_tag-hijos","21":"product_tag-madera","22":"product_tag-regalo-de-navidad","23":"product_tag-regalo-navideno","24":"product_tag-regalo-personalizado","25":"product_tag-regalos","26":"product_tag-regalos-de-navidad","27":"product_tag-regalos-navidenos","28":"product_tag-regalos-originales","29":"product_tag-reno","30":"product_tag-reno-navideno","31":"product_tag-renos","32":"product_tag-renos-navidenos","33":"product_tag-rodolfo","34":"product_tag-rodolfo-el-reno","35":"product_tag-rudolph","36":"product_tag-rudolph-el-reno","37":"product_shipping_class-cc","39":"first","40":"instock","41":"taxable","42":"shipping-taxable","43":"purchasable","44":"product-type-variable"},"acf":[],"aioseo_notices":[],"_links":{"self":[{"href":"https:\/\/manosinkietas.com\/en\/wp-json\/wp\/v2\/product\/12286","targetHints":{"allow":["GET"]}}],"collection":[{"href":"https:\/\/manosinkietas.com\/en\/wp-json\/wp\/v2\/product"}],"about":[{"href":"https:\/\/manosinkietas.com\/en\/wp-json\/wp\/v2\/types\/product"}],"replies":[{"embeddable":true,"href":"https:\/\/manosinkietas.com\/en\/wp-json\/wp\/v2\/comments?post=12286"}],"version-history":[{"count":1,"href":"https:\/\/manosinkietas.com\/en\/wp-json\/wp\/v2\/product\/12286\/revisions"}],"predecessor-version":[{"id":12298,"href":"https:\/\/manosinkietas.com\/en\/wp-json\/wp\/v2\/product\/12286\/revisions\/12298"}],"wp:featuredmedia":[{"embeddable":true,"href":"https:\/\/manosinkietas.com\/en\/wp-json\/wp\/v2\/media\/12292"}],"wp:attachment":[{"href":"https:\/\/manosinkietas.com\/en\/wp-json\/wp\/v2\/media?parent=12286"}],"wp:term":[{"taxonomy":"product_brand","embeddable":true,"href":"https:\/\/manosinkietas.com\/en\/wp-json\/wp\/v2\/product_brand?post=12286"},{"taxonomy":"product_cat","embeddable":true,"href":"https:\/\/manosinkietas.com\/en\/wp-json\/wp\/v2\/product_cat?post=12286"},{"taxonomy":"product_tag","embeddable":true,"href":"https:\/\/manosinkietas.com\/en\/wp-json\/wp\/v2\/product_tag?post=12286"},{"taxonomy":"filtro_producto","embeddable":true,"href":"https:\/\/manosinkietas.com\/en\/wp-json\/wp\/v2\/filtro_producto?post=12286"}],"curies":[{"name":"wp","href":"https:\/\/api.w.org\/{rel}","templated":true}]}}