{"id":12255,"date":"2025-11-27T12:01:21","date_gmt":"2025-11-27T11:01:21","guid":{"rendered":"https:\/\/manosinkietas.com\/?post_type=product&#038;p=12255"},"modified":"2026-03-31T19:21:46","modified_gmt":"2026-03-31T17:21:46","slug":"base-de-bambu-para-incienso-con-mensaje-navidad","status":"publish","type":"product","link":"https:\/\/manosinkietas.com\/en\/product\/base-de-bambu-para-incienso-con-mensaje-navidad\/","title":{"rendered":"Base de Bamb\u00fa para Incienso con Mensaje de Navidad"},"content":{"rendered":"<p>Hermosa base de bamb\u00fa para incienso con mensaje de Navidad. Cada base para incienso tiene un mensaje grabado: &#8220;Navidad en el aire&#8221; y se puede personalizar. Un detalle perfecto para regalar en Navidad, para los m\u00e1s m\u00edsticos. La base tiene un agujero para sujetar el incienso.<\/p>\n<p>Medidas:<\/p>\n<p>Ancho: 22,5cm<\/p>\n<p>Alto: 1cm<\/p>\n<p>Profundidad: 2,10cm<\/p>\n<p>*****************************************<\/p>\n<p>Por favor, preg\u00fantanos si tienes alguna duda acerca de nuestros productos. Estamos felices de atenderte.<\/p>\n<p>Recordatorio: esta es una peque\u00f1a tienda de emprendedores y el tiempo invertido en crear nuestras piezas \u00fanicas tambi\u00e9n tiene valor.<\/p>\n<p>\u00bfTe gustan nuestros productos? Echa un vistazo a la tienda:<\/p>","protected":false},"excerpt":{"rendered":"<p>Hermosa base de bamb\u00fa para incienso con mensaje de Navidad. Cada base para incienso tiene un mensaje grabado: &#8220;Navidad en el aire&#8221; y se puede personalizar.<\/p>","protected":false},"featured_media":12256,"comment_status":"open","ping_status":"closed","template":"","meta":{"_acf_changed":false},"product_brand":[],"product_cat":[708,56],"product_tag":[1501,1502,1507,49,198,1428,69,1506,155,1505,1504,156,640,772,1503],"filtro_producto":[],"class_list":{"0":"post-12255","1":"product","2":"type-product","3":"status-publish","4":"has-post-thumbnail","6":"product_cat-menaje-de-navidad","7":"product_cat-navidad-y-ano-nuevo","8":"product_tag-base-de-bambu","9":"product_tag-base-de-bambu-para-incienso","10":"product_tag-base-de-bambu-para-incienso-con-mensaje-de-navidad","11":"product_tag-corte-laser","12":"product_tag-decoracion","13":"product_tag-decoracion-navidena","14":"product_tag-grabado-laser","15":"product_tag-incienso","16":"product_tag-navidad","17":"product_tag-porta-incienso","18":"product_tag-quemador-de-incienso","19":"product_tag-regalo-de-navidad","20":"product_tag-regalo-navideno","21":"product_tag-regalos-de-navidad","22":"product_tag-soporte-para-varillas-de-incienso","23":"product_shipping_class-cc","25":"first","26":"instock","27":"featured","28":"taxable","29":"shipping-taxable","30":"purchasable","31":"product-type-simple"},"acf":[],"aioseo_notices":[],"_links":{"self":[{"href":"https:\/\/manosinkietas.com\/en\/wp-json\/wp\/v2\/product\/12255","targetHints":{"allow":["GET"]}}],"collection":[{"href":"https:\/\/manosinkietas.com\/en\/wp-json\/wp\/v2\/product"}],"about":[{"href":"https:\/\/manosinkietas.com\/en\/wp-json\/wp\/v2\/types\/product"}],"replies":[{"embeddable":true,"href":"https:\/\/manosinkietas.com\/en\/wp-json\/wp\/v2\/comments?post=12255"}],"version-history":[{"count":2,"href":"https:\/\/manosinkietas.com\/en\/wp-json\/wp\/v2\/product\/12255\/revisions"}],"predecessor-version":[{"id":12262,"href":"https:\/\/manosinkietas.com\/en\/wp-json\/wp\/v2\/product\/12255\/revisions\/12262"}],"wp:featuredmedia":[{"embeddable":true,"href":"https:\/\/manosinkietas.com\/en\/wp-json\/wp\/v2\/media\/12256"}],"wp:attachment":[{"href":"https:\/\/manosinkietas.com\/en\/wp-json\/wp\/v2\/media?parent=12255"}],"wp:term":[{"taxonomy":"product_brand","embeddable":true,"href":"https:\/\/manosinkietas.com\/en\/wp-json\/wp\/v2\/product_brand?post=12255"},{"taxonomy":"product_cat","embeddable":true,"href":"https:\/\/manosinkietas.com\/en\/wp-json\/wp\/v2\/product_cat?post=12255"},{"taxonomy":"product_tag","embeddable":true,"href":"https:\/\/manosinkietas.com\/en\/wp-json\/wp\/v2\/product_tag?post=12255"},{"taxonomy":"filtro_producto","embeddable":true,"href":"https:\/\/manosinkietas.com\/en\/wp-json\/wp\/v2\/filtro_producto?post=12255"}],"curies":[{"name":"wp","href":"https:\/\/api.w.org\/{rel}","templated":true}]}}