{"id":12224,"date":"2025-11-26T18:28:01","date_gmt":"2025-11-26T17:28:01","guid":{"rendered":"https:\/\/manosinkietas.com\/?post_type=product&#038;p=12224"},"modified":"2025-12-08T17:26:06","modified_gmt":"2025-12-08T16:26:06","slug":"nacimiento-redondo-con-base-de-madera","status":"publish","type":"product","link":"https:\/\/manosinkietas.com\/en\/product\/nacimiento-redondo-con-base-de-madera\/","title":{"rendered":"Nacimiento Redondo con Base de Madera"},"content":{"rendered":"<p>Precioso Nacimiento Redondo con Base de Madera a corte l\u00e1ser. Este hermoso nacimiento es perfecto para decorar tu hogar u oficina en \u00e9poca navide\u00f1a o para hacer un regalo original. El nacimiento es de madera contrachapado 3mm y la ilustraci\u00f3n es de MDF. Tiene unas estrellas grabadas a l\u00e1ser. La base de madera puede ser personalizada con el grabado que desees.<\/p>\n<p>Medidas:<\/p>\n<p>Alto: 2cm<\/p>\n<p>Ancho: 10cm<\/p>\n<p>Profundidad: 2,9cm<\/p>\n<p>Ancho del redondo de madera: 13cm<\/p>\n<p>*****************************************<\/p>\n<p>Por favor, preg\u00fantanos si tienes alguna duda acerca de nuestros productos. Estamos felices de atenderte.<\/p>\n<p>Recordatorio: esta es una peque\u00f1a tienda de emprendedores y el tiempo invertido en crear nuestras piezas \u00fanicas tambi\u00e9n tiene valor.<\/p>\n<p>\u00bfTe gustan nuestros productos? Echa un vistazo a la tienda:<\/p>","protected":false},"excerpt":{"rendered":"<p>Precioso Nacimiento Redondo con Base de Madera a corte l\u00e1ser. Este hermoso nacimiento es perfecto para decorar tu hogar u oficina en \u00e9poca navide\u00f1a o para hacer un regalo original.<\/p>","protected":false},"featured_media":12232,"comment_status":"open","ping_status":"closed","template":"","meta":{"_acf_changed":false},"product_brand":[],"product_cat":[705,56],"product_tag":[166,161,165,49,668,69,163,1490,162,160,164,155,156,640,270,772,1479],"filtro_producto":[],"class_list":{"0":"post-12224","1":"product","2":"type-product","3":"status-publish","4":"has-post-thumbnail","6":"product_cat-nacimientos-y-belenes","7":"product_cat-navidad-y-ano-nuevo","8":"product_tag-adorno-de-navidad","9":"product_tag-belen","10":"product_tag-belen-de-madera","11":"product_tag-corte-laser","12":"product_tag-detalles","13":"product_tag-grabado-laser","14":"product_tag-misterio","15":"product_tag-misterio-de-madera","16":"product_tag-misterio-de-navidad","17":"product_tag-nacimiento","18":"product_tag-nacimiento-de-madera","19":"product_tag-navidad","20":"product_tag-regalo-de-navidad","21":"product_tag-regalo-navideno","22":"product_tag-regalos","23":"product_tag-regalos-de-navidad","24":"product_tag-regalos-navidenos","25":"product_shipping_class-cc","27":"first","28":"instock","29":"taxable","30":"shipping-taxable","31":"purchasable","32":"product-type-simple"},"acf":[],"aioseo_notices":[],"_links":{"self":[{"href":"https:\/\/manosinkietas.com\/en\/wp-json\/wp\/v2\/product\/12224","targetHints":{"allow":["GET"]}}],"collection":[{"href":"https:\/\/manosinkietas.com\/en\/wp-json\/wp\/v2\/product"}],"about":[{"href":"https:\/\/manosinkietas.com\/en\/wp-json\/wp\/v2\/types\/product"}],"replies":[{"embeddable":true,"href":"https:\/\/manosinkietas.com\/en\/wp-json\/wp\/v2\/comments?post=12224"}],"version-history":[{"count":1,"href":"https:\/\/manosinkietas.com\/en\/wp-json\/wp\/v2\/product\/12224\/revisions"}],"predecessor-version":[{"id":12233,"href":"https:\/\/manosinkietas.com\/en\/wp-json\/wp\/v2\/product\/12224\/revisions\/12233"}],"wp:featuredmedia":[{"embeddable":true,"href":"https:\/\/manosinkietas.com\/en\/wp-json\/wp\/v2\/media\/12232"}],"wp:attachment":[{"href":"https:\/\/manosinkietas.com\/en\/wp-json\/wp\/v2\/media?parent=12224"}],"wp:term":[{"taxonomy":"product_brand","embeddable":true,"href":"https:\/\/manosinkietas.com\/en\/wp-json\/wp\/v2\/product_brand?post=12224"},{"taxonomy":"product_cat","embeddable":true,"href":"https:\/\/manosinkietas.com\/en\/wp-json\/wp\/v2\/product_cat?post=12224"},{"taxonomy":"product_tag","embeddable":true,"href":"https:\/\/manosinkietas.com\/en\/wp-json\/wp\/v2\/product_tag?post=12224"},{"taxonomy":"filtro_producto","embeddable":true,"href":"https:\/\/manosinkietas.com\/en\/wp-json\/wp\/v2\/filtro_producto?post=12224"}],"curies":[{"name":"wp","href":"https:\/\/api.w.org\/{rel}","templated":true}]}}