{"id":12213,"date":"2025-11-23T12:27:03","date_gmt":"2025-11-23T11:27:03","guid":{"rendered":"https:\/\/manosinkietas.com\/?post_type=product&#038;p=12213"},"modified":"2026-03-31T18:40:12","modified_gmt":"2026-03-31T16:40:12","slug":"bote-de-galletas-gominolas-chocolates-dulces-navidad","status":"publish","type":"product","link":"https:\/\/manosinkietas.com\/en\/product\/bote-de-galletas-gominolas-chocolates-dulces-navidad\/","title":{"rendered":"Bote de Galletas, Gominolas, Chocolates y Dulces para Navidad"},"content":{"rendered":"<p>Divertido y original bote de Galletas, Gominolas, Chocolates y Dulces para Navidad. El bote o tarro es de cristal y la tapa es de bamb\u00fa.<\/p>\n<p>Tambi\u00e9n podemos personalizar el bote o tarro con vinilo de color oro o plata (si deseas otro color, cons\u00faltanos previamente). Tienes 3 modelos a elegir: Elfo, Gominolas Huevo Frito y Galletas. Un detalle de Navidad jocoso y divertido para regalar.<\/p>\n<p>Medidas del tarro:<\/p>\n<p>ALTO: 10,5cm<br \/>\nDI\u00c1METRO: 10,3cm<\/p>\n<p>TIEMPO DE ELABORACI\u00d3N: 8 a 10 d\u00edas laborables, dependiendo de la \u00e9poca. Por favor, consultar.<\/p>\n<p>*****************************************<\/p>\n<p>Por favor, preg\u00fantanos si tienes alguna duda acerca de nuestros productos. Estamos felices de atenderte.<\/p>\n<p>Recordatorio: esta es una peque\u00f1a tienda de emprendedores y el tiempo invertido en crear nuestras piezas \u00fanicas tambi\u00e9n tiene valor.<\/p>\n<p>\u00bfTe gustan nuestros productos? Echa un vistazo a la tienda:<\/p>","protected":false},"excerpt":{"rendered":"<p>Divertido y original bote de Galletas, Gominolas, Chocolates y Dulces para Navidad. El bote o tarro es de cristal y la tapa es de bamb\u00fa.<\/p>","protected":false},"featured_media":12219,"comment_status":"open","ping_status":"closed","template":"","meta":{"_acf_changed":false},"product_brand":[],"product_cat":[708,56],"product_tag":[1361,1369,1482,1365,1483,1480,1481,1489,49,1442,1162,1448,1430,1432,954,1485,1484,69,451,156,640,270,772,1479,1363,1376,1487,1488,1486,1368,1375],"filtro_producto":[],"class_list":{"0":"post-12213","1":"product","2":"type-product","3":"status-publish","4":"has-post-thumbnail","6":"product_cat-menaje-de-navidad","7":"product_cat-navidad-y-ano-nuevo","8":"product_tag-bote","9":"product_tag-bote-con-vinilo","10":"product_tag-bote-de-chocolates","11":"product_tag-bote-de-cristal","12":"product_tag-bote-de-dulces-de-navidad","13":"product_tag-bote-de-galletas","14":"product_tag-bote-de-gominolas","15":"product_tag-bote-navideno","16":"product_tag-corte-laser","17":"product_tag-detalle-de-navidad","18":"product_tag-detalles-de-navidad","19":"product_tag-detalles-navidenos","20":"product_tag-elfo","21":"product_tag-elfo-travieso","22":"product_tag-galletas-de-navidad","23":"product_tag-galletas-navidenas","24":"product_tag-gominolas-huevo-frito","25":"product_tag-grabado-laser","26":"product_tag-regalo","27":"product_tag-regalo-de-navidad","28":"product_tag-regalo-navideno","29":"product_tag-regalos","30":"product_tag-regalos-de-navidad","31":"product_tag-regalos-navidenos","32":"product_tag-tarro","33":"product_tag-tarro-con-vinilo","34":"product_tag-tarro-de-navidad","35":"product_tag-tarro-navideno","36":"product_tag-tarro-personalizado","37":"product_tag-vinilo","38":"product_tag-vinilo-personalizado","39":"product_shipping_class-cc","41":"first","42":"instock","43":"featured","44":"taxable","45":"shipping-taxable","46":"purchasable","47":"product-type-variable"},"acf":[],"aioseo_notices":[],"_links":{"self":[{"href":"https:\/\/manosinkietas.com\/en\/wp-json\/wp\/v2\/product\/12213","targetHints":{"allow":["GET"]}}],"collection":[{"href":"https:\/\/manosinkietas.com\/en\/wp-json\/wp\/v2\/product"}],"about":[{"href":"https:\/\/manosinkietas.com\/en\/wp-json\/wp\/v2\/types\/product"}],"replies":[{"embeddable":true,"href":"https:\/\/manosinkietas.com\/en\/wp-json\/wp\/v2\/comments?post=12213"}],"version-history":[{"count":2,"href":"https:\/\/manosinkietas.com\/en\/wp-json\/wp\/v2\/product\/12213\/revisions"}],"predecessor-version":[{"id":12223,"href":"https:\/\/manosinkietas.com\/en\/wp-json\/wp\/v2\/product\/12213\/revisions\/12223"}],"wp:featuredmedia":[{"embeddable":true,"href":"https:\/\/manosinkietas.com\/en\/wp-json\/wp\/v2\/media\/12219"}],"wp:attachment":[{"href":"https:\/\/manosinkietas.com\/en\/wp-json\/wp\/v2\/media?parent=12213"}],"wp:term":[{"taxonomy":"product_brand","embeddable":true,"href":"https:\/\/manosinkietas.com\/en\/wp-json\/wp\/v2\/product_brand?post=12213"},{"taxonomy":"product_cat","embeddable":true,"href":"https:\/\/manosinkietas.com\/en\/wp-json\/wp\/v2\/product_cat?post=12213"},{"taxonomy":"product_tag","embeddable":true,"href":"https:\/\/manosinkietas.com\/en\/wp-json\/wp\/v2\/product_tag?post=12213"},{"taxonomy":"filtro_producto","embeddable":true,"href":"https:\/\/manosinkietas.com\/en\/wp-json\/wp\/v2\/filtro_producto?post=12213"}],"curies":[{"name":"wp","href":"https:\/\/api.w.org\/{rel}","templated":true}]}}