{"id":12205,"date":"2025-11-23T11:51:23","date_gmt":"2025-11-23T10:51:23","guid":{"rendered":"https:\/\/manosinkietas.com\/?post_type=product&#038;p=12205"},"modified":"2025-12-03T14:39:21","modified_gmt":"2025-12-03T13:39:21","slug":"cajas-de-vino-para-navidad","status":"publish","type":"product","link":"https:\/\/manosinkietas.com\/en\/product\/cajas-de-vino-para-navidad\/","title":{"rendered":"Cajas de Vino para Navidad"},"content":{"rendered":"<p>Originales cajas de vino para Navidad con mensajes navide\u00f1os.<\/p>\n<p>Podemos personalizar las cajas con el nombre que desees. Ideales para regalar en Navidad, Fin de A\u00f1o o Reyes.<\/p>\n<p>Medidas: 10 x 35 x 10 cm.<\/p>\n<p>Tiempo de preparaci\u00f3n: 8 a 10 d\u00edas laborables<\/p>\n<p>*****************************************<\/p>\n<p>Por favor, preg\u00fantanos si tienes alguna duda acerca de nuestros productos. Estamos felices de atenderte.<\/p>\n<p>Recordatorio: esta es una peque\u00f1a tienda de emprendedores y el tiempo invertido en crear nuestras piezas \u00fanicas tambi\u00e9n tiene valor.<\/p>\n<p>\u00bfTe gustan nuestros productos? Echa un vistazo a la tienda:<\/p>","protected":false},"excerpt":{"rendered":"<p>Originales cajas de vino para Navidad con mensajes navide\u00f1os.<\/p>","protected":false},"featured_media":12206,"comment_status":"open","ping_status":"closed","template":"","meta":{"_acf_changed":false},"product_brand":[],"product_cat":[708,56],"product_tag":[454,1102,234,1474,1477,1475,1476,1478,796,1098,1099,49,1442,69,196,1101,156,640,1479,1100],"filtro_producto":[],"class_list":{"0":"post-12205","1":"product","2":"type-product","3":"status-publish","4":"has-post-thumbnail","6":"product_cat-menaje-de-navidad","7":"product_cat-navidad-y-ano-nuevo","8":"product_tag-amante-del-vino","9":"product_tag-botellas-de-vino","10":"product_tag-botellero","11":"product_tag-botellero-de-navidad","12":"product_tag-caja-de-botella","13":"product_tag-caja-de-botella-para-navidad","14":"product_tag-caja-de-vino-para-navidad","15":"product_tag-cajas-de-botellas","16":"product_tag-cajas-de-regalo","17":"product_tag-cajas-para-vino","18":"product_tag-cajas-personalizadas","19":"product_tag-corte-laser","20":"product_tag-detalle-de-navidad","21":"product_tag-grabado-laser","22":"product_tag-madera","23":"product_tag-porta-botellas","24":"product_tag-regalo-de-navidad","25":"product_tag-regalo-navideno","26":"product_tag-regalos-navidenos","27":"product_tag-vino","28":"product_shipping_class-cc","30":"first","31":"instock","32":"taxable","33":"shipping-taxable","34":"purchasable","35":"product-type-simple"},"acf":[],"aioseo_notices":[],"_links":{"self":[{"href":"https:\/\/manosinkietas.com\/en\/wp-json\/wp\/v2\/product\/12205","targetHints":{"allow":["GET"]}}],"collection":[{"href":"https:\/\/manosinkietas.com\/en\/wp-json\/wp\/v2\/product"}],"about":[{"href":"https:\/\/manosinkietas.com\/en\/wp-json\/wp\/v2\/types\/product"}],"replies":[{"embeddable":true,"href":"https:\/\/manosinkietas.com\/en\/wp-json\/wp\/v2\/comments?post=12205"}],"version-history":[{"count":1,"href":"https:\/\/manosinkietas.com\/en\/wp-json\/wp\/v2\/product\/12205\/revisions"}],"predecessor-version":[{"id":12209,"href":"https:\/\/manosinkietas.com\/en\/wp-json\/wp\/v2\/product\/12205\/revisions\/12209"}],"wp:featuredmedia":[{"embeddable":true,"href":"https:\/\/manosinkietas.com\/en\/wp-json\/wp\/v2\/media\/12206"}],"wp:attachment":[{"href":"https:\/\/manosinkietas.com\/en\/wp-json\/wp\/v2\/media?parent=12205"}],"wp:term":[{"taxonomy":"product_brand","embeddable":true,"href":"https:\/\/manosinkietas.com\/en\/wp-json\/wp\/v2\/product_brand?post=12205"},{"taxonomy":"product_cat","embeddable":true,"href":"https:\/\/manosinkietas.com\/en\/wp-json\/wp\/v2\/product_cat?post=12205"},{"taxonomy":"product_tag","embeddable":true,"href":"https:\/\/manosinkietas.com\/en\/wp-json\/wp\/v2\/product_tag?post=12205"},{"taxonomy":"filtro_producto","embeddable":true,"href":"https:\/\/manosinkietas.com\/en\/wp-json\/wp\/v2\/filtro_producto?post=12205"}],"curies":[{"name":"wp","href":"https:\/\/api.w.org\/{rel}","templated":true}]}}