{"id":12170,"date":"2025-11-22T10:39:14","date_gmt":"2025-11-22T09:39:14","guid":{"rendered":"https:\/\/manosinkietas.com\/?post_type=product&#038;p=12170"},"modified":"2025-12-08T17:26:42","modified_gmt":"2025-12-08T16:26:42","slug":"puertas-de-navidad-para-elfos","status":"publish","type":"product","link":"https:\/\/manosinkietas.com\/en\/product\/puertas-de-navidad-para-elfos\/","title":{"rendered":"Puerta de Navidad para Elfos"},"content":{"rendered":"<p>Originales puertas de Navidad para Elfos. Cada puerta de navidad para elfos es perfecta para decorar la habitaci\u00f3n de los m\u00e1s peque\u00f1os y ha sido elaborada en metacrilato rojo.<\/p>\n<p>Las puertas\u00a0 de navidad vienen decoradas con un picaporte y una corona de Navidad. Puedes utilizar la puerta de Navidad con la llegada del Elfo.<\/p>\n<p>Medidas:<\/p>\n<p>Alto: 18cm<\/p>\n<p>Ancho: 10cm<\/p>\n<p>*****************************************<\/p>\n<p>Por favor, preg\u00fantanos si tienes alguna duda acerca de nuestros productos. Estamos felices de atenderte.<\/p>\n<p>Recordatorio: esta es una peque\u00f1a tienda de emprendedores y el tiempo invertido en crear nuestras piezas \u00fanicas tambi\u00e9n tiene valor.<\/p>\n<p>\u00bfTe gustan nuestros productos? Echa un vistazo a la tienda:<\/p>","protected":false},"excerpt":{"rendered":"<p>Originales puertas de Navidad para Elfos. Cada puerta de navidad para elfos es perfecta para decorar la habitaci\u00f3n de los m\u00e1s peque\u00f1os y ha sido elaborada en metacrilato rojo.<\/p>","protected":false},"featured_media":12178,"comment_status":"open","ping_status":"closed","template":"","meta":{"_acf_changed":false},"product_brand":[],"product_cat":[704,56],"product_tag":[1463,49,198,1428,1430,1432,1431,69,516,1462,155,510,1457,1458,1459,1461,1464,1465,156,640,1460,772,824],"filtro_producto":[],"class_list":{"0":"post-12170","1":"product","2":"type-product","3":"status-publish","4":"has-post-thumbnail","6":"product_cat-adornos-de-navidad","7":"product_cat-navidad-y-ano-nuevo","8":"product_tag-corona-de-navidad","9":"product_tag-corte-laser","10":"product_tag-decoracion","11":"product_tag-decoracion-navidena","12":"product_tag-elfo","13":"product_tag-elfo-travieso","14":"product_tag-elfos","15":"product_tag-grabado-laser","16":"product_tag-habitacion-de-ninos","17":"product_tag-metacrilato-rojo","18":"product_tag-navidad","19":"product_tag-ninos","20":"product_tag-puerta","21":"product_tag-puerta-de-navidad","22":"product_tag-puerta-de-navidad-para-elfo","23":"product_tag-puerta-roja","24":"product_tag-puertas-de-navidad","25":"product_tag-puertas-de-navidad-para-elfos","26":"product_tag-regalo-de-navidad","27":"product_tag-regalo-navideno","28":"product_tag-regalo-navideno-para-peques","29":"product_tag-regalos-de-navidad","30":"product_tag-regalos-para-peques","31":"product_shipping_class-cc","33":"first","34":"instock","35":"featured","36":"taxable","37":"shipping-taxable","38":"purchasable","39":"product-type-simple"},"acf":[],"aioseo_notices":[],"_links":{"self":[{"href":"https:\/\/manosinkietas.com\/en\/wp-json\/wp\/v2\/product\/12170","targetHints":{"allow":["GET"]}}],"collection":[{"href":"https:\/\/manosinkietas.com\/en\/wp-json\/wp\/v2\/product"}],"about":[{"href":"https:\/\/manosinkietas.com\/en\/wp-json\/wp\/v2\/types\/product"}],"replies":[{"embeddable":true,"href":"https:\/\/manosinkietas.com\/en\/wp-json\/wp\/v2\/comments?post=12170"}],"version-history":[{"count":2,"href":"https:\/\/manosinkietas.com\/en\/wp-json\/wp\/v2\/product\/12170\/revisions"}],"predecessor-version":[{"id":12184,"href":"https:\/\/manosinkietas.com\/en\/wp-json\/wp\/v2\/product\/12170\/revisions\/12184"}],"wp:featuredmedia":[{"embeddable":true,"href":"https:\/\/manosinkietas.com\/en\/wp-json\/wp\/v2\/media\/12178"}],"wp:attachment":[{"href":"https:\/\/manosinkietas.com\/en\/wp-json\/wp\/v2\/media?parent=12170"}],"wp:term":[{"taxonomy":"product_brand","embeddable":true,"href":"https:\/\/manosinkietas.com\/en\/wp-json\/wp\/v2\/product_brand?post=12170"},{"taxonomy":"product_cat","embeddable":true,"href":"https:\/\/manosinkietas.com\/en\/wp-json\/wp\/v2\/product_cat?post=12170"},{"taxonomy":"product_tag","embeddable":true,"href":"https:\/\/manosinkietas.com\/en\/wp-json\/wp\/v2\/product_tag?post=12170"},{"taxonomy":"filtro_producto","embeddable":true,"href":"https:\/\/manosinkietas.com\/en\/wp-json\/wp\/v2\/filtro_producto?post=12170"}],"curies":[{"name":"wp","href":"https:\/\/api.w.org\/{rel}","templated":true}]}}