{"id":12149,"date":"2025-11-22T10:02:44","date_gmt":"2025-11-22T09:02:44","guid":{"rendered":"https:\/\/manosinkietas.com\/?post_type=product&#038;p=12149"},"modified":"2025-12-08T17:26:52","modified_gmt":"2025-12-08T16:26:52","slug":"postal-de-madera-para-elfos","status":"publish","type":"product","link":"https:\/\/manosinkietas.com\/en\/product\/postal-de-madera-para-elfos\/","title":{"rendered":"Postal de Madera para Elfos"},"content":{"rendered":"<p>Hermosa y original postal de madera para elfos. Cada postal de madera trae un peque\u00f1o cartel en metacrilato blanco para escribir mensajes con rotulador.<\/p>\n<p>Estas postales de madera para elfos pueden ser personalizadas con el nombre de tu peque. Es una idea genial para sorprender a los m\u00e1s peque\u00f1os de la casa con la llegada del elfo.<\/p>\n<p>Cada postal trae agujeros para que puedas meter los brazos y piernas del peluche elfo.<\/p>\n<p>MEDIDAS: Alto 10cm \/ Ancho: 14cm<\/p>\n<p>*****************************************<\/p>\n<p>Por favor, preg\u00fantanos si tienes alguna duda acerca de nuestros productos. Estamos felices de atenderte.<\/p>\n<p>Recordatorio: esta es una peque\u00f1a tienda de emprendedores y el tiempo invertido en crear nuestras piezas \u00fanicas tambi\u00e9n tiene valor.<\/p>\n<p>\u00bfTe gustan nuestros productos? Echa un vistazo a la tienda:<\/p>","protected":false},"excerpt":{"rendered":"<p>Hermosa y original postal de madera para elfos. Cada postal de madera trae un peque\u00f1o cartel en metacrilato blanco para escribir mensajes con rotulador.<\/p>","protected":false},"featured_media":12153,"comment_status":"open","ping_status":"closed","template":"","meta":{"_acf_changed":false},"product_brand":[],"product_cat":[56,707],"product_tag":[49,1442,1443,1430,1432,69,196,155,1445,855,427,1446,428,1441,1438,1439,429,1440,1437,1208,1444,72],"filtro_producto":[],"class_list":{"0":"post-12149","1":"product","2":"type-product","3":"status-publish","4":"has-post-thumbnail","6":"product_cat-navidad-y-ano-nuevo","7":"product_cat-placas-personalizadas-de-navidad","8":"product_tag-corte-laser","9":"product_tag-detalle-de-navidad","10":"product_tag-detalle-navideno","11":"product_tag-elfo","12":"product_tag-elfo-travieso","13":"product_tag-grabado-laser","14":"product_tag-madera","15":"product_tag-navidad","16":"product_tag-pequenos","17":"product_tag-peques","18":"product_tag-postal","19":"product_tag-postal-con-mensaje","20":"product_tag-postal-de-madera","21":"product_tag-postal-de-navidad","22":"product_tag-postal-para-elfo","23":"product_tag-postal-para-elfos","24":"product_tag-postal-personalizada","25":"product_tag-postales-para-elfo","26":"product_tag-postales-para-elfos","27":"product_tag-postales-personalizadas","28":"product_tag-regalo-de-navidad-para-peques","29":"product_tag-regalo-personalizado","30":"product_shipping_class-cc","32":"first","33":"instock","34":"taxable","35":"shipping-taxable","36":"purchasable","37":"product-type-variable"},"acf":[],"aioseo_notices":[],"_links":{"self":[{"href":"https:\/\/manosinkietas.com\/en\/wp-json\/wp\/v2\/product\/12149","targetHints":{"allow":["GET"]}}],"collection":[{"href":"https:\/\/manosinkietas.com\/en\/wp-json\/wp\/v2\/product"}],"about":[{"href":"https:\/\/manosinkietas.com\/en\/wp-json\/wp\/v2\/types\/product"}],"replies":[{"embeddable":true,"href":"https:\/\/manosinkietas.com\/en\/wp-json\/wp\/v2\/comments?post=12149"}],"version-history":[{"count":1,"href":"https:\/\/manosinkietas.com\/en\/wp-json\/wp\/v2\/product\/12149\/revisions"}],"predecessor-version":[{"id":12160,"href":"https:\/\/manosinkietas.com\/en\/wp-json\/wp\/v2\/product\/12149\/revisions\/12160"}],"wp:featuredmedia":[{"embeddable":true,"href":"https:\/\/manosinkietas.com\/en\/wp-json\/wp\/v2\/media\/12153"}],"wp:attachment":[{"href":"https:\/\/manosinkietas.com\/en\/wp-json\/wp\/v2\/media?parent=12149"}],"wp:term":[{"taxonomy":"product_brand","embeddable":true,"href":"https:\/\/manosinkietas.com\/en\/wp-json\/wp\/v2\/product_brand?post=12149"},{"taxonomy":"product_cat","embeddable":true,"href":"https:\/\/manosinkietas.com\/en\/wp-json\/wp\/v2\/product_cat?post=12149"},{"taxonomy":"product_tag","embeddable":true,"href":"https:\/\/manosinkietas.com\/en\/wp-json\/wp\/v2\/product_tag?post=12149"},{"taxonomy":"filtro_producto","embeddable":true,"href":"https:\/\/manosinkietas.com\/en\/wp-json\/wp\/v2\/filtro_producto?post=12149"}],"curies":[{"name":"wp","href":"https:\/\/api.w.org\/{rel}","templated":true}]}}