{"id":12014,"date":"2025-07-07T17:43:46","date_gmt":"2025-07-07T15:43:46","guid":{"rendered":"https:\/\/manosinkietas.com\/?post_type=product&#038;p=12014"},"modified":"2026-03-31T19:23:29","modified_gmt":"2026-03-31T17:23:29","slug":"medallas-personalizadas-para-eventos","status":"publish","type":"product","link":"https:\/\/manosinkietas.com\/en\/product\/medallas-personalizadas-para-eventos\/","title":{"rendered":"Medallas Personalizadas Para Eventos"},"content":{"rendered":"<p>Preciosas medallas para eventos que puedes personalizar a tu gusto.<\/p>\n<p>Son perfectas como detalles para amistades o seres queridos en eventos tales como bodas, cumplea\u00f1os o para fin de curso. Las hacemos de madera y metacrilato espejo (oro, plata, verde, rosa, azul, rojo) y opaco para el texto correspondiente a los nombres (en color blanco o negro). Grabamos la frase que elijas.<\/p>\n<p>Tienes dos modelos a elegir:<\/p>\n<p>Ni\u00f1os (6 cm de di\u00e1metro)<br \/>\nAdultos (7cm de di\u00e1metro)<\/p>\n<p>Incluye cerca de 1 metro de cinta a juego con la medalla para colgar.<\/p>\n<p>TIEMPO DE ELABORACI\u00d3N: 8 a 10 d\u00edas laborables. Depende de la \u00e9poca (en temporada de eventos puede tardar m\u00e1s). Por favor, consultar.<\/p>\n<p>NOTA: No se acepten devoluciones de piezas de madera con vetas, especialmente si se trata de productos personalizados o en los cuales se aprovechan las caracter\u00edsticas naturales de la madera. Esto se debe a que las variaciones en el color y las vetas son inherentes a la madera natural y no se consideran defectos.<\/p>\n<p>*****************************************<\/p>\n<p>Por favor, preg\u00fantanos si tienes alguna duda acerca de nuestros productos. Estamos felices de atenderte.<\/p>\n<p>Recordatorio: esta es una peque\u00f1a tienda de emprendedores y el tiempo invertido en crear nuestras piezas \u00fanicas tambi\u00e9n tiene valor.<\/p>\n<p>\u00bfTe gustan nuestros productos? Echa un vistazo a la tienda:<\/p>","protected":false},"excerpt":{"rendered":"<p>Preciosas medallas para eventos que puedes personalizar a tu gusto.<\/p>","protected":false},"featured_media":12022,"comment_status":"open","ping_status":"closed","template":"","meta":{"_acf_changed":false},"product_brand":[],"product_cat":[36,702],"product_tag":[847,874,550,49,1402,878,69,1104,1400,1404,1405,1408,1403,1407,1406,1401,835,1097,451,1110,816,239],"filtro_producto":[],"class_list":{"0":"post-12014","1":"product","2":"type-product","3":"status-publish","4":"has-post-thumbnail","6":"product_cat-celebracion","7":"product_cat-tematico","8":"product_tag-amistad","9":"product_tag-boda","10":"product_tag-bodas","11":"product_tag-corte-laser","12":"product_tag-medallas-personalizadas-para-eventos","13":"product_tag-detalles-para-bodas","14":"product_tag-grabado-laser","15":"product_tag-medalla","16":"product_tag-medallas","17":"product_tag-medallas-de-cumpleanos","18":"product_tag-medallas-de-fin-de-curso","19":"product_tag-medallas-para-adultos","20":"product_tag-medallas-para-eventos","21":"product_tag-medallas-para-ninos","22":"product_tag-medallas-para-regalar","23":"product_tag-medallas-personalizadas","24":"product_tag-metacrilato-espejo","25":"product_tag-recuerdos-para-bodas","26":"product_tag-regalo","27":"product_tag-regalos-de-bodas","28":"product_tag-regalos-para-bodas","29":"product_tag-regalos-personalizados","30":"product_shipping_class-cc","32":"first","33":"instock","34":"taxable","35":"shipping-taxable","36":"purchasable","37":"product-type-variable"},"acf":[],"aioseo_notices":[],"_links":{"self":[{"href":"https:\/\/manosinkietas.com\/en\/wp-json\/wp\/v2\/product\/12014","targetHints":{"allow":["GET"]}}],"collection":[{"href":"https:\/\/manosinkietas.com\/en\/wp-json\/wp\/v2\/product"}],"about":[{"href":"https:\/\/manosinkietas.com\/en\/wp-json\/wp\/v2\/types\/product"}],"replies":[{"embeddable":true,"href":"https:\/\/manosinkietas.com\/en\/wp-json\/wp\/v2\/comments?post=12014"}],"version-history":[{"count":4,"href":"https:\/\/manosinkietas.com\/en\/wp-json\/wp\/v2\/product\/12014\/revisions"}],"predecessor-version":[{"id":12061,"href":"https:\/\/manosinkietas.com\/en\/wp-json\/wp\/v2\/product\/12014\/revisions\/12061"}],"wp:featuredmedia":[{"embeddable":true,"href":"https:\/\/manosinkietas.com\/en\/wp-json\/wp\/v2\/media\/12022"}],"wp:attachment":[{"href":"https:\/\/manosinkietas.com\/en\/wp-json\/wp\/v2\/media?parent=12014"}],"wp:term":[{"taxonomy":"product_brand","embeddable":true,"href":"https:\/\/manosinkietas.com\/en\/wp-json\/wp\/v2\/product_brand?post=12014"},{"taxonomy":"product_cat","embeddable":true,"href":"https:\/\/manosinkietas.com\/en\/wp-json\/wp\/v2\/product_cat?post=12014"},{"taxonomy":"product_tag","embeddable":true,"href":"https:\/\/manosinkietas.com\/en\/wp-json\/wp\/v2\/product_tag?post=12014"},{"taxonomy":"filtro_producto","embeddable":true,"href":"https:\/\/manosinkietas.com\/en\/wp-json\/wp\/v2\/filtro_producto?post=12014"}],"curies":[{"name":"wp","href":"https:\/\/api.w.org\/{rel}","templated":true}]}}