{"id":11998,"date":"2025-06-25T18:11:39","date_gmt":"2025-06-25T16:11:39","guid":{"rendered":"https:\/\/manosinkietas.com\/?post_type=product&#038;p=11998"},"modified":"2025-12-03T14:39:24","modified_gmt":"2025-12-03T13:39:24","slug":"cajita-de-madera-con-pen-drive-en-botella","status":"publish","type":"product","link":"https:\/\/manosinkietas.com\/en\/product\/cajita-de-madera-con-pen-drive-en-botella\/","title":{"rendered":"Cajita de Madera con Pendrive en Peque\u00f1a Botella"},"content":{"rendered":"<p>Hermosa y original cajita de madera con pendrive que viene dentro de peque\u00f1a botella con tap\u00f3n de corcho. Puedes personalizar la caja con un mensaje o el nombre de la persona a regalar. Tambi\u00e9n puedes grabar el tap\u00f3n de corcho. Perfecto para almacenar fotos, v\u00eddeos, etc. de cualquier ocasi\u00f3n especial como cumplea\u00f1os, jubilaci\u00f3n, boda, etc.<\/p>\n<p>Medidas de la cajita:<\/p>\n<p>ALTO: 8,5cm<\/p>\n<p>ANCHO: 5,5cm<\/p>\n<p>PROFUNDIDAD: 4cm<\/p>\n<p>Medidas del pendrive (botella):<\/p>\n<p>ALTO: 6cm<\/p>\n<p>ANCHO: 3cm<\/p>\n<p>Disponibles en 16GB, 32GB, 64GB y 128GB<\/p>\n<p>La cajita viene con viruta de madera en su interior.<\/p>\n<p>TIEMPO DE ELABORACI\u00d3N: 8 a 10 d\u00edas laborables, dependiendo de la \u00e9poca (en temporada de eventos puede tardar m\u00e1s).<\/p>\n<p>NOTA: No se acepten devoluciones de piezas de madera con vetas, especialmente si se trata de productos personalizados o en los cuales se aprovechan las caracter\u00edsticas naturales de la madera. Esto se debe a que las variaciones en el color y las vetas son inherentes a la madera natural y no se consideran defectos.<\/p>\n<p>*****************************************<\/p>\n<p>Por favor, preg\u00fantanos si tienes alguna duda acerca de nuestros productos. Estamos felices de atenderte.<\/p>\n<p>Recordatorio: esta es una peque\u00f1a tienda de emprendedores y el tiempo invertido en crear nuestras piezas \u00fanicas tambi\u00e9n tiene valor.<\/p>\n<p>\u00bfTe gustan nuestros productos? Echa un vistazo a la tienda:<\/p>","protected":false},"excerpt":{"rendered":"<p>Hermosa y original cajita de madera con pendrive que viene dentro de peque\u00f1a botella con tap\u00f3n de corcho. Puedes personalizar la caja con un mensaje o el nombre de la persona a regalar.<\/p>","protected":false},"featured_media":12005,"comment_status":"open","ping_status":"closed","template":"","meta":{"_acf_changed":false},"product_brand":[],"product_cat":[702],"product_tag":[874,481,1391,238,1390,956,69,222,1393,1392,1399,1396,1397,1398,1394,1395,451,1064,1065,1066,270,1067],"filtro_producto":[],"class_list":{"0":"post-11998","1":"product","2":"type-product","3":"status-publish","4":"has-post-thumbnail","6":"product_cat-tematico","7":"product_tag-boda","8":"product_tag-caja","9":"product_tag-caja-con-pendrive","10":"product_tag-caja-de-madera","11":"product_tag-caja-para-pendrive","12":"product_tag-cajita","13":"product_tag-grabado-laser","14":"product_tag-novios","15":"product_tag-pen-drive","16":"product_tag-pendrive","17":"product_tag-pendrive-128gb","18":"product_tag-pendrive-16gb","19":"product_tag-pendrive-32gb","20":"product_tag-pendrive-64gb","21":"product_tag-pendrive-de-regalo","22":"product_tag-pendrive-personalizado","23":"product_tag-regalo","24":"product_tag-regalo-de-boda","25":"product_tag-regalo-para-bodas","26":"product_tag-regalo-para-novios","27":"product_tag-regalos","28":"product_tag-wedding","29":"product_shipping_class-cc","31":"first","32":"instock","33":"featured","34":"taxable","35":"shipping-taxable","36":"purchasable","37":"product-type-variable"},"acf":[],"aioseo_notices":[],"_links":{"self":[{"href":"https:\/\/manosinkietas.com\/en\/wp-json\/wp\/v2\/product\/11998","targetHints":{"allow":["GET"]}}],"collection":[{"href":"https:\/\/manosinkietas.com\/en\/wp-json\/wp\/v2\/product"}],"about":[{"href":"https:\/\/manosinkietas.com\/en\/wp-json\/wp\/v2\/types\/product"}],"replies":[{"embeddable":true,"href":"https:\/\/manosinkietas.com\/en\/wp-json\/wp\/v2\/comments?post=11998"}],"version-history":[{"count":3,"href":"https:\/\/manosinkietas.com\/en\/wp-json\/wp\/v2\/product\/11998\/revisions"}],"predecessor-version":[{"id":12062,"href":"https:\/\/manosinkietas.com\/en\/wp-json\/wp\/v2\/product\/11998\/revisions\/12062"}],"wp:featuredmedia":[{"embeddable":true,"href":"https:\/\/manosinkietas.com\/en\/wp-json\/wp\/v2\/media\/12005"}],"wp:attachment":[{"href":"https:\/\/manosinkietas.com\/en\/wp-json\/wp\/v2\/media?parent=11998"}],"wp:term":[{"taxonomy":"product_brand","embeddable":true,"href":"https:\/\/manosinkietas.com\/en\/wp-json\/wp\/v2\/product_brand?post=11998"},{"taxonomy":"product_cat","embeddable":true,"href":"https:\/\/manosinkietas.com\/en\/wp-json\/wp\/v2\/product_cat?post=11998"},{"taxonomy":"product_tag","embeddable":true,"href":"https:\/\/manosinkietas.com\/en\/wp-json\/wp\/v2\/product_tag?post=11998"},{"taxonomy":"filtro_producto","embeddable":true,"href":"https:\/\/manosinkietas.com\/en\/wp-json\/wp\/v2\/filtro_producto?post=11998"}],"curies":[{"name":"wp","href":"https:\/\/api.w.org\/{rel}","templated":true}]}}