{"id":11984,"date":"2025-06-25T13:22:14","date_gmt":"2025-06-25T11:22:14","guid":{"rendered":"https:\/\/manosinkietas.com\/?post_type=product&#038;p=11984"},"modified":"2026-02-01T14:30:45","modified_gmt":"2026-02-01T13:30:45","slug":"libro-de-firmas-halcon-milenario-star-wars","status":"publish","type":"product","link":"https:\/\/manosinkietas.com\/en\/product\/libro-de-firmas-halcon-milenario-star-wars\/","title":{"rendered":"Libro de Firmas Halc\u00f3n Milenario Star Wars"},"content":{"rendered":"<p>Original libro de firmas Halc\u00f3n Milenario para tus momentos m\u00e1s especiales, ideal para los m\u00e1s fan\u00e1ticos de Star Wars. Este espectacular libro de firmas es perfecto como complemento para tu boda, comuni\u00f3n, bautizo o lo que desees celebrar con tem\u00e1tica Star Wars.<\/p>\n<p>El libro de firmas Halc\u00f3n Milenario de Star Wars ha sido elaborado en madera contrachapado de 3mm pintada a mano con tinte color nogal y metacrilato transparente de 3mm de grosor. Podemos grabar el centro del Halc\u00f3n Milenario con el texto que quieras que lleva la tipograf\u00eda de Star Wars.<\/p>\n<p>El libro de firmas Halc\u00f3n Milenario incluye siluetas de personajes emblem\u00e1ticos de Star Wars para firmar. Cada silueta mide 3cm y vienen en un saquito.<\/p>\n<p>CAPACIDAD: 50 piezas (siluetas) para firmar.<\/p>\n<p>Medidas:<\/p>\n<p>ALTO 38,3CM<\/p>\n<p>ANCHO 28,6<\/p>\n<p>Medidas de las fichas: 2,7cm x 2,7cm aproximadamente<\/p>\n<p>TIEMPO DE ELABORACI\u00d3N: 8 a 10 d\u00edas laborables, dependiendo de la \u00e9poca (en temporada de eventos puede tardar m\u00e1s)<\/p>\n<p>NOTA: No se acepten devoluciones de piezas de madera con vetas, especialmente si se trata de productos personalizados o en los cuales se aprovechan las caracter\u00edsticas naturales de la madera. Esto se debe a que las variaciones en el color y las vetas son inherentes a la madera natural y no se consideran defectos.<\/p>\n<p>*****************************************<\/p>\n<p>Por favor, preg\u00fantanos si tienes alguna duda acerca de nuestros productos. Estamos felices de atenderte. Recordatorio: esta es una peque\u00f1a tienda de emprendedores y el tiempo invertido en crear nuestras piezas \u00fanicas tambi\u00e9n tiene valor. \u00bfTe gustan nuestros productos? Echa un vistazo a la tienda:<\/p>","protected":false},"excerpt":{"rendered":"<p>Original libro de firmas Halc\u00f3n Milenario para tus momentos m\u00e1s especiales, ideal para los m\u00e1s fan\u00e1ticos de Star Wars. Este espectacular libro de firmas es perfecto como complemento para tu boda, comuni\u00f3n, bautizo o lo que desees celebrar con tem\u00e1tica Star Wars.<\/p>","protected":false},"featured_media":11988,"comment_status":"open","ping_status":"closed","template":"","meta":{"_acf_changed":false},"product_brand":[],"product_cat":[36,702],"product_tag":[874,1382,550,1381,1388,1386,49,1383,878,877,538,1378,69,1377,873,1380,1379,1385,196,48,875,876,222,1384,1387,548,816,815,495,1389],"filtro_producto":[],"class_list":{"0":"post-11984","1":"product","2":"type-product","3":"status-publish","4":"has-post-thumbnail","6":"product_cat-celebracion","7":"product_cat-tematico","8":"product_tag-boda","9":"product_tag-boda-de-star-wars","10":"product_tag-bodas","11":"product_tag-bodas-tematicas","12":"product_tag-c3po","13":"product_tag-chewbacca","14":"product_tag-corte-laser","15":"product_tag-darth-vader","16":"product_tag-detalles-para-bodas","17":"product_tag-detalles-para-novios","18":"product_tag-eventos","19":"product_tag-falcon-millenium","20":"product_tag-grabado-laser","21":"product_tag-halcon-milenario","22":"product_tag-libro-de-firmas","23":"product_tag-libro-de-firmas-halcon-milenario","24":"product_tag-libro-de-firmas-star-wars","25":"product_tag-luke-skywalker","26":"product_tag-madera","27":"product_tag-metacrilato","28":"product_tag-novia","29":"product_tag-novio","30":"product_tag-novios","31":"product_tag-princesa-leia","32":"product_tag-r2d2","33":"product_tag-recuerdos-para-eventos","34":"product_tag-regalos-para-bodas","35":"product_tag-regalos-para-eventos","36":"product_tag-star-wars","37":"product_tag-stormtrooper","38":"product_shipping_class-pp","40":"first","41":"instock","42":"taxable","43":"shipping-taxable","44":"purchasable","45":"product-type-simple"},"acf":[],"aioseo_notices":[],"_links":{"self":[{"href":"https:\/\/manosinkietas.com\/en\/wp-json\/wp\/v2\/product\/11984","targetHints":{"allow":["GET"]}}],"collection":[{"href":"https:\/\/manosinkietas.com\/en\/wp-json\/wp\/v2\/product"}],"about":[{"href":"https:\/\/manosinkietas.com\/en\/wp-json\/wp\/v2\/types\/product"}],"replies":[{"embeddable":true,"href":"https:\/\/manosinkietas.com\/en\/wp-json\/wp\/v2\/comments?post=11984"}],"version-history":[{"count":2,"href":"https:\/\/manosinkietas.com\/en\/wp-json\/wp\/v2\/product\/11984\/revisions"}],"predecessor-version":[{"id":12060,"href":"https:\/\/manosinkietas.com\/en\/wp-json\/wp\/v2\/product\/11984\/revisions\/12060"}],"wp:featuredmedia":[{"embeddable":true,"href":"https:\/\/manosinkietas.com\/en\/wp-json\/wp\/v2\/media\/11988"}],"wp:attachment":[{"href":"https:\/\/manosinkietas.com\/en\/wp-json\/wp\/v2\/media?parent=11984"}],"wp:term":[{"taxonomy":"product_brand","embeddable":true,"href":"https:\/\/manosinkietas.com\/en\/wp-json\/wp\/v2\/product_brand?post=11984"},{"taxonomy":"product_cat","embeddable":true,"href":"https:\/\/manosinkietas.com\/en\/wp-json\/wp\/v2\/product_cat?post=11984"},{"taxonomy":"product_tag","embeddable":true,"href":"https:\/\/manosinkietas.com\/en\/wp-json\/wp\/v2\/product_tag?post=11984"},{"taxonomy":"filtro_producto","embeddable":true,"href":"https:\/\/manosinkietas.com\/en\/wp-json\/wp\/v2\/filtro_producto?post=11984"}],"curies":[{"name":"wp","href":"https:\/\/api.w.org\/{rel}","templated":true}]}}