{"id":11961,"date":"2025-06-16T19:03:55","date_gmt":"2025-06-16T17:03:55","guid":{"rendered":"https:\/\/manosinkietas.com\/?post_type=product&#038;p=11961"},"modified":"2025-12-03T14:39:24","modified_gmt":"2025-12-03T13:39:24","slug":"bote-macarrones-vinilo-regalo-de-bodas","status":"publish","type":"product","link":"https:\/\/manosinkietas.com\/en\/product\/bote-macarrones-vinilo-regalo-de-bodas\/","title":{"rendered":"Bote de Macarrones con Vinilo para Regalo de Bodas"},"content":{"rendered":"<p>Divertido y original bote de macarrones con vinilo para regalo de bodas. Puedes grabar la tapa del bote con un mensaje o el nombre de la pareja de novios a regalar. El bote o tarro es de cristal y la tapa es de bamb\u00fa.<\/p>\n<p>Tambi\u00e9n personalizamos el vinilo, que es de color negro (si deseas otro color, cons\u00faltanos previamente). El de la foto tiene el mensaje &#8220;Aqu\u00ed ten\u00e9is la PASTA&#8221; pero adaptamos el vinilo a tu gusto. Perfecto para guardar billetes como regalo de bodas dentro del bote. La idea es llenar el bote con macarrones y guardar el dinero o la &#8220;pasta&#8221; dentro del mismo. Un detalle jocoso y divertido para los novios.<\/p>\n<p>Medidas del tarro:<\/p>\n<p>ALTO: 15cm<br \/>\nDI\u00c1METRO: 10cm<\/p>\n<p>TIEMPO DE ELABORACI\u00d3N: 8 a 10 d\u00edas laborables, dependiendo de la \u00e9poca (en temporada de eventos puede tardar m\u00e1s). Por favor, consultar.<\/p>\n<p>NOTA: No se acepten devoluciones de piezas de madera con vetas, especialmente si se trata de productos personalizados o en los cuales se aprovechan las caracter\u00edsticas naturales de la madera. Esto se debe a que las variaciones en el color y las vetas son inherentes a la madera natural y no se consideran defectos.<\/p>\n<p>*****************************************<\/p>\n<p>Por favor, preg\u00fantanos si tienes alguna duda acerca de nuestros productos. Estamos felices de atenderte.<\/p>\n<p>Recordatorio: esta es una peque\u00f1a tienda de emprendedores y el tiempo invertido en crear nuestras piezas \u00fanicas tambi\u00e9n tiene valor.<\/p>\n<p>\u00bfTe gustan nuestros productos? Echa un vistazo a la tienda:<\/p>","protected":false},"excerpt":{"rendered":"<p>Divertido y original bote de macarrones con vinilo para regalo de bodas. Puedes grabar la tapa del bote con un mensaje o el nombre de la pareja de novios a regalar.<\/p>","protected":false},"featured_media":11968,"comment_status":"open","ping_status":"closed","template":"","meta":{"_acf_changed":false},"product_brand":[],"product_cat":[703],"product_tag":[1367,874,1361,1369,1365,1362,1372,1366,49,1374,1373,878,877,69,222,451,1064,1371,1370,1065,1066,270,1363,1376,1364,1368,1375,1067],"filtro_producto":[],"class_list":{"0":"post-11961","1":"product","2":"type-product","3":"status-publish","4":"has-post-thumbnail","6":"product_cat-menaje","7":"product_tag-aqui-teneis-la-pasta","8":"product_tag-boda","9":"product_tag-bote","10":"product_tag-bote-con-vinilo","11":"product_tag-bote-de-cristal","12":"product_tag-bote-de-macarrones","13":"product_tag-bote-para-guardar-dinero","14":"product_tag-bote-para-pasta","15":"product_tag-corte-laser","16":"product_tag-detalle-para-bodas","17":"product_tag-detalle-para-novios","18":"product_tag-detalles-para-bodas","19":"product_tag-detalles-para-novios","20":"product_tag-grabado-laser","21":"product_tag-novios","22":"product_tag-regalo","23":"product_tag-regalo-de-boda","24":"product_tag-regalo-de-bodas-divertido","25":"product_tag-regalo-de-bodas-personalizado","26":"product_tag-regalo-para-bodas","27":"product_tag-regalo-para-novios","28":"product_tag-regalos","29":"product_tag-tarro","30":"product_tag-tarro-con-vinilo","31":"product_tag-tarro-de-macarrones","32":"product_tag-vinilo","33":"product_tag-vinilo-personalizado","34":"product_tag-wedding","35":"product_shipping_class-cc","37":"first","38":"instock","39":"featured","40":"taxable","41":"shipping-taxable","42":"purchasable","43":"product-type-simple"},"acf":[],"aioseo_notices":[],"_links":{"self":[{"href":"https:\/\/manosinkietas.com\/en\/wp-json\/wp\/v2\/product\/11961","targetHints":{"allow":["GET"]}}],"collection":[{"href":"https:\/\/manosinkietas.com\/en\/wp-json\/wp\/v2\/product"}],"about":[{"href":"https:\/\/manosinkietas.com\/en\/wp-json\/wp\/v2\/types\/product"}],"replies":[{"embeddable":true,"href":"https:\/\/manosinkietas.com\/en\/wp-json\/wp\/v2\/comments?post=11961"}],"version-history":[{"count":4,"href":"https:\/\/manosinkietas.com\/en\/wp-json\/wp\/v2\/product\/11961\/revisions"}],"predecessor-version":[{"id":12063,"href":"https:\/\/manosinkietas.com\/en\/wp-json\/wp\/v2\/product\/11961\/revisions\/12063"}],"wp:featuredmedia":[{"embeddable":true,"href":"https:\/\/manosinkietas.com\/en\/wp-json\/wp\/v2\/media\/11968"}],"wp:attachment":[{"href":"https:\/\/manosinkietas.com\/en\/wp-json\/wp\/v2\/media?parent=11961"}],"wp:term":[{"taxonomy":"product_brand","embeddable":true,"href":"https:\/\/manosinkietas.com\/en\/wp-json\/wp\/v2\/product_brand?post=11961"},{"taxonomy":"product_cat","embeddable":true,"href":"https:\/\/manosinkietas.com\/en\/wp-json\/wp\/v2\/product_cat?post=11961"},{"taxonomy":"product_tag","embeddable":true,"href":"https:\/\/manosinkietas.com\/en\/wp-json\/wp\/v2\/product_tag?post=11961"},{"taxonomy":"filtro_producto","embeddable":true,"href":"https:\/\/manosinkietas.com\/en\/wp-json\/wp\/v2\/filtro_producto?post=11961"}],"curies":[{"name":"wp","href":"https:\/\/api.w.org\/{rel}","templated":true}]}}