{"id":11948,"date":"2025-06-07T12:11:00","date_gmt":"2025-06-07T10:11:00","guid":{"rendered":"https:\/\/manosinkietas.com\/?post_type=product&#038;p=11948"},"modified":"2026-03-31T18:51:46","modified_gmt":"2026-03-31T16:51:46","slug":"llaveros-colores-de-cera-metacrilato-personalizados","status":"publish","type":"product","link":"https:\/\/manosinkietas.com\/en\/product\/llaveros-colores-de-cera-metacrilato-personalizados\/","title":{"rendered":"Llaveros de Colores de Cera en Metacrilato Para Personalizar"},"content":{"rendered":"<p>Originales y bonitos llaveros de colores de cera con el nombre de tu peque. En cada llavero podemos grabar el nombre del ni\u00f1o o ni\u00f1a.<\/p>\n<p>Son perfectos como detalle para marcar la mochila, la lonchera o como detalle para una ocasi\u00f3n especial.<\/p>\n<p>Tienes 3 colores de metacrilato disponibles: azul oscuro, rojo y verde.<\/p>\n<p>Medidas aproximadas de cada llavero (vistos de forma horizontal):<\/p>\n<p>Alto: 1,42cm<\/p>\n<p>Ancho: 7cm<\/p>\n<p>*****************************************<\/p>\n<p>Por favor, preg\u00fantanos si tienes alguna duda acerca de nuestros productos. Estamos felices de atenderte.<\/p>\n<p>Recordatorio: esta es una peque\u00f1a tienda de emprendedores y el tiempo invertido en crear nuestras piezas \u00fanicas tambi\u00e9n tiene valor.<\/p>\n<p>\u00bfTe gustan nuestros productos? Echa un vistazo a la tienda:<\/p>","protected":false},"excerpt":{"rendered":"<p>Originales y bonitos llaveros de colores de cera con el nombre de tu peque. En cada llavero podemos grabar el nombre del ni\u00f1o o ni\u00f1a.<\/p>","protected":false},"featured_media":11949,"comment_status":"open","ping_status":"closed","template":"","meta":{"_acf_changed":false},"product_brand":[],"product_cat":[36,700],"product_tag":[1006,1357,49,1358,1359,69,232,1352,233,302,1360,1355,1349,1350,48,451,239],"filtro_producto":[],"class_list":{"0":"post-11948","1":"product","2":"type-product","3":"status-publish","4":"has-post-thumbnail","6":"product_cat-celebracion","7":"product_cat-llaveros","8":"product_tag-colores","9":"product_tag-colores-de-cera","10":"product_tag-corte-laser","11":"product_tag-crayola","12":"product_tag-crayolas","13":"product_tag-grabado-laser","14":"product_tag-llavero","15":"product_tag-llavero-para-peques","16":"product_tag-llavero-personalizado","17":"product_tag-llaveros","18":"product_tag-llaveros-colores-de-cera","19":"product_tag-llaveros-de-metacrilato","20":"product_tag-llaveros-personalizados","21":"product_tag-marca-mochilas","22":"product_tag-metacrilato","23":"product_tag-regalo","24":"product_tag-regalos-personalizados","25":"product_shipping_class-cc","27":"first","28":"instock","29":"taxable","30":"shipping-taxable","31":"purchasable","32":"product-type-simple"},"acf":[],"aioseo_notices":[],"_links":{"self":[{"href":"https:\/\/manosinkietas.com\/en\/wp-json\/wp\/v2\/product\/11948","targetHints":{"allow":["GET"]}}],"collection":[{"href":"https:\/\/manosinkietas.com\/en\/wp-json\/wp\/v2\/product"}],"about":[{"href":"https:\/\/manosinkietas.com\/en\/wp-json\/wp\/v2\/types\/product"}],"replies":[{"embeddable":true,"href":"https:\/\/manosinkietas.com\/en\/wp-json\/wp\/v2\/comments?post=11948"}],"version-history":[{"count":1,"href":"https:\/\/manosinkietas.com\/en\/wp-json\/wp\/v2\/product\/11948\/revisions"}],"predecessor-version":[{"id":11956,"href":"https:\/\/manosinkietas.com\/en\/wp-json\/wp\/v2\/product\/11948\/revisions\/11956"}],"wp:featuredmedia":[{"embeddable":true,"href":"https:\/\/manosinkietas.com\/en\/wp-json\/wp\/v2\/media\/11949"}],"wp:attachment":[{"href":"https:\/\/manosinkietas.com\/en\/wp-json\/wp\/v2\/media?parent=11948"}],"wp:term":[{"taxonomy":"product_brand","embeddable":true,"href":"https:\/\/manosinkietas.com\/en\/wp-json\/wp\/v2\/product_brand?post=11948"},{"taxonomy":"product_cat","embeddable":true,"href":"https:\/\/manosinkietas.com\/en\/wp-json\/wp\/v2\/product_cat?post=11948"},{"taxonomy":"product_tag","embeddable":true,"href":"https:\/\/manosinkietas.com\/en\/wp-json\/wp\/v2\/product_tag?post=11948"},{"taxonomy":"filtro_producto","embeddable":true,"href":"https:\/\/manosinkietas.com\/en\/wp-json\/wp\/v2\/filtro_producto?post=11948"}],"curies":[{"name":"wp","href":"https:\/\/api.w.org\/{rel}","templated":true}]}}