{"id":11932,"date":"2025-06-07T11:50:12","date_gmt":"2025-06-07T09:50:12","guid":{"rendered":"https:\/\/manosinkietas.com\/?post_type=product&#038;p=11932"},"modified":"2025-08-08T07:55:13","modified_gmt":"2025-08-08T05:55:13","slug":"llaveros-de-iniciales-metacrilato-colores-pasteles","status":"publish","type":"product","link":"https:\/\/manosinkietas.com\/en\/product\/llaveros-de-iniciales-metacrilato-colores-pasteles\/","title":{"rendered":"Llaveros de Iniciales en Metacrilato Colores Pasteles"},"content":{"rendered":"<p>Originales y bonitos llaveros con la inicial de tu peque. En cada llavero podemos grabar el nombre del ni\u00f1o o ni\u00f1a.<\/p>\n<p>Son perfectos como detalle para marcar la mochila, la lonchera o como detalle para una ocasi\u00f3n especial.<\/p>\n<p>Cada llavero trae anillos con cierre tipo langosta.<\/p>\n<p>Tienes varios colores de metacrilato disponibles: verde menta, rosa, azul beb\u00e9, blanco, salm\u00f3n, vainilla, naranja pastel, amarillo pastel o lila.<\/p>\n<p>Medidas aproximadas de cada llavero:<\/p>\n<p>Alto: 5cm<\/p>\n<p>Ancho: 4,5cm<\/p>\n<p>*****************************************<\/p>\n<p>Por favor, preg\u00fantanos si tienes alguna duda acerca de nuestros productos. Estamos felices de atenderte.<\/p>\n<p>Recordatorio: esta es una peque\u00f1a tienda de emprendedores y el tiempo invertido en crear nuestras piezas \u00fanicas tambi\u00e9n tiene valor.<\/p>\n<p>\u00bfTe gustan nuestros productos? Echa un vistazo a la tienda:<\/p>","protected":false},"excerpt":{"rendered":"<p>Originales y bonitos llaveros con la inicial de tu peque. En cada llavero podemos grabar el nombre del ni\u00f1o o ni\u00f1a.<\/p>","protected":false},"featured_media":11939,"comment_status":"open","ping_status":"closed","template":"","meta":{"_acf_changed":false},"product_brand":[],"product_cat":[36,700],"product_tag":[1351,256,49,69,1353,1354,232,1356,1352,233,302,1355,1349,1350,48,451,239],"filtro_producto":[],"class_list":{"0":"post-11932","1":"product","2":"type-product","3":"status-publish","4":"has-post-thumbnail","6":"product_cat-celebracion","7":"product_cat-llaveros","8":"product_tag-cierre-langosta","9":"product_tag-colores-pasteles","10":"product_tag-corte-laser","11":"product_tag-grabado-laser","12":"product_tag-iniciales","13":"product_tag-iniciales-de-metacrilato","14":"product_tag-llavero","15":"product_tag-llavero-de-iniciales","16":"product_tag-llavero-para-peques","17":"product_tag-llavero-personalizado","18":"product_tag-llaveros","19":"product_tag-llaveros-de-metacrilato","20":"product_tag-llaveros-personalizados","21":"product_tag-marca-mochilas","22":"product_tag-metacrilato","23":"product_tag-regalo","24":"product_tag-regalos-personalizados","25":"product_shipping_class-cc","27":"first","28":"instock","29":"taxable","30":"shipping-taxable","31":"purchasable","32":"product-type-simple"},"acf":[],"aioseo_notices":[],"_links":{"self":[{"href":"https:\/\/manosinkietas.com\/en\/wp-json\/wp\/v2\/product\/11932","targetHints":{"allow":["GET"]}}],"collection":[{"href":"https:\/\/manosinkietas.com\/en\/wp-json\/wp\/v2\/product"}],"about":[{"href":"https:\/\/manosinkietas.com\/en\/wp-json\/wp\/v2\/types\/product"}],"replies":[{"embeddable":true,"href":"https:\/\/manosinkietas.com\/en\/wp-json\/wp\/v2\/comments?post=11932"}],"version-history":[{"count":1,"href":"https:\/\/manosinkietas.com\/en\/wp-json\/wp\/v2\/product\/11932\/revisions"}],"predecessor-version":[{"id":11940,"href":"https:\/\/manosinkietas.com\/en\/wp-json\/wp\/v2\/product\/11932\/revisions\/11940"}],"wp:featuredmedia":[{"embeddable":true,"href":"https:\/\/manosinkietas.com\/en\/wp-json\/wp\/v2\/media\/11939"}],"wp:attachment":[{"href":"https:\/\/manosinkietas.com\/en\/wp-json\/wp\/v2\/media?parent=11932"}],"wp:term":[{"taxonomy":"product_brand","embeddable":true,"href":"https:\/\/manosinkietas.com\/en\/wp-json\/wp\/v2\/product_brand?post=11932"},{"taxonomy":"product_cat","embeddable":true,"href":"https:\/\/manosinkietas.com\/en\/wp-json\/wp\/v2\/product_cat?post=11932"},{"taxonomy":"product_tag","embeddable":true,"href":"https:\/\/manosinkietas.com\/en\/wp-json\/wp\/v2\/product_tag?post=11932"},{"taxonomy":"filtro_producto","embeddable":true,"href":"https:\/\/manosinkietas.com\/en\/wp-json\/wp\/v2\/filtro_producto?post=11932"}],"curies":[{"name":"wp","href":"https:\/\/api.w.org\/{rel}","templated":true}]}}