{"id":11918,"date":"2025-05-29T12:01:01","date_gmt":"2025-05-29T10:01:01","guid":{"rendered":"https:\/\/manosinkietas.com\/?post_type=product&#038;p=11918"},"modified":"2026-03-31T18:53:28","modified_gmt":"2026-03-31T16:53:28","slug":"organizador-de-madera-para-profesores-post-it-boligrafo","status":"publish","type":"product","link":"https:\/\/manosinkietas.com\/en\/product\/organizador-de-madera-para-profesores-post-it-boligrafo\/","title":{"rendered":"Organizador de Madera Para Profesores con Espacio para Post its y Bol\u00edgrafo"},"content":{"rendered":"<p>Hermoso y original organizador de madera para profesores y profesoras. Puedes personalizar este organizador con el nombre de tu profesor o profesora. Este organizador de madera para profesores es el regalo ideal para fin de curso o jubilaci\u00f3n de profesor y tiene espacio para colocar post its y bol\u00edgrafos o l\u00e1pices.<\/p>\n<p>Medidas del organizador:<\/p>\n<p>ALTO: 14cm<br \/>\nANCHO: 17 cm<\/p>\n<p>El dise\u00f1o incluye un peque\u00f1o l\u00e1piz grabado y pintado a mano.<\/p>\n<p>Puedes incluir un bol\u00edgrafo de madera grabado en esta pieza.<\/p>\n<p>TIEMPO DE ELABORACI\u00d3N: 8 a 10 d\u00edas laborables, dependiendo de la \u00e9poca (en temporada de eventos puede tardar m\u00e1s). Por favor, consultar.<\/p>\n<p>NOTA: No se acepten devoluciones de piezas de madera con vetas, especialmente si se trata de productos personalizados o en los cuales se aprovechan las caracter\u00edsticas naturales de la madera. Esto se debe a que las variaciones en el color y las vetas son inherentes a la madera natural y no se consideran defectos.<\/p>\n<p>*****************************************<\/p>\n<p>Por favor, preg\u00fantanos si tienes alguna duda acerca de nuestros productos. Estamos felices de atenderte.<\/p>\n<p>Recordatorio: esta es una peque\u00f1a tienda de emprendedores y el tiempo invertido en crear nuestras piezas \u00fanicas tambi\u00e9n tiene valor.<\/p>\n<p>\u00bfTe gustan nuestros productos? Echa un vistazo a la tienda:<\/p>","protected":false},"excerpt":{"rendered":"<p>Hermoso y original organizador de madera para profesores y profesoras. Puedes personalizar este organizador con el nombre de tu profesor o profesora.<\/p>","protected":false},"featured_media":11919,"comment_status":"open","ping_status":"closed","template":"","meta":{"_acf_changed":false},"product_brand":[],"product_cat":[36,703],"product_tag":[49,186,661,188,1341,187,1345,141,1343,1346,1344,1342,182,658,1347,1348],"filtro_producto":[],"class_list":{"0":"post-11918","1":"product","2":"type-product","3":"status-publish","4":"has-post-thumbnail","6":"product_cat-celebracion","7":"product_cat-menaje","8":"product_tag-corte-laser","9":"product_tag-escritorio","10":"product_tag-fin-de-curso","11":"product_tag-oficina","12":"product_tag-orgaizador-personalizado","13":"product_tag-organizador","14":"product_tag-organizador-de-boligrafos","15":"product_tag-organizador-de-escritorio","16":"product_tag-organizador-de-madera-para-profes","17":"product_tag-organizador-de-madera-personalizado","18":"product_tag-organizador-de-post-its","19":"product_tag-organizador-para-profes","20":"product_tag-organizador-de-madera","21":"product_tag-regalos-para-profes","22":"product_tag-regalos-para-profesoras","23":"product_tag-regalos-para-profesores","24":"product_shipping_class-cc","26":"first","27":"instock","28":"taxable","29":"shipping-taxable","30":"purchasable","31":"product-type-simple"},"acf":[],"aioseo_notices":[],"_links":{"self":[{"href":"https:\/\/manosinkietas.com\/en\/wp-json\/wp\/v2\/product\/11918","targetHints":{"allow":["GET"]}}],"collection":[{"href":"https:\/\/manosinkietas.com\/en\/wp-json\/wp\/v2\/product"}],"about":[{"href":"https:\/\/manosinkietas.com\/en\/wp-json\/wp\/v2\/types\/product"}],"replies":[{"embeddable":true,"href":"https:\/\/manosinkietas.com\/en\/wp-json\/wp\/v2\/comments?post=11918"}],"version-history":[{"count":3,"href":"https:\/\/manosinkietas.com\/en\/wp-json\/wp\/v2\/product\/11918\/revisions"}],"predecessor-version":[{"id":12064,"href":"https:\/\/manosinkietas.com\/en\/wp-json\/wp\/v2\/product\/11918\/revisions\/12064"}],"wp:featuredmedia":[{"embeddable":true,"href":"https:\/\/manosinkietas.com\/en\/wp-json\/wp\/v2\/media\/11919"}],"wp:attachment":[{"href":"https:\/\/manosinkietas.com\/en\/wp-json\/wp\/v2\/media?parent=11918"}],"wp:term":[{"taxonomy":"product_brand","embeddable":true,"href":"https:\/\/manosinkietas.com\/en\/wp-json\/wp\/v2\/product_brand?post=11918"},{"taxonomy":"product_cat","embeddable":true,"href":"https:\/\/manosinkietas.com\/en\/wp-json\/wp\/v2\/product_cat?post=11918"},{"taxonomy":"product_tag","embeddable":true,"href":"https:\/\/manosinkietas.com\/en\/wp-json\/wp\/v2\/product_tag?post=11918"},{"taxonomy":"filtro_producto","embeddable":true,"href":"https:\/\/manosinkietas.com\/en\/wp-json\/wp\/v2\/filtro_producto?post=11918"}],"curies":[{"name":"wp","href":"https:\/\/api.w.org\/{rel}","templated":true}]}}