{"id":11801,"date":"2025-05-29T11:32:31","date_gmt":"2025-05-29T09:32:31","guid":{"rendered":"https:\/\/manosinkietas.com\/?post_type=product&#038;p=11801"},"modified":"2026-03-31T18:57:26","modified_gmt":"2026-03-31T16:57:26","slug":"placa-de-madera-personalizada-para-profesores-en-forma-de-letra","status":"publish","type":"product","link":"https:\/\/manosinkietas.com\/en\/product\/placa-de-madera-personalizada-para-profesores-en-forma-de-letra\/","title":{"rendered":"Placa de Madera Personalizada para Profesores en Forma de Letra"},"content":{"rendered":"<p>Hermosas y originales placas de madera personalizadas para profesores en forma de letra.<\/p>\n<p>Esta placa de madera personalizada en forma de letra es una excelente opci\u00f3n como regalo de fin de curso y es ideal para decorar un regalo o colgarla en la pared. Cada letra lleva grabado personalizado en el que se puede incluir el nombre del profesor o profesora, los nombres de los alumnos, el nombre del colegio, el curso, etc.<\/p>\n<p>Medidas aproximadas:<\/p>\n<p>Alto 18cm y el ancho ser\u00e1 en proporci\u00f3n y depender\u00e1 de la letra que elijas.<\/p>\n<p>Cada placa lleva cinta de gasa en los siguientes colores: lila, blanco, rosa empolvado, verde menta, verde oscuro, marr\u00f3n, salm\u00f3n suave, azul beb\u00e9<\/p>\n<p>TIEMPO DE ELABORACI\u00d3N: 8 a 10 d\u00edas laborables, dependiendo de la \u00e9poca (en temporada de eventos puede tardar m\u00e1s). Por favor, consultar.<\/p>\n<p>NOTA: No se acepten devoluciones de piezas de madera con vetas, especialmente si se trata de productos personalizados o en los cuales se aprovechan las caracter\u00edsticas naturales de la madera. Esto se debe a que las variaciones en el color y las vetas son inherentes a la madera natural y no se consideran defectos.<\/p>\n<p>&nbsp;<\/p>\n<p>*****************************************<\/p>\n<p>Por favor, preg\u00fantanos si tienes alguna duda acerca de nuestros productos. Estamos felices de atenderte.<\/p>\n<p>Recordatorio: esta es una peque\u00f1a tienda de emprendedores y el tiempo invertido en crear nuestras piezas \u00fanicas tambi\u00e9n tiene valor.<\/p>\n<p>\u00bfTe gustan nuestros productos? Echa un vistazo a la tienda:<\/p>","protected":false},"excerpt":{"rendered":"<p>Hermosas y originales placas de madera personalizadas para profesores en forma de letra.<\/p>\n<p>Esta placa de madera personalizada en forma de letra es una excelente opci\u00f3n como regalo de fin de curso y es ideal para decorar un regalo o colgarla en la pared.<\/p>","protected":false},"featured_media":11911,"comment_status":"open","ping_status":"closed","template":"","meta":{"_acf_changed":false},"product_brand":[],"product_cat":[36,701],"product_tag":[1338,49,668,812,813,754,661,69,1336,1337,1339,196,48,1340,90,91,670,659,809,810,660,270,811,658],"filtro_producto":[],"class_list":{"0":"post-11801","1":"product","2":"type-product","3":"status-publish","4":"has-post-thumbnail","6":"product_cat-celebracion","7":"product_cat-placas-personalizadas","8":"product_tag-abecedario","9":"product_tag-corte-laser","10":"product_tag-detalles","11":"product_tag-detalles-para-profes","12":"product_tag-detalles-para-profesores","13":"product_tag-detalles-personalizados","14":"product_tag-fin-de-curso","15":"product_tag-grabado-laser","16":"product_tag-letra","17":"product_tag-letra-de-madera","18":"product_tag-letra-de-madera-personalizada","19":"product_tag-madera","20":"product_tag-metacrilato","21":"product_tag-placa-de-madera-personalizada","22":"product_tag-placa-de-madera","23":"product_tag-placa-personalizada","24":"product_tag-profe","25":"product_tag-profes","26":"product_tag-profesora","27":"product_tag-profesoras","28":"product_tag-profesores","29":"product_tag-regalos","30":"product_tag-regalos-de-fin-de-curso","31":"product_tag-regalos-para-profes","32":"product_shipping_class-cc","34":"first","35":"instock","36":"featured","37":"taxable","38":"shipping-taxable","39":"purchasable","40":"product-type-simple"},"acf":[],"aioseo_notices":[],"_links":{"self":[{"href":"https:\/\/manosinkietas.com\/en\/wp-json\/wp\/v2\/product\/11801","targetHints":{"allow":["GET"]}}],"collection":[{"href":"https:\/\/manosinkietas.com\/en\/wp-json\/wp\/v2\/product"}],"about":[{"href":"https:\/\/manosinkietas.com\/en\/wp-json\/wp\/v2\/types\/product"}],"replies":[{"embeddable":true,"href":"https:\/\/manosinkietas.com\/en\/wp-json\/wp\/v2\/comments?post=11801"}],"version-history":[{"count":2,"href":"https:\/\/manosinkietas.com\/en\/wp-json\/wp\/v2\/product\/11801\/revisions"}],"predecessor-version":[{"id":12065,"href":"https:\/\/manosinkietas.com\/en\/wp-json\/wp\/v2\/product\/11801\/revisions\/12065"}],"wp:featuredmedia":[{"embeddable":true,"href":"https:\/\/manosinkietas.com\/en\/wp-json\/wp\/v2\/media\/11911"}],"wp:attachment":[{"href":"https:\/\/manosinkietas.com\/en\/wp-json\/wp\/v2\/media?parent=11801"}],"wp:term":[{"taxonomy":"product_brand","embeddable":true,"href":"https:\/\/manosinkietas.com\/en\/wp-json\/wp\/v2\/product_brand?post=11801"},{"taxonomy":"product_cat","embeddable":true,"href":"https:\/\/manosinkietas.com\/en\/wp-json\/wp\/v2\/product_cat?post=11801"},{"taxonomy":"product_tag","embeddable":true,"href":"https:\/\/manosinkietas.com\/en\/wp-json\/wp\/v2\/product_tag?post=11801"},{"taxonomy":"filtro_producto","embeddable":true,"href":"https:\/\/manosinkietas.com\/en\/wp-json\/wp\/v2\/filtro_producto?post=11801"}],"curies":[{"name":"wp","href":"https:\/\/api.w.org\/{rel}","templated":true}]}}