{"id":11794,"date":"2025-05-29T11:13:57","date_gmt":"2025-05-29T09:13:57","guid":{"rendered":"https:\/\/manosinkietas.com\/?post_type=product&#038;p=11794"},"modified":"2026-03-31T19:07:52","modified_gmt":"2026-03-31T17:07:52","slug":"portalapices-personalizado-de-corcho-con-lapiz-madera-para-profes-copia","status":"publish","type":"product","link":"https:\/\/manosinkietas.com\/en\/product\/portalapices-personalizado-de-corcho-con-lapiz-madera-para-profes-copia\/","title":{"rendered":"Portal\u00e1pices Personalizado de Corcho con L\u00e1piz de Madera para Profes"},"content":{"rendered":"<p>Hermoso y original portal\u00e1pices personalizado de corcho con l\u00e1piz de madera pintado a mano para profes. Puedes personalizar este regalo para regalar en fin de curso o en cualquier ocasi\u00f3n especial o de agradecimiento para tu profe.<\/p>\n<p>Este portal\u00e1pices personalizado es una excelente opci\u00f3n como regalo de fin de curso. Tiene un l\u00e1piz de madera pintado a mano cuyo mensaje se lee: \u00a1Gracias, profe! Podemos grabar lo que quieras en ese espacio.<\/p>\n<p>Medidas:<\/p>\n<p>ALTO 9cm<br \/>\nANCHO 8cm<\/p>\n<p>*****************************************<\/p>\n<p>Por favor, preg\u00fantanos si tienes alguna duda acerca de nuestros productos. Estamos felices de atenderte.<\/p>\n<p>Recordatorio: esta es una peque\u00f1a tienda de emprendedores y el tiempo invertido en crear nuestras piezas \u00fanicas tambi\u00e9n tiene valor.<\/p>\n<p>\u00bfTe gustan nuestros productos? Echa un vistazo a la tienda:<\/p>","protected":false},"excerpt":{"rendered":"<p>Hermoso y original portal\u00e1pices personalizado de corcho con l\u00e1piz de madera pintado a mano para profes. Puedes personalizar este regalo para regalar en fin de curso o en cualquier ocasi\u00f3n especial o de agradecimiento para tu profe.<\/p>","protected":false},"featured_media":11797,"comment_status":"open","ping_status":"closed","template":"","meta":{"_acf_changed":false},"product_brand":[],"product_cat":[698,36],"product_tag":[49,668,812,813,754,661,69,196,90,91,416,1333,1335,1334,670,659,809,810,660,270,811,658],"filtro_producto":[],"class_list":{"0":"post-11794","1":"product","2":"type-product","3":"status-publish","4":"has-post-thumbnail","6":"product_cat-boligrafos-lapices","7":"product_cat-celebracion","8":"product_tag-corte-laser","9":"product_tag-detalles","10":"product_tag-detalles-para-profes","11":"product_tag-detalles-para-profesores","12":"product_tag-detalles-personalizados","13":"product_tag-fin-de-curso","14":"product_tag-grabado-laser","15":"product_tag-madera","16":"product_tag-placa-de-madera","17":"product_tag-placa-personalizada","18":"product_tag-portalapices","19":"product_tag-portalapices-de-corcho","20":"product_tag-portalapices-para-profes","21":"product_tag-portalapices-personalizado","22":"product_tag-profe","23":"product_tag-profes","24":"product_tag-profesora","25":"product_tag-profesoras","26":"product_tag-profesores","27":"product_tag-regalos","28":"product_tag-regalos-de-fin-de-curso","29":"product_tag-regalos-para-profes","30":"product_shipping_class-cc","32":"first","33":"instock","34":"featured","35":"taxable","36":"shipping-taxable","37":"purchasable","38":"product-type-simple"},"acf":[],"aioseo_notices":[],"_links":{"self":[{"href":"https:\/\/manosinkietas.com\/en\/wp-json\/wp\/v2\/product\/11794","targetHints":{"allow":["GET"]}}],"collection":[{"href":"https:\/\/manosinkietas.com\/en\/wp-json\/wp\/v2\/product"}],"about":[{"href":"https:\/\/manosinkietas.com\/en\/wp-json\/wp\/v2\/types\/product"}],"replies":[{"embeddable":true,"href":"https:\/\/manosinkietas.com\/en\/wp-json\/wp\/v2\/comments?post=11794"}],"version-history":[{"count":1,"href":"https:\/\/manosinkietas.com\/en\/wp-json\/wp\/v2\/product\/11794\/revisions"}],"predecessor-version":[{"id":11800,"href":"https:\/\/manosinkietas.com\/en\/wp-json\/wp\/v2\/product\/11794\/revisions\/11800"}],"wp:featuredmedia":[{"embeddable":true,"href":"https:\/\/manosinkietas.com\/en\/wp-json\/wp\/v2\/media\/11797"}],"wp:attachment":[{"href":"https:\/\/manosinkietas.com\/en\/wp-json\/wp\/v2\/media?parent=11794"}],"wp:term":[{"taxonomy":"product_brand","embeddable":true,"href":"https:\/\/manosinkietas.com\/en\/wp-json\/wp\/v2\/product_brand?post=11794"},{"taxonomy":"product_cat","embeddable":true,"href":"https:\/\/manosinkietas.com\/en\/wp-json\/wp\/v2\/product_cat?post=11794"},{"taxonomy":"product_tag","embeddable":true,"href":"https:\/\/manosinkietas.com\/en\/wp-json\/wp\/v2\/product_tag?post=11794"},{"taxonomy":"filtro_producto","embeddable":true,"href":"https:\/\/manosinkietas.com\/en\/wp-json\/wp\/v2\/filtro_producto?post=11794"}],"curies":[{"name":"wp","href":"https:\/\/api.w.org\/{rel}","templated":true}]}}