{"id":11756,"date":"2025-05-07T11:33:46","date_gmt":"2025-05-07T09:33:46","guid":{"rendered":"https:\/\/manosinkietas.com\/?post_type=product&#038;p=11756"},"modified":"2025-10-26T08:07:53","modified_gmt":"2025-10-26T07:07:53","slug":"kit-ceremonia-arena-bodas","status":"publish","type":"product","link":"https:\/\/manosinkietas.com\/en\/product\/kit-ceremonia-arena-bodas\/","title":{"rendered":"Kit Ceremonia de la Arena para Bodas"},"content":{"rendered":"<p>Precioso kit de ceremonia de la arena, perfecto para hacer el ritual de la arena junto a tu pareja en vuestra boda.<\/p>\n<p>El kit de ceremonia de la arena contiene una caja que ha sido elaborada en madera contrachapado de 3mm pintada a mano con tinte color nogal y metacrilato transparente de 3mm de grosor. Podemos grabar el tronco del \u00e1rbol de la vida con el texto que quieras y puedes escoger entre 2 modelos distintos de botellitas para la arena (de 175ml o de 500ml).<\/p>\n<p>El kit de ceremonia de la arena incluye dos corazones para las botellitas con los nombres grabados de la pareja y la fecha de la boda.<\/p>\n<p>Medidas de la caja:<\/p>\n<p>ALTO 19,2cm<\/p>\n<p>ANCHO 20,3cm<\/p>\n<p>PROFUNDIDAD 3,1cm<\/p>\n<p>Corazones: 3,5cm x 3,1cm<\/p>\n<p><strong><em>NOTA: Arena incluida<\/em><\/strong><\/p>\n<p>TIEMPO DE ELABORACI\u00d3N: 8 a 10 d\u00edas laborables, dependiendo de la \u00e9poca (en temporada de eventos puede tardar m\u00e1s)<\/p>\n<p>*****************************************<\/p>\n<p>Por favor, preg\u00fantanos si tienes alguna duda acerca de nuestros productos. Estamos felices de atenderte. Recordatorio: esta es una peque\u00f1a tienda de emprendedores y el tiempo invertido en crear nuestras piezas \u00fanicas tambi\u00e9n tiene valor. \u00bfTe gustan nuestros productos? Echa un vistazo a la tienda:<\/p>","protected":false},"excerpt":{"rendered":"<p>Precioso kit de ceremonia de la arena, perfecto para hacer el ritual de la arena junto a tu pareja en vuestra boda.<\/p>","protected":false},"featured_media":11763,"comment_status":"open","ping_status":"closed","template":"","meta":{"_acf_changed":false},"product_brand":[],"product_cat":[36,702],"product_tag":[880,470,874,550,1324,1323,1329,1321,49,878,877,538,69,1325,1326,196,48,875,876,222,1331,1332,548,816,815,1322,1330,1320,1327,1328],"filtro_producto":[],"class_list":{"0":"post-11756","1":"product","2":"type-product","3":"status-publish","4":"has-post-thumbnail","6":"product_cat-celebracion","7":"product_cat-tematico","8":"product_tag-arbol-de-la-vida","9":"product_tag-arena","10":"product_tag-boda","11":"product_tag-bodas","12":"product_tag-caja-de-ceremonia-de-la-arena","13":"product_tag-caja-de-ritual-de-la-arena","14":"product_tag-ceremonia","15":"product_tag-ceremonia-de-la-arena","16":"product_tag-corte-laser","17":"product_tag-detalles-para-bodas","18":"product_tag-detalles-para-novios","19":"product_tag-eventos","20":"product_tag-grabado-laser","21":"product_tag-kit-de-ceremonia-de-la-arena","22":"product_tag-kit-de-ritual-de-la-arena","23":"product_tag-madera","24":"product_tag-metacrilato","25":"product_tag-novia","26":"product_tag-novio","27":"product_tag-novios","28":"product_tag-pack-de-ceremonia-de-la-arena","29":"product_tag-pack-del-ritual-de-la-arena","30":"product_tag-recuerdos-para-eventos","31":"product_tag-regalos-para-bodas","32":"product_tag-regalos-para-eventos","33":"product_tag-rito-de-la-arena","34":"product_tag-ritual","35":"product_tag-ritual-de-la-arena","36":"product_tag-set-de-ceremonia-de-la-arena","37":"product_tag-set-de-ritual-de-la-arena","38":"product_shipping_class-pp","40":"first","41":"instock","42":"taxable","43":"shipping-taxable","44":"purchasable","45":"product-type-variable"},"acf":[],"aioseo_notices":[],"_links":{"self":[{"href":"https:\/\/manosinkietas.com\/en\/wp-json\/wp\/v2\/product\/11756","targetHints":{"allow":["GET"]}}],"collection":[{"href":"https:\/\/manosinkietas.com\/en\/wp-json\/wp\/v2\/product"}],"about":[{"href":"https:\/\/manosinkietas.com\/en\/wp-json\/wp\/v2\/types\/product"}],"replies":[{"embeddable":true,"href":"https:\/\/manosinkietas.com\/en\/wp-json\/wp\/v2\/comments?post=11756"}],"version-history":[{"count":2,"href":"https:\/\/manosinkietas.com\/en\/wp-json\/wp\/v2\/product\/11756\/revisions"}],"predecessor-version":[{"id":11777,"href":"https:\/\/manosinkietas.com\/en\/wp-json\/wp\/v2\/product\/11756\/revisions\/11777"}],"wp:featuredmedia":[{"embeddable":true,"href":"https:\/\/manosinkietas.com\/en\/wp-json\/wp\/v2\/media\/11763"}],"wp:attachment":[{"href":"https:\/\/manosinkietas.com\/en\/wp-json\/wp\/v2\/media?parent=11756"}],"wp:term":[{"taxonomy":"product_brand","embeddable":true,"href":"https:\/\/manosinkietas.com\/en\/wp-json\/wp\/v2\/product_brand?post=11756"},{"taxonomy":"product_cat","embeddable":true,"href":"https:\/\/manosinkietas.com\/en\/wp-json\/wp\/v2\/product_cat?post=11756"},{"taxonomy":"product_tag","embeddable":true,"href":"https:\/\/manosinkietas.com\/en\/wp-json\/wp\/v2\/product_tag?post=11756"},{"taxonomy":"filtro_producto","embeddable":true,"href":"https:\/\/manosinkietas.com\/en\/wp-json\/wp\/v2\/filtro_producto?post=11756"}],"curies":[{"name":"wp","href":"https:\/\/api.w.org\/{rel}","templated":true}]}}