{"id":11725,"date":"2025-04-25T18:35:26","date_gmt":"2025-04-25T16:35:26","guid":{"rendered":"https:\/\/manosinkietas.com\/?post_type=product&#038;p=11725"},"modified":"2025-04-25T18:53:23","modified_gmt":"2025-04-25T16:53:23","slug":"set-ocho-mini-toppers-unicornios-animales-selva","status":"publish","type":"product","link":"https:\/\/manosinkietas.com\/en\/product\/set-ocho-mini-toppers-unicornios-animales-selva\/","title":{"rendered":"Set de 8 Mini Toppers de Madera"},"content":{"rendered":"<p>Hermoso y original set de 8 mini toppers de madera contrachapado de 3mm.<\/p>\n<p>Tienes 2 modelos a elegir:<\/p>\n<p>UNICORNIOS:<\/p>\n<p class=\"\" data-start=\"111\" data-end=\"423\">Dale un toque m\u00e1gico a tus celebraciones con estos mini toppers de unicornios en madera natural grabados a l\u00e1ser. Perfectos para decorar cupcakes, tortas, centros de mesa o cualquier detalle que quieras transformar en algo especial.<\/p>\n<p class=\"\" data-start=\"425\" data-end=\"611\">Cada set incluye 8 toppers con diferentes dise\u00f1os encantadores de unicornios, ideal para fiestas tem\u00e1ticas, baby showers, cumplea\u00f1os o simplemente para sumar fantas\u00eda a tus creaciones.<\/p>\n<p class=\"\" data-start=\"692\" data-end=\"740\">\u00a1Suma un poco de magia y originalidad a tu mesa!<\/p>\n<p>ANIMALES DE LA SELVA<\/p>\n<p class=\"\" data-start=\"747\" data-end=\"1055\">\u00a1La aventura comienza en tu mesa! Este set de 8 mini toppers de animales de la selva est\u00e1 hecho en madera natural y grabado a l\u00e1ser con gran precisi\u00f3n, ideal para decorar cupcakes, snacks o cualquier rinc\u00f3n de tu fiesta tem\u00e1tica.<\/p>\n<p class=\"\" data-start=\"1057\" data-end=\"1204\">Incluye dise\u00f1os variados: le\u00f3n, elefante, mono, jirafa y m\u00e1s. Perfectos para cumplea\u00f1os infantiles, baby showers o mesas dulces con onda salvaje.<\/p>\n<p class=\"\" data-start=\"1324\" data-end=\"1391\">\u00a1Llena de vida y ternura tu decoraci\u00f3n con estos adorables toppers!<\/p>\n<p>Medidas aproximadas: 6-7cm de ancho y 12-13cm de alto<\/p>\n<p>*****************************************<\/p>\n<p>Por favor, preg\u00fantanos si tienes alguna duda acerca de nuestros productos. Estamos felices de atenderte.<\/p>\n<p>Recordatorio: esta es una peque\u00f1a tienda de emprendedores y el tiempo invertido en crear nuestras piezas \u00fanicas tambi\u00e9n tiene valor.<\/p>\n<p>\u00bfTe gustan nuestros productos? Echa un vistazo a la tienda:<\/p>","protected":false},"excerpt":{"rendered":"<p>Hermoso y original set de 8 mini toppers de madera contrachapado de 3mm.<\/p>\n<p>Tienes 2 modelos a elegir:<\/p>\n<p>UNICORNIOS y ANIMALES DE LA SELVA<\/p>","protected":false},"featured_media":11739,"comment_status":"open","ping_status":"closed","template":"","meta":{"_acf_changed":false},"product_brand":[],"product_cat":[696,36],"product_tag":[1018,1309,1308,826,38,1314,1315,49,45,44,1316,1311,1312,69,1313,1317,1318,196,1307,537,47,46,39,42,288,40,41,37,1319,1310],"filtro_producto":[],"class_list":{"0":"post-11725","1":"product","2":"type-product","3":"status-publish","4":"has-post-thumbnail","6":"product_cat-cake-toppers","7":"product_cat-celebracion","8":"product_tag-animales","9":"product_tag-animales-de-la-jungla","10":"product_tag-animales-de-la-selva","11":"product_tag-arcoiris","12":"product_tag-cake-topper","13":"product_tag-cebra","14":"product_tag-cocodrilo","15":"product_tag-corte-laser","16":"product_tag-cumpleanos","17":"product_tag-decoracion-de-cumpleanos","18":"product_tag-elefante","19":"product_tag-estrellas","20":"product_tag-gorila","21":"product_tag-grabado-laser","22":"product_tag-jirafa","23":"product_tag-koala","24":"product_tag-leon","25":"product_tag-madera","26":"product_tag-mini-topper","27":"product_tag-party-decor","28":"product_tag-pastel","29":"product_tag-tarta","30":"product_tag-topper","31":"product_tag-topper-de-cumpleanos","32":"product_tag-topper-de-madera","33":"product_tag-topper-de-pastel","34":"product_tag-topper-de-tarta","35":"product_tag-topper-para-tarta","36":"product_tag-tucan","37":"product_tag-unicornios","38":"product_shipping_class-cc","40":"first","41":"instock","42":"taxable","43":"shipping-taxable","44":"purchasable","45":"product-type-variable"},"acf":[],"aioseo_notices":[],"_links":{"self":[{"href":"https:\/\/manosinkietas.com\/en\/wp-json\/wp\/v2\/product\/11725","targetHints":{"allow":["GET"]}}],"collection":[{"href":"https:\/\/manosinkietas.com\/en\/wp-json\/wp\/v2\/product"}],"about":[{"href":"https:\/\/manosinkietas.com\/en\/wp-json\/wp\/v2\/types\/product"}],"replies":[{"embeddable":true,"href":"https:\/\/manosinkietas.com\/en\/wp-json\/wp\/v2\/comments?post=11725"}],"version-history":[{"count":1,"href":"https:\/\/manosinkietas.com\/en\/wp-json\/wp\/v2\/product\/11725\/revisions"}],"predecessor-version":[{"id":11751,"href":"https:\/\/manosinkietas.com\/en\/wp-json\/wp\/v2\/product\/11725\/revisions\/11751"}],"wp:featuredmedia":[{"embeddable":true,"href":"https:\/\/manosinkietas.com\/en\/wp-json\/wp\/v2\/media\/11739"}],"wp:attachment":[{"href":"https:\/\/manosinkietas.com\/en\/wp-json\/wp\/v2\/media?parent=11725"}],"wp:term":[{"taxonomy":"product_brand","embeddable":true,"href":"https:\/\/manosinkietas.com\/en\/wp-json\/wp\/v2\/product_brand?post=11725"},{"taxonomy":"product_cat","embeddable":true,"href":"https:\/\/manosinkietas.com\/en\/wp-json\/wp\/v2\/product_cat?post=11725"},{"taxonomy":"product_tag","embeddable":true,"href":"https:\/\/manosinkietas.com\/en\/wp-json\/wp\/v2\/product_tag?post=11725"},{"taxonomy":"filtro_producto","embeddable":true,"href":"https:\/\/manosinkietas.com\/en\/wp-json\/wp\/v2\/filtro_producto?post=11725"}],"curies":[{"name":"wp","href":"https:\/\/api.w.org\/{rel}","templated":true}]}}