{"id":11713,"date":"2025-04-25T18:33:49","date_gmt":"2025-04-25T16:33:49","guid":{"rendered":"https:\/\/manosinkietas.com\/?post_type=product&#038;p=11713"},"modified":"2025-04-25T18:33:50","modified_gmt":"2025-04-25T16:33:50","slug":"tote-bags-con-estampado-boho-chic","status":"publish","type":"product","link":"https:\/\/manosinkietas.com\/en\/product\/tote-bags-con-estampado-boho-chic\/","title":{"rendered":"Tote Bags con Estampado Boho Chic"},"content":{"rendered":"<p class=\"\" data-start=\"81\" data-end=\"418\">\u00a1El complemento ideal para tu d\u00eda a d\u00eda! Nuestras tote bags de algod\u00f3n 100% natural combinan funcionalidad y estilo con un dise\u00f1o boho chic que no pasa desapercibido. Con estampados modernos, llamativos y llenos de personalidad, son perfectas para llevar todo lo que necesitas con comodidad y estilo.<\/p>\n<p class=\"\" data-start=\"420\" data-end=\"635\">Son resistentes, ecol\u00f3gicas y s\u00faper vers\u00e1tiles: \u00fasalas para ir de compras, a la playa, a clases o simplemente como un accesorio con chic. Livianas, espaciosas y con costuras reforzadas para acompa\u00f1arte en cada plan.<\/p>\n<p data-start=\"420\" data-end=\"635\">Tienes 5 modelos a elegir.<\/p>\n<p class=\"\" data-start=\"707\" data-end=\"755\">\u00a1Elige la tuya y marca la diferencia con estilo!<\/p>\n<p data-start=\"707\" data-end=\"755\">MATERIALES Y MEDIDAS<\/p>\n<p data-start=\"707\" data-end=\"755\">Bolsa en resistente algod\u00f3n de 140g\/m2 con acabado en color natural. Con asas largas de 70cm y acabado cosido. Resistencia hasta 7kg de peso.<\/p>\n<p>Algod\u00f3n 140 g\/ m2<\/p>\n<p>*****************************************<\/p>\n<p>Por favor, preg\u00fantanos si tienes alguna duda acerca de nuestros productos. Estamos felices de atenderte.<\/p>\n<p>Recordatorio: esta es una peque\u00f1a tienda de emprendedores y el tiempo invertido en crear nuestras piezas \u00fanicas tambi\u00e9n tiene valor.<\/p>\n<p>\u00bfTe gustan nuestros productos? Echa un vistazo a la tienda:<\/p>","protected":false},"excerpt":{"rendered":"<p>Nuestras tote bags de algod\u00f3n 100% natural combinan funcionalidad y estilo con un dise\u00f1o boho chic que no pasa desapercibido. Con estampados modernos, llamativos y llenos de personalidad, son perfectas para llevar todo lo que necesitas con comodidad y estilo.<\/p>","protected":false},"featured_media":11715,"comment_status":"open","ping_status":"closed","template":"","meta":{"_acf_changed":false},"product_brand":[],"product_cat":[702],"product_tag":[1304,1168,1236,1302,1303,1167,1237,1301,1299,1300,1306,1305],"filtro_producto":[],"class_list":{"0":"post-11713","1":"product","2":"type-product","3":"status-publish","4":"has-post-thumbnail","6":"product_cat-tematico","7":"product_tag-bohemio","8":"product_tag-boho","9":"product_tag-boho-chic","10":"product_tag-bolsa","11":"product_tag-bolsa-de-algodon","12":"product_tag-estilo-boho","13":"product_tag-estilo-boho-chic","14":"product_tag-tote","15":"product_tag-tote-bag","16":"product_tag-tote-bags","17":"product_tag-tote-bags-para-ella","18":"product_tag-tote-bags-para-mama","19":"product_shipping_class-cc","21":"first","22":"instock","23":"taxable","24":"shipping-taxable","25":"purchasable","26":"product-type-variable"},"acf":[],"aioseo_notices":[],"_links":{"self":[{"href":"https:\/\/manosinkietas.com\/en\/wp-json\/wp\/v2\/product\/11713","targetHints":{"allow":["GET"]}}],"collection":[{"href":"https:\/\/manosinkietas.com\/en\/wp-json\/wp\/v2\/product"}],"about":[{"href":"https:\/\/manosinkietas.com\/en\/wp-json\/wp\/v2\/types\/product"}],"replies":[{"embeddable":true,"href":"https:\/\/manosinkietas.com\/en\/wp-json\/wp\/v2\/comments?post=11713"}],"version-history":[{"count":1,"href":"https:\/\/manosinkietas.com\/en\/wp-json\/wp\/v2\/product\/11713\/revisions"}],"predecessor-version":[{"id":11724,"href":"https:\/\/manosinkietas.com\/en\/wp-json\/wp\/v2\/product\/11713\/revisions\/11724"}],"wp:featuredmedia":[{"embeddable":true,"href":"https:\/\/manosinkietas.com\/en\/wp-json\/wp\/v2\/media\/11715"}],"wp:attachment":[{"href":"https:\/\/manosinkietas.com\/en\/wp-json\/wp\/v2\/media?parent=11713"}],"wp:term":[{"taxonomy":"product_brand","embeddable":true,"href":"https:\/\/manosinkietas.com\/en\/wp-json\/wp\/v2\/product_brand?post=11713"},{"taxonomy":"product_cat","embeddable":true,"href":"https:\/\/manosinkietas.com\/en\/wp-json\/wp\/v2\/product_cat?post=11713"},{"taxonomy":"product_tag","embeddable":true,"href":"https:\/\/manosinkietas.com\/en\/wp-json\/wp\/v2\/product_tag?post=11713"},{"taxonomy":"filtro_producto","embeddable":true,"href":"https:\/\/manosinkietas.com\/en\/wp-json\/wp\/v2\/filtro_producto?post=11713"}],"curies":[{"name":"wp","href":"https:\/\/api.w.org\/{rel}","templated":true}]}}