{"id":11703,"date":"2025-04-24T11:24:34","date_gmt":"2025-04-24T09:24:34","guid":{"rendered":"https:\/\/manosinkietas.com\/?post_type=product&#038;p=11703"},"modified":"2025-04-24T11:32:13","modified_gmt":"2025-04-24T09:32:13","slug":"llaveros-mama-perruna-y-mama-gatuna","status":"publish","type":"product","link":"https:\/\/manosinkietas.com\/en\/product\/llaveros-mama-perruna-y-mama-gatuna\/","title":{"rendered":"Llaveros Mam\u00e1 Perruna y Mam\u00e1 Gatuna"},"content":{"rendered":"<p>Originales y \u00fanicos llaveros para las mam\u00e1s perrunas o mam\u00e1s gatunas que adoran a sus mascotas. Los puedes personalizar con el nombre o inicial de tu perro o gato.<\/p>\n<p>Cada llavero tiene un aro tipo cangrejo muy pr\u00e1ctico para tus llaves.<\/p>\n<p>Son perfectos como regalo del D\u00eda de las Madres u otras ocasiones especiales.<\/p>\n<p>Tienes dos modelos a elegir:<\/p>\n<p>Mam\u00e1 perruna: en madera contrachapado 3mm y peque\u00f1o huesito de metacrilato blanco<br \/>\nMam\u00e1 gatuna: en madera contrachapado 3mm y peque\u00f1o esqueleto de pescado en metacrilato gris nacarado<\/p>\n<p>Medidas aproximadas de cada llavero:<\/p>\n<p>5,5cm de ancho x 5,2cm de alto<\/p>\n<p>*****************************************<\/p>\n<p>Por favor, preg\u00fantanos si tienes alguna duda acerca de nuestros productos. Estamos felices de atenderte.<\/p>\n<p>Recordatorio: esta es una peque\u00f1a tienda de emprendedores y el tiempo invertido en crear nuestras piezas \u00fanicas tambi\u00e9n tiene valor.<\/p>\n<p>\u00bfTe gustan nuestros productos? Echa un vistazo a la tienda:<\/p>","protected":false},"excerpt":{"rendered":"<p>Originales y \u00fanicos llaveros para las mam\u00e1s perrunas o mam\u00e1s gatunas que adoran a sus mascotas. Los puedes personalizar con el nombre o inicial de tu perro o gato.<\/p>","protected":false},"featured_media":11708,"comment_status":"open","ping_status":"closed","template":"","meta":{"_acf_changed":false},"product_brand":[],"product_cat":[36,700],"product_tag":[907,1295,1264,1262,49,1049,868,83,84,1297,305,69,232,233,302,805,806,807,1298,278,761,1263,760,451,866,865,85,284,239],"filtro_producto":[],"class_list":{"0":"post-11703","1":"product","2":"type-product","3":"status-publish","4":"has-post-thumbnail","6":"product_cat-celebracion","7":"product_cat-llaveros","8":"product_tag-abuela","9":"product_tag-abuelas","10":"product_tag-amor-gatuno","11":"product_tag-amor-perruno","12":"product_tag-corte-laser","13":"product_tag-detalle-para-mama","14":"product_tag-detalles-para-mama","15":"product_tag-dia-de-la-madre","16":"product_tag-dia-de-las-madres","17":"product_tag-feliz-dia-de-las-madres","18":"product_tag-gatos","19":"product_tag-grabado-laser","20":"product_tag-llavero","21":"product_tag-llavero-personalizado","22":"product_tag-llaveros","23":"product_tag-madre","24":"product_tag-madres","25":"product_tag-mama","26":"product_tag-mamas","27":"product_tag-perro","28":"product_tag-perros","29":"product_tag-pet-lover","30":"product_tag-mascotas","31":"product_tag-regalo","32":"product_tag-regalo-del-dia-de-la-madre","33":"product_tag-regalo-dia-de-la-madre","34":"product_tag-regalo-para-mama","35":"product_tag-regalos-para-mama","36":"product_tag-regalos-personalizados","37":"product_shipping_class-cc","39":"first","40":"instock","41":"taxable","42":"shipping-taxable","43":"purchasable","44":"product-type-variable"},"acf":[],"aioseo_notices":[],"_links":{"self":[{"href":"https:\/\/manosinkietas.com\/en\/wp-json\/wp\/v2\/product\/11703","targetHints":{"allow":["GET"]}}],"collection":[{"href":"https:\/\/manosinkietas.com\/en\/wp-json\/wp\/v2\/product"}],"about":[{"href":"https:\/\/manosinkietas.com\/en\/wp-json\/wp\/v2\/types\/product"}],"replies":[{"embeddable":true,"href":"https:\/\/manosinkietas.com\/en\/wp-json\/wp\/v2\/comments?post=11703"}],"version-history":[{"count":1,"href":"https:\/\/manosinkietas.com\/en\/wp-json\/wp\/v2\/product\/11703\/revisions"}],"predecessor-version":[{"id":11712,"href":"https:\/\/manosinkietas.com\/en\/wp-json\/wp\/v2\/product\/11703\/revisions\/11712"}],"wp:featuredmedia":[{"embeddable":true,"href":"https:\/\/manosinkietas.com\/en\/wp-json\/wp\/v2\/media\/11708"}],"wp:attachment":[{"href":"https:\/\/manosinkietas.com\/en\/wp-json\/wp\/v2\/media?parent=11703"}],"wp:term":[{"taxonomy":"product_brand","embeddable":true,"href":"https:\/\/manosinkietas.com\/en\/wp-json\/wp\/v2\/product_brand?post=11703"},{"taxonomy":"product_cat","embeddable":true,"href":"https:\/\/manosinkietas.com\/en\/wp-json\/wp\/v2\/product_cat?post=11703"},{"taxonomy":"product_tag","embeddable":true,"href":"https:\/\/manosinkietas.com\/en\/wp-json\/wp\/v2\/product_tag?post=11703"},{"taxonomy":"filtro_producto","embeddable":true,"href":"https:\/\/manosinkietas.com\/en\/wp-json\/wp\/v2\/filtro_producto?post=11703"}],"curies":[{"name":"wp","href":"https:\/\/api.w.org\/{rel}","templated":true}]}}