{"id":11681,"date":"2025-04-16T12:07:13","date_gmt":"2025-04-16T10:07:13","guid":{"rendered":"https:\/\/manosinkietas.com\/?post_type=product&#038;p=11681"},"modified":"2025-08-07T11:31:47","modified_gmt":"2025-08-07T09:31:47","slug":"joyero-de-bambu-con-inicial-metacrilato-dia-de-las-madres","status":"publish","type":"product","link":"https:\/\/manosinkietas.com\/en\/product\/joyero-de-bambu-con-inicial-metacrilato-dia-de-las-madres\/","title":{"rendered":"Joyero de Bamb\u00fa con Inicial Metacrilato D\u00eda de las Madres"},"content":{"rendered":"<p>Bonito y original joyero de bamb\u00fa para el D\u00eda de las Madres. Contiene la frase grabada &#8220;Te quiero&#8221; junto a una inicial en color salm\u00f3n y la palabra &#8220;Mam\u00e1&#8221; grabada en color blanco.<\/p>\n<p>Estos joyeros de bamb\u00fa son el complemento perfecto para regalar el D\u00eda de las Madres. Traen un espejito en su interior.<\/p>\n<p>MEDIDAS<\/p>\n<p>8cm de di\u00e1metro<\/p>\n<p>TIEMPO DE ELABORACI\u00d3N: 8 a 10 d\u00edas laborables, dependiendo de la \u00e9poca (en temporada de eventos puede tardar m\u00e1s). Por favor, consultar.<\/p>\n<p>NOTA: No se acepten devoluciones de piezas de madera con vetas, especialmente si se trata de productos personalizados o en los cuales se aprovechan las caracter\u00edsticas naturales de la madera. Esto se debe a que las variaciones en el color y las vetas son inherentes a la madera natural y no se consideran defectos.<\/p>\n<p>*****************************************<\/p>\n<p>Por favor, preg\u00fantanos si tienes alguna duda acerca de nuestros productos. Estamos felices de atenderte.<\/p>\n<p>Recordatorio: esta es una peque\u00f1a tienda de emprendedores y el tiempo invertido en crear nuestras piezas \u00fanicas tambi\u00e9n tiene valor.<\/p>\n<p>\u00bfTe gustan nuestros productos? Echa un vistazo a la tienda:<\/p>","protected":false},"excerpt":{"rendered":"<p>Bonito y original joyero de bamb\u00fa para el D\u00eda de las Madres.<\/p>","protected":false},"featured_media":11682,"comment_status":"open","ping_status":"closed","template":"","meta":{"_acf_changed":false},"product_brand":[],"product_cat":[36,702],"product_tag":[907,1295,1062,49,1057,868,754,83,84,1058,1059,1061,1060,69,1296,134,1292,135,1294,1293,196,805,807,48,72,1056,284],"filtro_producto":[],"class_list":{"0":"post-11681","1":"product","2":"type-product","3":"status-publish","4":"has-post-thumbnail","6":"product_cat-celebracion","7":"product_cat-tematico","8":"product_tag-abuela","9":"product_tag-abuelas","10":"product_tag-bambu","11":"product_tag-corte-laser","12":"product_tag-detalles-para-abuela","13":"product_tag-detalles-para-mama","14":"product_tag-detalles-personalizados","15":"product_tag-dia-de-la-madre","16":"product_tag-dia-de-las-madres","17":"product_tag-espejo","18":"product_tag-espejo-de-bambu","19":"product_tag-espejo-grabado","20":"product_tag-espejo-personalizado","21":"product_tag-grabado-laser","22":"product_tag-inicial","23":"product_tag-joyero","24":"product_tag-joyero-de-bambu","25":"product_tag-joyero-de-madera","26":"product_tag-joyero-para-abuela","27":"product_tag-joyero-para-mama","28":"product_tag-madera","29":"product_tag-madre","30":"product_tag-mama","31":"product_tag-metacrilato","32":"product_tag-regalo-personalizado","33":"product_tag-regalos-para-abuela","34":"product_tag-regalos-para-mama","35":"product_shipping_class-cc","37":"first","38":"instock","39":"taxable","40":"shipping-taxable","41":"purchasable","42":"product-type-simple"},"acf":[],"aioseo_notices":[],"_links":{"self":[{"href":"https:\/\/manosinkietas.com\/en\/wp-json\/wp\/v2\/product\/11681","targetHints":{"allow":["GET"]}}],"collection":[{"href":"https:\/\/manosinkietas.com\/en\/wp-json\/wp\/v2\/product"}],"about":[{"href":"https:\/\/manosinkietas.com\/en\/wp-json\/wp\/v2\/types\/product"}],"replies":[{"embeddable":true,"href":"https:\/\/manosinkietas.com\/en\/wp-json\/wp\/v2\/comments?post=11681"}],"version-history":[{"count":2,"href":"https:\/\/manosinkietas.com\/en\/wp-json\/wp\/v2\/product\/11681\/revisions"}],"predecessor-version":[{"id":12066,"href":"https:\/\/manosinkietas.com\/en\/wp-json\/wp\/v2\/product\/11681\/revisions\/12066"}],"wp:featuredmedia":[{"embeddable":true,"href":"https:\/\/manosinkietas.com\/en\/wp-json\/wp\/v2\/media\/11682"}],"wp:attachment":[{"href":"https:\/\/manosinkietas.com\/en\/wp-json\/wp\/v2\/media?parent=11681"}],"wp:term":[{"taxonomy":"product_brand","embeddable":true,"href":"https:\/\/manosinkietas.com\/en\/wp-json\/wp\/v2\/product_brand?post=11681"},{"taxonomy":"product_cat","embeddable":true,"href":"https:\/\/manosinkietas.com\/en\/wp-json\/wp\/v2\/product_cat?post=11681"},{"taxonomy":"product_tag","embeddable":true,"href":"https:\/\/manosinkietas.com\/en\/wp-json\/wp\/v2\/product_tag?post=11681"},{"taxonomy":"filtro_producto","embeddable":true,"href":"https:\/\/manosinkietas.com\/en\/wp-json\/wp\/v2\/filtro_producto?post=11681"}],"curies":[{"name":"wp","href":"https:\/\/api.w.org\/{rel}","templated":true}]}}