{"id":11668,"date":"2025-04-14T17:51:47","date_gmt":"2025-04-14T15:51:47","guid":{"rendered":"https:\/\/manosinkietas.com\/?post_type=product&#038;p=11668"},"modified":"2026-03-31T18:44:31","modified_gmt":"2026-03-31T16:44:31","slug":"kit-neceser-espejo-antifaz-balsamo-vela-masajeador-dia-de-las-madres","status":"publish","type":"product","link":"https:\/\/manosinkietas.com\/en\/product\/kit-neceser-espejo-antifaz-balsamo-vela-masajeador-dia-de-las-madres\/","title":{"rendered":"Kit Neceser, Espejo, Antifaz, B\u00e1lsamo, Vela y Masajeador D\u00eda de las Madres"},"content":{"rendered":"<p>Originales piezas para crear kit de regalo para mam\u00e1 en el D\u00eda de las Madres. Especial para las mam\u00e1s que se cuidan y se miman.<\/p>\n<p>El kit contiene:<\/p>\n<p>1 neceser con la frase MAM\u00c1<\/p>\n<p>1 antifaz<\/p>\n<p>1 b\u00e1lsamo labial de vainilla con sticker alusivo al d\u00eda de las Madres<\/p>\n<p>1 espejo grabado con frase alusiva al d\u00eda de las Madres<\/p>\n<p>1 Masajeador de madera grabado con la frase &#8220;Mi mam\u00e1 se mima&#8221;<\/p>\n<p>1 vela con sticker alusivo al d\u00eda de las Madres<\/p>\n<p>TIEMPO DE ELABORACI\u00d3N: 8 a 10 d\u00edas laborables, dependiendo de la \u00e9poca (en temporada de eventos puede tardar m\u00e1s). Por favor, consultar.<\/p>\n<p>NOTA: No se acepten devoluciones de piezas de madera con vetas, especialmente si se trata de productos personalizados o en los cuales se aprovechan las caracter\u00edsticas naturales de la madera. Esto se debe a que las variaciones en el color y las vetas son inherentes a la madera natural y no se consideran defectos.<\/p>\n<p>*****************************************<\/p>\n<p>Por favor, preg\u00fantanos si tienes alguna duda acerca de nuestros productos. Estamos felices de atenderte.<\/p>\n<p>Recordatorio: esta es una peque\u00f1a tienda de emprendedores y el tiempo invertido en crear nuestras piezas \u00fanicas tambi\u00e9n tiene valor.<\/p>\n<p>\u00bfTe gustan nuestros productos? Echa un vistazo a la tienda:<\/p>","protected":false},"excerpt":{"rendered":"<p>Originales piezas para crear kit de regalo para mam\u00e1 en el D\u00eda de las Madres. Especial para las mam\u00e1s que se cuidan y se miman.<\/p>","protected":false},"featured_media":11669,"comment_status":"open","ping_status":"closed","template":"","meta":{"_acf_changed":false},"product_brand":[],"product_cat":[36,702],"product_tag":[1284,1287,1281,1288,49,83,84,1058,1059,1289,1061,69,1290,805,807,1283,1291,1285,1286,451,866,865,1056,224,284,239,1282],"filtro_producto":[],"class_list":{"0":"post-11668","1":"product","2":"type-product","3":"status-publish","4":"has-post-thumbnail","6":"product_cat-celebracion","7":"product_cat-tematico","8":"product_tag-antifaz","9":"product_tag-antifaz-dia-de-las-madres","10":"product_tag-balsamo-labial","11":"product_tag-balsamo-labial-dia-de-las-madres","12":"product_tag-corte-laser","13":"product_tag-dia-de-la-madre","14":"product_tag-dia-de-las-madres","15":"product_tag-espejo","16":"product_tag-espejo-de-bambu","17":"product_tag-espejo-dia-de-las-madres","18":"product_tag-espejo-grabado","19":"product_tag-grabado-laser","20":"product_tag-kit-para-mama","21":"product_tag-madre","22":"product_tag-mama","23":"product_tag-masajeador-de-madera","24":"product_tag-mi-mama-se-mima","25":"product_tag-neceser","26":"product_tag-neceser-dia-de-las-madres","27":"product_tag-regalo","28":"product_tag-regalo-del-dia-de-la-madre","29":"product_tag-regalo-dia-de-la-madre","30":"product_tag-regalos-para-abuela","31":"product_tag-regalos-para-ella","32":"product_tag-regalos-para-mama","33":"product_tag-regalos-personalizados","34":"product_tag-vela-dia-de-las-madres","35":"product_shipping_class-cc","37":"first","38":"instock","39":"taxable","40":"shipping-taxable","41":"purchasable","42":"product-type-simple"},"acf":[],"aioseo_notices":[],"_links":{"self":[{"href":"https:\/\/manosinkietas.com\/en\/wp-json\/wp\/v2\/product\/11668","targetHints":{"allow":["GET"]}}],"collection":[{"href":"https:\/\/manosinkietas.com\/en\/wp-json\/wp\/v2\/product"}],"about":[{"href":"https:\/\/manosinkietas.com\/en\/wp-json\/wp\/v2\/types\/product"}],"replies":[{"embeddable":true,"href":"https:\/\/manosinkietas.com\/en\/wp-json\/wp\/v2\/comments?post=11668"}],"version-history":[{"count":2,"href":"https:\/\/manosinkietas.com\/en\/wp-json\/wp\/v2\/product\/11668\/revisions"}],"predecessor-version":[{"id":12067,"href":"https:\/\/manosinkietas.com\/en\/wp-json\/wp\/v2\/product\/11668\/revisions\/12067"}],"wp:featuredmedia":[{"embeddable":true,"href":"https:\/\/manosinkietas.com\/en\/wp-json\/wp\/v2\/media\/11669"}],"wp:attachment":[{"href":"https:\/\/manosinkietas.com\/en\/wp-json\/wp\/v2\/media?parent=11668"}],"wp:term":[{"taxonomy":"product_brand","embeddable":true,"href":"https:\/\/manosinkietas.com\/en\/wp-json\/wp\/v2\/product_brand?post=11668"},{"taxonomy":"product_cat","embeddable":true,"href":"https:\/\/manosinkietas.com\/en\/wp-json\/wp\/v2\/product_cat?post=11668"},{"taxonomy":"product_tag","embeddable":true,"href":"https:\/\/manosinkietas.com\/en\/wp-json\/wp\/v2\/product_tag?post=11668"},{"taxonomy":"filtro_producto","embeddable":true,"href":"https:\/\/manosinkietas.com\/en\/wp-json\/wp\/v2\/filtro_producto?post=11668"}],"curies":[{"name":"wp","href":"https:\/\/api.w.org\/{rel}","templated":true}]}}