{"id":11655,"date":"2025-04-14T17:10:55","date_gmt":"2025-04-14T15:10:55","guid":{"rendered":"https:\/\/manosinkietas.com\/?post_type=product&#038;p=11655"},"modified":"2026-03-31T19:01:54","modified_gmt":"2026-03-31T17:01:54","slug":"placa-personalizada-con-inicial-de-flores-preservadas-dia-de-las-madres","status":"publish","type":"product","link":"https:\/\/manosinkietas.com\/en\/product\/placa-personalizada-con-inicial-de-flores-preservadas-dia-de-las-madres\/","title":{"rendered":"Placa Personalizada con Inicial de Flores Preservadas D\u00eda de las Madres"},"content":{"rendered":"<p>Hermosas y originales placas de madera con la inicial en flores preservadas de la letra M de mam\u00e1 y A de Abuela. Es el complemento ideal para un detalle especial para el D\u00eda de las Madres.<\/p>\n<p>Esta placa tambi\u00e9n es una excelente opci\u00f3n como regalo de cumplea\u00f1os, para el d\u00eda de las madres, para una profesora, para decorar un detalle, conmemorar alg\u00fan evento especial o para colgarla en la pared. La placa est\u00e1 hecha en madera de contrachapado 3mm con la inicial M y A de flores preservadas y el resto de la palabra MAM\u00c1 o ABUELA en grabado l\u00e1ser. Debajo de la inicial, la placa lleva grabada la frase Te quiero.<\/p>\n<p>La placa con inicial de flores preservadas tiene forma de hept\u00e1gono. Puedes colgarla porque trae una cuerda de algod\u00f3n. El arreglo floral es diferente en cada placa.<\/p>\n<p>Medidas:<\/p>\n<p>13,3cm x 12,9cm<\/p>\n<p>*****************************************<\/p>\n<p>Por favor, preg\u00fantanos si tienes alguna duda acerca de nuestros productos. Estamos felices de atenderte.<\/p>\n<p>Recordatorio: esta es una peque\u00f1a tienda de emprendedores y el tiempo invertido en crear nuestras piezas \u00fanicas tambi\u00e9n tiene valor.<\/p>\n<p>\u00bfTe gustan nuestros productos? Echa un vistazo a la tienda:<\/p>","protected":false},"excerpt":{"rendered":"<p>Hermosas y originales placas de madera con la inicial en flores preservadas de la letra M de mam\u00e1 y A de Abuela. Es el complemento ideal para un detalle especial para el D\u00eda de las Madres.<\/p>","protected":false},"featured_media":11656,"comment_status":"open","ping_status":"closed","template":"","meta":{"_acf_changed":false},"product_brand":[],"product_cat":[36,701],"product_tag":[49,1049,868,754,83,84,144,69,805,806,807,314,1196,1197,808,91,1055,866,865,85,490,224,284,239],"filtro_producto":[],"class_list":{"0":"post-11655","1":"product","2":"type-product","3":"status-publish","4":"has-post-thumbnail","6":"product_cat-celebracion","7":"product_cat-placas-personalizadas","8":"product_tag-corte-laser","9":"product_tag-detalle-para-mama","10":"product_tag-detalles-para-mama","11":"product_tag-detalles-personalizados","12":"product_tag-dia-de-la-madre","13":"product_tag-dia-de-las-madres","14":"product_tag-flores-preservadas","15":"product_tag-grabado-laser","16":"product_tag-madre","17":"product_tag-madres","18":"product_tag-mama","19":"product_tag-mama-primeriza","20":"product_tag-placa-con-flores","21":"product_tag-placa-con-inicial","22":"product_tag-placa-para-mama","23":"product_tag-placa-personalizada","24":"product_tag-placas-para-mama","25":"product_tag-regalo-del-dia-de-la-madre","26":"product_tag-regalo-dia-de-la-madre","27":"product_tag-regalo-para-mama","28":"product_tag-regalos-originales","29":"product_tag-regalos-para-ella","30":"product_tag-regalos-para-mama","31":"product_tag-regalos-personalizados","32":"product_shipping_class-cc","34":"first","35":"instock","36":"taxable","37":"shipping-taxable","38":"purchasable","39":"product-type-simple"},"acf":[],"aioseo_notices":[],"_links":{"self":[{"href":"https:\/\/manosinkietas.com\/en\/wp-json\/wp\/v2\/product\/11655","targetHints":{"allow":["GET"]}}],"collection":[{"href":"https:\/\/manosinkietas.com\/en\/wp-json\/wp\/v2\/product"}],"about":[{"href":"https:\/\/manosinkietas.com\/en\/wp-json\/wp\/v2\/types\/product"}],"replies":[{"embeddable":true,"href":"https:\/\/manosinkietas.com\/en\/wp-json\/wp\/v2\/comments?post=11655"}],"version-history":[{"count":1,"href":"https:\/\/manosinkietas.com\/en\/wp-json\/wp\/v2\/product\/11655\/revisions"}],"predecessor-version":[{"id":11667,"href":"https:\/\/manosinkietas.com\/en\/wp-json\/wp\/v2\/product\/11655\/revisions\/11667"}],"wp:featuredmedia":[{"embeddable":true,"href":"https:\/\/manosinkietas.com\/en\/wp-json\/wp\/v2\/media\/11656"}],"wp:attachment":[{"href":"https:\/\/manosinkietas.com\/en\/wp-json\/wp\/v2\/media?parent=11655"}],"wp:term":[{"taxonomy":"product_brand","embeddable":true,"href":"https:\/\/manosinkietas.com\/en\/wp-json\/wp\/v2\/product_brand?post=11655"},{"taxonomy":"product_cat","embeddable":true,"href":"https:\/\/manosinkietas.com\/en\/wp-json\/wp\/v2\/product_cat?post=11655"},{"taxonomy":"product_tag","embeddable":true,"href":"https:\/\/manosinkietas.com\/en\/wp-json\/wp\/v2\/product_tag?post=11655"},{"taxonomy":"filtro_producto","embeddable":true,"href":"https:\/\/manosinkietas.com\/en\/wp-json\/wp\/v2\/filtro_producto?post=11655"}],"curies":[{"name":"wp","href":"https:\/\/api.w.org\/{rel}","templated":true}]}}