{"id":11606,"date":"2025-03-06T18:19:19","date_gmt":"2025-03-06T17:19:19","guid":{"rendered":"https:\/\/manosinkietas.com\/?post_type=product&#038;p=11606"},"modified":"2026-03-05T19:30:06","modified_gmt":"2026-03-05T18:30:06","slug":"kit-abridor-posavasos-dia-del-padre","status":"publish","type":"product","link":"https:\/\/manosinkietas.com\/en\/product\/kit-abridor-posavasos-dia-del-padre\/","title":{"rendered":"Kit Abridor y Posavasos D\u00eda del Padre"},"content":{"rendered":"<p>Original kit de abridor imantado y 2 posavasos, especial para los pap\u00e1s m\u00e1s ca\u00f1eros. Los puedes personalizar con el nombre de tu pap\u00e1<\/p>\n<p>Son perfectos como regalo del D\u00eda del Padre u otras ocasiones especiales.<\/p>\n<p>El kit contiene:<\/p>\n<p>1 abridor de bamb\u00fa imantado con la frase &#8220;Para el mejor pap\u00e1 del mundo&#8221;<\/p>\n<p>Medidas: 6cm de di\u00e1metro<\/p>\n<p>2 posavasos de corcho con la misma frase del abridor<\/p>\n<p>Medidas aproximadas: 10cm de di\u00e1metro<\/p>\n<p>&nbsp;<\/p>\n<p>*****************************************<\/p>\n<p>Por favor, preg\u00fantanos si tienes alguna duda acerca de nuestros productos. Estamos felices de atenderte.<\/p>\n<p>Recordatorio: esta es una peque\u00f1a tienda de emprendedores y el tiempo invertido en crear nuestras piezas \u00fanicas tambi\u00e9n tiene valor.<\/p>\n<p>\u00bfTe gustan nuestros productos? Echa un vistazo a la tienda:<\/p>","protected":false},"excerpt":{"rendered":"<p>Original kit de abridor imantado y posavasos, especial para los pap\u00e1s m\u00e1s ca\u00f1eros. Los puedes personalizar con el nombre de tu pap\u00e1<\/p>","protected":false},"featured_media":12576,"comment_status":"open","ping_status":"closed","template":"","meta":{"_acf_changed":false},"product_brand":[],"product_cat":[36,700],"product_tag":[1044,1047,1046,1048,1045,49,1040,86,1272,1033,69,1268,852,851,520,521,522,451,181,87,1041,184,239,1269,1270,1271],"filtro_producto":[],"class_list":{"0":"post-11606","1":"product","2":"type-product","3":"status-publish","4":"has-post-thumbnail","6":"product_cat-celebracion","7":"product_cat-llaveros","8":"product_tag-abridor","9":"product_tag-abridor-con-iman","10":"product_tag-abridor-de-bambu","11":"product_tag-abridor-grabado","12":"product_tag-abridores","13":"product_tag-corte-laser","14":"product_tag-detalles-para-papa","15":"product_tag-dia-del-padre","16":"product_tag-etiqueta-para-botella","17":"product_tag-feliz-dia-del-padre","18":"product_tag-grabado-laser","19":"product_tag-kit-para-papa","20":"product_tag-padre","21":"product_tag-papa","22":"product_tag-posavasos","23":"product_tag-posavasos-de-corcho","24":"product_tag-posavasos-para-fiestas","25":"product_tag-regalo","26":"product_tag-regalo-del-dia-del-padre","27":"product_tag-regalo-para-papa","28":"product_tag-regalo-personalizado-para-papa","29":"product_tag-regalos-para-papa","30":"product_tag-regalos-personalizados","31":"product_tag-tag","32":"product_tag-tag-de-madera","33":"product_tag-tag-para-botella","34":"product_shipping_class-cc","36":"first","37":"instock","38":"taxable","39":"shipping-taxable","40":"purchasable","41":"product-type-simple"},"acf":[],"aioseo_notices":[],"_links":{"self":[{"href":"https:\/\/manosinkietas.com\/en\/wp-json\/wp\/v2\/product\/11606","targetHints":{"allow":["GET"]}}],"collection":[{"href":"https:\/\/manosinkietas.com\/en\/wp-json\/wp\/v2\/product"}],"about":[{"href":"https:\/\/manosinkietas.com\/en\/wp-json\/wp\/v2\/types\/product"}],"replies":[{"embeddable":true,"href":"https:\/\/manosinkietas.com\/en\/wp-json\/wp\/v2\/comments?post=11606"}],"version-history":[{"count":3,"href":"https:\/\/manosinkietas.com\/en\/wp-json\/wp\/v2\/product\/11606\/revisions"}],"predecessor-version":[{"id":12574,"href":"https:\/\/manosinkietas.com\/en\/wp-json\/wp\/v2\/product\/11606\/revisions\/12574"}],"wp:featuredmedia":[{"embeddable":true,"href":"https:\/\/manosinkietas.com\/en\/wp-json\/wp\/v2\/media\/12576"}],"wp:attachment":[{"href":"https:\/\/manosinkietas.com\/en\/wp-json\/wp\/v2\/media?parent=11606"}],"wp:term":[{"taxonomy":"product_brand","embeddable":true,"href":"https:\/\/manosinkietas.com\/en\/wp-json\/wp\/v2\/product_brand?post=11606"},{"taxonomy":"product_cat","embeddable":true,"href":"https:\/\/manosinkietas.com\/en\/wp-json\/wp\/v2\/product_cat?post=11606"},{"taxonomy":"product_tag","embeddable":true,"href":"https:\/\/manosinkietas.com\/en\/wp-json\/wp\/v2\/product_tag?post=11606"},{"taxonomy":"filtro_producto","embeddable":true,"href":"https:\/\/manosinkietas.com\/en\/wp-json\/wp\/v2\/filtro_producto?post=11606"}],"curies":[{"name":"wp","href":"https:\/\/api.w.org\/{rel}","templated":true}]}}