{"id":11570,"date":"2025-02-28T09:06:52","date_gmt":"2025-02-28T08:06:52","guid":{"rendered":"https:\/\/manosinkietas.com\/?post_type=product&#038;p=11570"},"modified":"2025-02-28T09:39:55","modified_gmt":"2025-02-28T08:39:55","slug":"llaveros-papa-perruno-papa-gatuno","status":"publish","type":"product","link":"https:\/\/manosinkietas.com\/en\/product\/llaveros-papa-perruno-papa-gatuno\/","title":{"rendered":"Llaveros Pap\u00e1 Perruno y Pap\u00e1 Gatuno"},"content":{"rendered":"<p>Originales y \u00fanicos llaveros para los pap\u00e1s que adoran a sus mascotas. Los puedes personalizar con el nombre o inicial de tu perro o gato.<\/p>\n<p>Cada llavero tiene un aro tipo cangrejo muy pr\u00e1ctico para tus llaves.<\/p>\n<p>Son perfectos como regalo del D\u00eda del Padre u otras ocasiones especiales.<\/p>\n<p>Tienes dos modelos a elegir:<\/p>\n<p>Pap\u00e1 perruno: en madera contrachapado 3mm y peque\u00f1o huesito de metacrilato blanco<br \/>\nPap\u00e1 gatuno: en madera contrachapado 3mm y peque\u00f1o esqueleto de pescado en metacrilado gris nacarado<\/p>\n<p>Medidas aproximadas de cada llavero:<\/p>\n<p>5,5cm de ancho x 5,2cm de alto<\/p>\n<p>*****************************************<\/p>\n<p>Por favor, preg\u00fantanos si tienes alguna duda acerca de nuestros productos. Estamos felices de atenderte.<\/p>\n<p>Recordatorio: esta es una peque\u00f1a tienda de emprendedores y el tiempo invertido en crear nuestras piezas \u00fanicas tambi\u00e9n tiene valor.<\/p>\n<p>\u00bfTe gustan nuestros productos? Echa un vistazo a la tienda:<\/p>","protected":false},"excerpt":{"rendered":"<p>Originales y \u00fanicos llaveros para los pap\u00e1s que adoran a sus mascotas. Los puedes personalizar con el nombre o inicial de tu perro o gato.<\/p>","protected":false},"featured_media":11575,"comment_status":"open","ping_status":"closed","template":"","meta":{"_acf_changed":false},"product_brand":[],"product_cat":[36,700],"product_tag":[1264,1262,49,1040,86,1033,305,69,232,233,302,852,851,1261,1260,278,761,1263,451,181,87,1041,184,239],"filtro_producto":[],"class_list":{"0":"post-11570","1":"product","2":"type-product","3":"status-publish","4":"has-post-thumbnail","6":"product_cat-celebracion","7":"product_cat-llaveros","8":"product_tag-amor-gatuno","9":"product_tag-amor-perruno","10":"product_tag-corte-laser","11":"product_tag-detalles-para-papa","12":"product_tag-dia-del-padre","13":"product_tag-feliz-dia-del-padre","14":"product_tag-gatos","15":"product_tag-grabado-laser","16":"product_tag-llavero","17":"product_tag-llavero-personalizado","18":"product_tag-llaveros","19":"product_tag-padre","20":"product_tag-papa","21":"product_tag-papa-gatuno","22":"product_tag-papa-perruno","23":"product_tag-perro","24":"product_tag-perros","25":"product_tag-pet-lover","26":"product_tag-regalo","27":"product_tag-regalo-del-dia-del-padre","28":"product_tag-regalo-para-papa","29":"product_tag-regalo-personalizado-para-papa","30":"product_tag-regalos-para-papa","31":"product_tag-regalos-personalizados","32":"product_shipping_class-cc","34":"first","35":"instock","36":"taxable","37":"shipping-taxable","38":"purchasable","39":"product-type-variable"},"acf":[],"aioseo_notices":[],"_links":{"self":[{"href":"https:\/\/manosinkietas.com\/en\/wp-json\/wp\/v2\/product\/11570","targetHints":{"allow":["GET"]}}],"collection":[{"href":"https:\/\/manosinkietas.com\/en\/wp-json\/wp\/v2\/product"}],"about":[{"href":"https:\/\/manosinkietas.com\/en\/wp-json\/wp\/v2\/types\/product"}],"replies":[{"embeddable":true,"href":"https:\/\/manosinkietas.com\/en\/wp-json\/wp\/v2\/comments?post=11570"}],"version-history":[{"count":2,"href":"https:\/\/manosinkietas.com\/en\/wp-json\/wp\/v2\/product\/11570\/revisions"}],"predecessor-version":[{"id":11579,"href":"https:\/\/manosinkietas.com\/en\/wp-json\/wp\/v2\/product\/11570\/revisions\/11579"}],"wp:featuredmedia":[{"embeddable":true,"href":"https:\/\/manosinkietas.com\/en\/wp-json\/wp\/v2\/media\/11575"}],"wp:attachment":[{"href":"https:\/\/manosinkietas.com\/en\/wp-json\/wp\/v2\/media?parent=11570"}],"wp:term":[{"taxonomy":"product_brand","embeddable":true,"href":"https:\/\/manosinkietas.com\/en\/wp-json\/wp\/v2\/product_brand?post=11570"},{"taxonomy":"product_cat","embeddable":true,"href":"https:\/\/manosinkietas.com\/en\/wp-json\/wp\/v2\/product_cat?post=11570"},{"taxonomy":"product_tag","embeddable":true,"href":"https:\/\/manosinkietas.com\/en\/wp-json\/wp\/v2\/product_tag?post=11570"},{"taxonomy":"filtro_producto","embeddable":true,"href":"https:\/\/manosinkietas.com\/en\/wp-json\/wp\/v2\/filtro_producto?post=11570"}],"curies":[{"name":"wp","href":"https:\/\/api.w.org\/{rel}","templated":true}]}}