{"id":11554,"date":"2025-02-16T11:49:00","date_gmt":"2025-02-16T10:49:00","guid":{"rendered":"https:\/\/manosinkietas.com\/?post_type=product&#038;p=11554"},"modified":"2026-03-31T18:41:45","modified_gmt":"2026-03-31T16:41:45","slug":"caballo-balancin-personalizado-para-nacimiento-bebe-bautizo","status":"publish","type":"product","link":"https:\/\/manosinkietas.com\/en\/product\/caballo-balancin-personalizado-para-nacimiento-bebe-bautizo\/","title":{"rendered":"Caballo Balanc\u00edn Personalizado para Nacimiento de Beb\u00e9 o Bautizo"},"content":{"rendered":"<p>Precioso caballo balanc\u00edn personalizado como recuerdo para nacimientos de beb\u00e9s o ceremonias de bautizos.<\/p>\n<p>Se trata de un hermoso caballo balanc\u00edn. Ideales para grabar los datos el nombre del beb\u00e9 y su fecha de nacimiento o bautizo. En cada pieza usamos MDF blanco de 3mm y metacrilato en colores pasteles.<\/p>\n<p>Dimensiones del recuerdo: 11,20cm x 9,5cm aproximadamente<\/p>\n<p><strong>NOTA: Precio var\u00eda si pides m\u00e1s de 10 piezas\u00a0<\/strong><\/p>\n<p>Tiempo de preparaci\u00f3n: 8 a 10 d\u00edas laborables, dependiendo de la cantidad y de la temporada del pedido.<\/p>\n<p>*****************************************<\/p>\n<p>Por favor, preg\u00fantanos si tienes alguna duda acerca de nuestros productos. Estamos felices de atenderte.<\/p>\n<p>Recordatorio: esta es una peque\u00f1a tienda de emprendedores y el tiempo invertido en crear nuestras piezas \u00fanicas tambi\u00e9n tiene valor.<\/p>\n<p>\u00bfTe gustan nuestros productos? Echa un vistazo a la tienda:<\/p>","protected":false},"excerpt":{"rendered":"<p>Precioso caballo balanc\u00edn personalizado como recuerdo para nacimientos de beb\u00e9s o ceremonias de bautizos.<\/p>","protected":false},"featured_media":11555,"comment_status":"open","ping_status":"closed","template":"","meta":{"_acf_changed":false},"product_brand":[],"product_cat":[250,703],"product_tag":[251,1259,927,552,254,770,1257,1258,49,668,754,69,160,252,312,1255,1256,548,451,253,771,815,239,820,549],"filtro_producto":[],"class_list":{"0":"post-11554","1":"product","2":"type-product","3":"status-publish","4":"has-post-thumbnail","6":"product_cat-bebes","7":"product_cat-menaje","8":"product_tag-anuncio-de-bebe","9":"product_tag-balancin","10":"product_tag-bautizo","11":"product_tag-bautizos","12":"product_tag-bebe","13":"product_tag-bebes","14":"product_tag-caballo","15":"product_tag-caballo-balancin","16":"product_tag-corte-laser","17":"product_tag-detalles","18":"product_tag-detalles-personalizados","19":"product_tag-grabado-laser","20":"product_tag-nacimiento","21":"product_tag-nacimiento-de-bebe","22":"product_tag-nacimiento-del-bebe","23":"product_tag-natalicio","24":"product_tag-recuerdo","25":"product_tag-recuerdos-para-eventos","26":"product_tag-regalo","27":"product_tag-regalo-para-bebe","28":"product_tag-regalos-para-bebes","29":"product_tag-regalos-para-eventos","30":"product_tag-regalos-personalizados","31":"product_tag-souvenir","32":"product_tag-souvenirs","33":"product_shipping_class-cc","35":"first","36":"instock","37":"featured","38":"taxable","39":"shipping-taxable","40":"purchasable","41":"product-type-simple"},"acf":[],"aioseo_notices":[],"_links":{"self":[{"href":"https:\/\/manosinkietas.com\/en\/wp-json\/wp\/v2\/product\/11554","targetHints":{"allow":["GET"]}}],"collection":[{"href":"https:\/\/manosinkietas.com\/en\/wp-json\/wp\/v2\/product"}],"about":[{"href":"https:\/\/manosinkietas.com\/en\/wp-json\/wp\/v2\/types\/product"}],"replies":[{"embeddable":true,"href":"https:\/\/manosinkietas.com\/en\/wp-json\/wp\/v2\/comments?post=11554"}],"version-history":[{"count":2,"href":"https:\/\/manosinkietas.com\/en\/wp-json\/wp\/v2\/product\/11554\/revisions"}],"predecessor-version":[{"id":11644,"href":"https:\/\/manosinkietas.com\/en\/wp-json\/wp\/v2\/product\/11554\/revisions\/11644"}],"wp:featuredmedia":[{"embeddable":true,"href":"https:\/\/manosinkietas.com\/en\/wp-json\/wp\/v2\/media\/11555"}],"wp:attachment":[{"href":"https:\/\/manosinkietas.com\/en\/wp-json\/wp\/v2\/media?parent=11554"}],"wp:term":[{"taxonomy":"product_brand","embeddable":true,"href":"https:\/\/manosinkietas.com\/en\/wp-json\/wp\/v2\/product_brand?post=11554"},{"taxonomy":"product_cat","embeddable":true,"href":"https:\/\/manosinkietas.com\/en\/wp-json\/wp\/v2\/product_cat?post=11554"},{"taxonomy":"product_tag","embeddable":true,"href":"https:\/\/manosinkietas.com\/en\/wp-json\/wp\/v2\/product_tag?post=11554"},{"taxonomy":"filtro_producto","embeddable":true,"href":"https:\/\/manosinkietas.com\/en\/wp-json\/wp\/v2\/filtro_producto?post=11554"}],"curies":[{"name":"wp","href":"https:\/\/api.w.org\/{rel}","templated":true}]}}