{"id":11542,"date":"2025-02-13T18:28:57","date_gmt":"2025-02-13T17:28:57","guid":{"rendered":"https:\/\/manosinkietas.com\/?post_type=product&#038;p=11542"},"modified":"2025-02-13T18:44:22","modified_gmt":"2025-02-13T17:44:22","slug":"meseros-para-eventos-mapamundi-nombres-ciudades","status":"publish","type":"product","link":"https:\/\/manosinkietas.com\/en\/product\/meseros-para-eventos-mapamundi-nombres-ciudades\/","title":{"rendered":"Meseros Para Eventos Mapamundi con Nombres de Ciudades"},"content":{"rendered":"<p>Espectaculares meseros inspirados en la tem\u00e1tica viajes y mapamundi para decorar e identificar las mesas de tus eventos.<\/p>\n<p>Cada pieza la pintamos a mano y los mapamundis van identificados con el n\u00famero o nombre de la mesa o los nombres de ciudades y en la base llevan un peque\u00f1o avi\u00f3n con los datos del evento. Los meseros tienen cuerda de yute natural alrededor de la pieza de madera que est\u00e1 debajo del mapamundi.<\/p>\n<p>Ideal para bodas con la tem\u00e1tica VIAJES, \u00a1tus mesas quedar\u00e1n espectaculares!<\/p>\n<p>Medidas:<\/p>\n<p>30 cm x 18 cm aproximadamente.<\/p>\n<p>Plazo de entrega de estas piezas: A CONSULTAR. Normalmente, de 8 a 10 d\u00edas laborables y dentro de un tiempo razonable y suficiente para su elaboraci\u00f3n.<\/p>\n<p>*****************************************<\/p>\n<p>Por favor, preg\u00fantanos si tienes alguna duda acerca de nuestros productos. Estamos felices de atenderte.<\/p>\n<p>Recordatorio: esta es una peque\u00f1a tienda de emprendedores y el tiempo invertido en crear nuestras piezas \u00fanicas tambi\u00e9n tiene valor.<\/p>\n<p>\u00bfTe gustan nuestros productos? Echa un vistazo a la tienda:<\/p>","protected":false},"excerpt":{"rendered":"<p>Espectaculares meseros inspirados en la tem\u00e1tica viajes y mapamundi para decorar e identificar las mesas de tus eventos.<\/p>","protected":false},"featured_media":11543,"comment_status":"open","ping_status":"closed","template":"","meta":{"_acf_changed":false},"product_brand":[],"product_cat":[36,702],"product_tag":[1252,1253,550,942,49,538,946,69,196,940,941,912,913,220,919,920,472,72,270,490,239,1254,947,951],"filtro_producto":[],"class_list":{"0":"post-11542","1":"product","2":"type-product","3":"status-publish","4":"has-post-thumbnail","6":"product_cat-celebracion","7":"product_cat-tematico","8":"product_tag-boda-de-viaje","9":"product_tag-boda-tematica","10":"product_tag-bodas","11":"product_tag-ciudades","12":"product_tag-corte-laser","13":"product_tag-eventos","14":"product_tag-globetrotter","15":"product_tag-grabado-laser","16":"product_tag-madera","17":"product_tag-mapa","18":"product_tag-mapamundi","19":"product_tag-meseros","20":"product_tag-numeros-de-mesa","21":"product_tag-parejas","22":"product_tag-piezas-para-eventos","23":"product_tag-piezas-personalizadas","24":"product_tag-regalo-para-parejas","25":"product_tag-regalo-personalizado","26":"product_tag-regalos","27":"product_tag-regalos-originales","28":"product_tag-regalos-personalizados","29":"product_tag-tematica-viajes","30":"product_tag-trotamundos","31":"product_tag-viajeros","32":"product_shipping_class-pp","34":"first","35":"instock","36":"taxable","37":"shipping-taxable","38":"purchasable","39":"product-type-simple"},"acf":[],"aioseo_notices":[],"_links":{"self":[{"href":"https:\/\/manosinkietas.com\/en\/wp-json\/wp\/v2\/product\/11542","targetHints":{"allow":["GET"]}}],"collection":[{"href":"https:\/\/manosinkietas.com\/en\/wp-json\/wp\/v2\/product"}],"about":[{"href":"https:\/\/manosinkietas.com\/en\/wp-json\/wp\/v2\/types\/product"}],"replies":[{"embeddable":true,"href":"https:\/\/manosinkietas.com\/en\/wp-json\/wp\/v2\/comments?post=11542"}],"version-history":[{"count":2,"href":"https:\/\/manosinkietas.com\/en\/wp-json\/wp\/v2\/product\/11542\/revisions"}],"predecessor-version":[{"id":11548,"href":"https:\/\/manosinkietas.com\/en\/wp-json\/wp\/v2\/product\/11542\/revisions\/11548"}],"wp:featuredmedia":[{"embeddable":true,"href":"https:\/\/manosinkietas.com\/en\/wp-json\/wp\/v2\/media\/11543"}],"wp:attachment":[{"href":"https:\/\/manosinkietas.com\/en\/wp-json\/wp\/v2\/media?parent=11542"}],"wp:term":[{"taxonomy":"product_brand","embeddable":true,"href":"https:\/\/manosinkietas.com\/en\/wp-json\/wp\/v2\/product_brand?post=11542"},{"taxonomy":"product_cat","embeddable":true,"href":"https:\/\/manosinkietas.com\/en\/wp-json\/wp\/v2\/product_cat?post=11542"},{"taxonomy":"product_tag","embeddable":true,"href":"https:\/\/manosinkietas.com\/en\/wp-json\/wp\/v2\/product_tag?post=11542"},{"taxonomy":"filtro_producto","embeddable":true,"href":"https:\/\/manosinkietas.com\/en\/wp-json\/wp\/v2\/filtro_producto?post=11542"}],"curies":[{"name":"wp","href":"https:\/\/api.w.org\/{rel}","templated":true}]}}