{"id":11475,"date":"2025-02-01T19:46:52","date_gmt":"2025-02-01T18:46:52","guid":{"rendered":"https:\/\/manosinkietas.com\/?post_type=product&#038;p=11475"},"modified":"2026-03-31T19:06:15","modified_gmt":"2026-03-31T17:06:15","slug":"placas-de-madera-personalizadas-con-boligrafo-para-testigos-boda","status":"publish","type":"product","link":"https:\/\/manosinkietas.com\/en\/product\/placas-de-madera-personalizadas-con-boligrafo-para-testigos-boda\/","title":{"rendered":"Placas de Madera Personalizadas con Bol\u00edgrafo para Testigos de Boda"},"content":{"rendered":"<p>Preciosas plaquitas de madera con bol\u00edgrafo personalizados para los testigos de boda.<\/p>\n<p>Estas bonitas placas son elaboradas en madera contrachapado de 3mm. El dise\u00f1o es grabado a l\u00e1ser y lo podemos personalizar a tu gusto. Ideal para regalar a los testigos de boda. Tenemos 2 opciones de bol\u00edgrafos a elegir: colores oro y plata.<\/p>\n<p>Medidas:<\/p>\n<p>Alto: 16cm<br \/>\nAncho: 8cm<\/p>\n<p>*****************************************<\/p>\n<p>Por favor, preg\u00fantanos si tienes alguna duda acerca de nuestros productos. Estamos felices de atenderte. Recordatorio: esta es una peque\u00f1a tienda de emprendedores y el tiempo invertido en crear nuestras piezas \u00fanicas tambi\u00e9n tiene valor. \u00bfTe gustan nuestros productos? Echa un vistazo a la tienda:<\/p>","protected":false},"excerpt":{"rendered":"<p>Preciosas plaquitas de madera con bol\u00edgrafo personalizados para los testigos de boda.<\/p>","protected":false},"featured_media":11479,"comment_status":"open","ping_status":"closed","template":"","meta":{"_acf_changed":false},"product_brand":[],"product_cat":[36,701],"product_tag":[874,550,49,878,877,1124,538,144,921,457,69,196,875,876,222,881,884,882,885,548,1243,816,815,1127,1126,1125],"filtro_producto":[],"class_list":{"0":"post-11475","1":"product","2":"type-product","3":"status-publish","4":"has-post-thumbnail","6":"product_cat-celebracion","7":"product_cat-placas-personalizadas","8":"product_tag-boda","9":"product_tag-bodas","10":"product_tag-corte-laser","11":"product_tag-detalles-para-bodas","12":"product_tag-detalles-para-novios","13":"product_tag-detalles-para-testigos","14":"product_tag-eventos","15":"product_tag-flores-preservadas","16":"product_tag-foto","17":"product_tag-fotografia","18":"product_tag-grabado-laser","19":"product_tag-madera","20":"product_tag-novia","21":"product_tag-novio","22":"product_tag-novios","23":"product_tag-placas","24":"product_tag-placas-de-boda","25":"product_tag-placas-de-madera","26":"product_tag-placas-personalizadas","27":"product_tag-recuerdos-para-eventos","28":"product_tag-regalo-para-testigos","29":"product_tag-regalos-para-bodas","30":"product_tag-regalos-para-eventos","31":"product_tag-regalos-para-testigos","32":"product_tag-testigos","33":"product_tag-testigos-de-boda","34":"product_shipping_class-cc","36":"first","37":"instock","38":"taxable","39":"shipping-taxable","40":"purchasable","41":"product-type-variable"},"acf":[],"aioseo_notices":[],"_links":{"self":[{"href":"https:\/\/manosinkietas.com\/en\/wp-json\/wp\/v2\/product\/11475","targetHints":{"allow":["GET"]}}],"collection":[{"href":"https:\/\/manosinkietas.com\/en\/wp-json\/wp\/v2\/product"}],"about":[{"href":"https:\/\/manosinkietas.com\/en\/wp-json\/wp\/v2\/types\/product"}],"replies":[{"embeddable":true,"href":"https:\/\/manosinkietas.com\/en\/wp-json\/wp\/v2\/comments?post=11475"}],"version-history":[{"count":1,"href":"https:\/\/manosinkietas.com\/en\/wp-json\/wp\/v2\/product\/11475\/revisions"}],"predecessor-version":[{"id":11484,"href":"https:\/\/manosinkietas.com\/en\/wp-json\/wp\/v2\/product\/11475\/revisions\/11484"}],"wp:featuredmedia":[{"embeddable":true,"href":"https:\/\/manosinkietas.com\/en\/wp-json\/wp\/v2\/media\/11479"}],"wp:attachment":[{"href":"https:\/\/manosinkietas.com\/en\/wp-json\/wp\/v2\/media?parent=11475"}],"wp:term":[{"taxonomy":"product_brand","embeddable":true,"href":"https:\/\/manosinkietas.com\/en\/wp-json\/wp\/v2\/product_brand?post=11475"},{"taxonomy":"product_cat","embeddable":true,"href":"https:\/\/manosinkietas.com\/en\/wp-json\/wp\/v2\/product_cat?post=11475"},{"taxonomy":"product_tag","embeddable":true,"href":"https:\/\/manosinkietas.com\/en\/wp-json\/wp\/v2\/product_tag?post=11475"},{"taxonomy":"filtro_producto","embeddable":true,"href":"https:\/\/manosinkietas.com\/en\/wp-json\/wp\/v2\/filtro_producto?post=11475"}],"curies":[{"name":"wp","href":"https:\/\/api.w.org\/{rel}","templated":true}]}}