{"id":11462,"date":"2025-02-01T11:32:45","date_gmt":"2025-02-01T10:32:45","guid":{"rendered":"https:\/\/manosinkietas.com\/?post_type=product&#038;p=11462"},"modified":"2026-03-31T19:27:33","modified_gmt":"2026-03-31T17:27:33","slug":"marcasitios-para-eventos","status":"publish","type":"product","link":"https:\/\/manosinkietas.com\/en\/product\/marcasitios-para-eventos\/","title":{"rendered":"Marcasitios Para Eventos"},"content":{"rendered":"<p>Hacemos todo tipo de marcasitios para tu eventos: cortamos, grabamos, imprimimos en el material que quieras&#8230; \u00a1Lo que se te ocurra! Nos adaptamos a tu evento. Si quieres que personalicemos para ti los marcasitios de tu d\u00eda especial, no dudes en contactarnos a trav\u00e9s de info@manosinkietas.com.<\/p>\n<p><strong>NOTA: Las im\u00e1genes de este art\u00edculo son ejemplos de pedidos personalizados y \u00fanicamente utilizadas como referencia.<\/strong><\/p>\n<p><strong>En ning\u00fan caso se enviar\u00e1 alguno de los productos que ves en las im\u00e1genes si incluyes este art\u00edculo en el carrito de compra.\u00a0\u00a0<\/strong><\/p>\n<p>*****************************************<\/p>\n<p>Por favor, preg\u00fantanos si tienes alguna duda acerca de nuestros productos. Estamos felices de atenderte.<\/p>\n<p>Recordatorio: esta es una peque\u00f1a tienda de emprendedores y el tiempo invertido en crear nuestras piezas \u00fanicas tambi\u00e9n tiene valor.<\/p>\n<p>\u00bfTe gustan nuestros productos? Echa un vistazo a la tienda:<\/p>","protected":false},"excerpt":{"rendered":"<p>Hacemos todo tipo de marcasitios para tu eventos: cortamos, grabamos, imprimimos en el material que quieras&#8230; \u00a1Lo que se te ocurra! Nos adaptamos a tu evento. Si quieres que personalicemos para ti los marcasitios de tu d\u00eda especial, no dudes en contactarnos a trav\u00e9s de info@manosinkietas.com.<\/p>","protected":false},"featured_media":11485,"comment_status":"open","ping_status":"closed","template":"","meta":{"_acf_changed":false},"product_brand":[],"product_cat":[665],"product_tag":[49,754,69,1241,1221,1238,1240,1239,1220,662,814,1242],"filtro_producto":[],"class_list":{"0":"post-11462","1":"product","2":"type-product","3":"status-publish","4":"has-post-thumbnail","6":"product_cat-personalizado","7":"product_tag-corte-laser","8":"product_tag-detalles-personalizados","9":"product_tag-grabado-laser","10":"product_tag-marcasitios","11":"product_tag-marcasitios-de-cartulina","12":"product_tag-marcasitios-de-madera","13":"product_tag-marcasitios-de-mdf","14":"product_tag-marcasitios-de-metacrilato","15":"product_tag-nombres-de-mesa","16":"product_tag-pedido-personalizado","17":"product_tag-pedidos-personalizados","18":"product_tag-marcasitios-para-eventos","20":"first","21":"instock","22":"featured","23":"virtual","24":"taxable","25":"purchasable","26":"product-type-simple"},"acf":[],"aioseo_notices":[],"_links":{"self":[{"href":"https:\/\/manosinkietas.com\/en\/wp-json\/wp\/v2\/product\/11462","targetHints":{"allow":["GET"]}}],"collection":[{"href":"https:\/\/manosinkietas.com\/en\/wp-json\/wp\/v2\/product"}],"about":[{"href":"https:\/\/manosinkietas.com\/en\/wp-json\/wp\/v2\/types\/product"}],"replies":[{"embeddable":true,"href":"https:\/\/manosinkietas.com\/en\/wp-json\/wp\/v2\/comments?post=11462"}],"version-history":[{"count":1,"href":"https:\/\/manosinkietas.com\/en\/wp-json\/wp\/v2\/product\/11462\/revisions"}],"predecessor-version":[{"id":11474,"href":"https:\/\/manosinkietas.com\/en\/wp-json\/wp\/v2\/product\/11462\/revisions\/11474"}],"wp:featuredmedia":[{"embeddable":true,"href":"https:\/\/manosinkietas.com\/en\/wp-json\/wp\/v2\/media\/11485"}],"wp:attachment":[{"href":"https:\/\/manosinkietas.com\/en\/wp-json\/wp\/v2\/media?parent=11462"}],"wp:term":[{"taxonomy":"product_brand","embeddable":true,"href":"https:\/\/manosinkietas.com\/en\/wp-json\/wp\/v2\/product_brand?post=11462"},{"taxonomy":"product_cat","embeddable":true,"href":"https:\/\/manosinkietas.com\/en\/wp-json\/wp\/v2\/product_cat?post=11462"},{"taxonomy":"product_tag","embeddable":true,"href":"https:\/\/manosinkietas.com\/en\/wp-json\/wp\/v2\/product_tag?post=11462"},{"taxonomy":"filtro_producto","embeddable":true,"href":"https:\/\/manosinkietas.com\/en\/wp-json\/wp\/v2\/filtro_producto?post=11462"}],"curies":[{"name":"wp","href":"https:\/\/api.w.org\/{rel}","templated":true}]}}