{"id":11445,"date":"2025-02-01T11:07:57","date_gmt":"2025-02-01T10:07:57","guid":{"rendered":"https:\/\/manosinkietas.com\/?post_type=product&#038;p=11445"},"modified":"2026-03-31T19:07:02","modified_gmt":"2026-03-31T17:07:02","slug":"placas-rectangulares-madera-para-personalizar-con-flores-preservadas","status":"publish","type":"product","link":"https:\/\/manosinkietas.com\/en\/product\/placas-rectangulares-madera-para-personalizar-con-flores-preservadas\/","title":{"rendered":"Placas Rectangulares de Madera Para Personalizar con Flores Preservadas"},"content":{"rendered":"<p>Preciosas plaquitas de madera rectangular con flores preservadas.<\/p>\n<p>Estas bonitas placas son elaboradas en madera contrachapado de 3mm. El dise\u00f1o es grabado a l\u00e1ser y lo podemos personalizar a tu gusto. Ideal para amenizar una boda como detalle para futuras parejas que se van a casar, como detalle de parte de los novios, como regalo para amigas, parejas&#8230; \u00a1lo que quieras! Cuenta con una base para exhibir la pieza. Nos indicas la tonalidad de las flores \u00a1y nos encargamos del resto!<\/p>\n<p>Medidas:<\/p>\n<p>Alto: 12cm<br \/>\nAncho: 17cm<\/p>\n<p>*****************************************<\/p>\n<p>Por favor, preg\u00fantanos si tienes alguna duda acerca de nuestros productos. Estamos felices de atenderte. Recordatorio: esta es una peque\u00f1a tienda de emprendedores y el tiempo invertido en crear nuestras piezas \u00fanicas tambi\u00e9n tiene valor. \u00bfTe gustan nuestros productos? Echa un vistazo a la tienda:<\/p>","protected":false},"excerpt":{"rendered":"<p>Preciosas plaquitas de madera rectangular con flores preservadas.<\/p>","protected":false},"featured_media":11448,"comment_status":"open","ping_status":"closed","template":"","meta":{"_acf_changed":false},"product_brand":[],"product_cat":[36,701],"product_tag":[874,550,49,878,877,538,144,921,457,69,196,875,876,222,1207,881,884,882,885,548,816,815],"filtro_producto":[],"class_list":{"0":"post-11445","1":"product","2":"type-product","3":"status-publish","4":"has-post-thumbnail","6":"product_cat-celebracion","7":"product_cat-placas-personalizadas","8":"product_tag-boda","9":"product_tag-bodas","10":"product_tag-corte-laser","11":"product_tag-detalles-para-bodas","12":"product_tag-detalles-para-novios","13":"product_tag-eventos","14":"product_tag-flores-preservadas","15":"product_tag-foto","16":"product_tag-fotografia","17":"product_tag-grabado-laser","18":"product_tag-madera","19":"product_tag-novia","20":"product_tag-novio","21":"product_tag-novios","22":"product_tag-placa-de-madera-con-flores-preservadas","23":"product_tag-placas","24":"product_tag-placas-de-boda","25":"product_tag-placas-de-madera","26":"product_tag-placas-personalizadas","27":"product_tag-recuerdos-para-eventos","28":"product_tag-regalos-para-bodas","29":"product_tag-regalos-para-eventos","30":"product_shipping_class-cc","32":"first","33":"instock","34":"taxable","35":"shipping-taxable","36":"purchasable","37":"product-type-simple"},"acf":[],"aioseo_notices":[],"_links":{"self":[{"href":"https:\/\/manosinkietas.com\/en\/wp-json\/wp\/v2\/product\/11445","targetHints":{"allow":["GET"]}}],"collection":[{"href":"https:\/\/manosinkietas.com\/en\/wp-json\/wp\/v2\/product"}],"about":[{"href":"https:\/\/manosinkietas.com\/en\/wp-json\/wp\/v2\/types\/product"}],"replies":[{"embeddable":true,"href":"https:\/\/manosinkietas.com\/en\/wp-json\/wp\/v2\/comments?post=11445"}],"version-history":[{"count":1,"href":"https:\/\/manosinkietas.com\/en\/wp-json\/wp\/v2\/product\/11445\/revisions"}],"predecessor-version":[{"id":11461,"href":"https:\/\/manosinkietas.com\/en\/wp-json\/wp\/v2\/product\/11445\/revisions\/11461"}],"wp:featuredmedia":[{"embeddable":true,"href":"https:\/\/manosinkietas.com\/en\/wp-json\/wp\/v2\/media\/11448"}],"wp:attachment":[{"href":"https:\/\/manosinkietas.com\/en\/wp-json\/wp\/v2\/media?parent=11445"}],"wp:term":[{"taxonomy":"product_brand","embeddable":true,"href":"https:\/\/manosinkietas.com\/en\/wp-json\/wp\/v2\/product_brand?post=11445"},{"taxonomy":"product_cat","embeddable":true,"href":"https:\/\/manosinkietas.com\/en\/wp-json\/wp\/v2\/product_cat?post=11445"},{"taxonomy":"product_tag","embeddable":true,"href":"https:\/\/manosinkietas.com\/en\/wp-json\/wp\/v2\/product_tag?post=11445"},{"taxonomy":"filtro_producto","embeddable":true,"href":"https:\/\/manosinkietas.com\/en\/wp-json\/wp\/v2\/filtro_producto?post=11445"}],"curies":[{"name":"wp","href":"https:\/\/api.w.org\/{rel}","templated":true}]}}