{"id":11425,"date":"2025-02-01T10:47:45","date_gmt":"2025-02-01T09:47:45","guid":{"rendered":"https:\/\/manosinkietas.com\/?post_type=product&#038;p=11425"},"modified":"2025-02-01T11:07:11","modified_gmt":"2025-02-01T10:07:11","slug":"placas-de-madera-estilo-boho-chic","status":"publish","type":"product","link":"https:\/\/manosinkietas.com\/en\/product\/placas-de-madera-estilo-boho-chic\/","title":{"rendered":"Placas de Madera Estilo Boho Chic"},"content":{"rendered":"<p>Preciosas plaquitas de madera grabadas y pintadas o tintadas a mano al estilo boho chic.<\/p>\n<p>Estas bonitas placas son elaboradas en madera contrachapado de 3mm y piezas de MDF a corte. Otro de los dise\u00f1os es grabado a l\u00e1ser y consta de varios modelos a elegir.<\/p>\n<p>Ideales para decorar espacios de tu hogar.<\/p>\n<p>Medidas:<\/p>\n<p>Redondas: 14cm de di\u00e1metro<\/p>\n<p>Hexogonales: 14cm x 12cm<\/p>\n<p>*****************************************<\/p>\n<p>Por favor, preg\u00fantanos si tienes alguna duda acerca de nuestros productos. Estamos felices de atenderte. Recordatorio: esta es una peque\u00f1a tienda de emprendedores y el tiempo invertido en crear nuestras piezas \u00fanicas tambi\u00e9n tiene valor. \u00bfTe gustan nuestros productos? Echa un vistazo a la tienda:<\/p>","protected":false},"excerpt":{"rendered":"<p>Preciosas plaquitas de madera grabadas y pintadas o tintadas a mano al estilo boho chic.<\/p>","protected":false},"featured_media":11437,"comment_status":"open","ping_status":"closed","template":"","meta":{"_acf_changed":false},"product_brand":[],"product_cat":[133],"product_tag":[1168,1236,198,1171,484,1237,69,196,881,1235,882],"filtro_producto":[],"class_list":{"0":"post-11425","1":"product","2":"type-product","3":"status-publish","4":"has-post-thumbnail","6":"product_cat-decoracion","7":"product_tag-boho","8":"product_tag-boho-chic","9":"product_tag-decoracion","10":"product_tag-decoracion-boho","11":"product_tag-decoracion-del-hogar","12":"product_tag-estilo-boho-chic","13":"product_tag-grabado-laser","14":"product_tag-madera","15":"product_tag-placas","16":"product_tag-placas-boho-chic","17":"product_tag-placas-de-madera","18":"product_shipping_class-cc","20":"first","21":"instock","22":"taxable","23":"shipping-taxable","24":"purchasable","25":"product-type-variable"},"acf":[],"aioseo_notices":[],"_links":{"self":[{"href":"https:\/\/manosinkietas.com\/en\/wp-json\/wp\/v2\/product\/11425","targetHints":{"allow":["GET"]}}],"collection":[{"href":"https:\/\/manosinkietas.com\/en\/wp-json\/wp\/v2\/product"}],"about":[{"href":"https:\/\/manosinkietas.com\/en\/wp-json\/wp\/v2\/types\/product"}],"replies":[{"embeddable":true,"href":"https:\/\/manosinkietas.com\/en\/wp-json\/wp\/v2\/comments?post=11425"}],"version-history":[{"count":1,"href":"https:\/\/manosinkietas.com\/en\/wp-json\/wp\/v2\/product\/11425\/revisions"}],"predecessor-version":[{"id":11444,"href":"https:\/\/manosinkietas.com\/en\/wp-json\/wp\/v2\/product\/11425\/revisions\/11444"}],"wp:featuredmedia":[{"embeddable":true,"href":"https:\/\/manosinkietas.com\/en\/wp-json\/wp\/v2\/media\/11437"}],"wp:attachment":[{"href":"https:\/\/manosinkietas.com\/en\/wp-json\/wp\/v2\/media?parent=11425"}],"wp:term":[{"taxonomy":"product_brand","embeddable":true,"href":"https:\/\/manosinkietas.com\/en\/wp-json\/wp\/v2\/product_brand?post=11425"},{"taxonomy":"product_cat","embeddable":true,"href":"https:\/\/manosinkietas.com\/en\/wp-json\/wp\/v2\/product_cat?post=11425"},{"taxonomy":"product_tag","embeddable":true,"href":"https:\/\/manosinkietas.com\/en\/wp-json\/wp\/v2\/product_tag?post=11425"},{"taxonomy":"filtro_producto","embeddable":true,"href":"https:\/\/manosinkietas.com\/en\/wp-json\/wp\/v2\/filtro_producto?post=11425"}],"curies":[{"name":"wp","href":"https:\/\/api.w.org\/{rel}","templated":true}]}}