{"id":11384,"date":"2025-01-30T17:45:08","date_gmt":"2025-01-30T16:45:08","guid":{"rendered":"https:\/\/manosinkietas.com\/?post_type=product&#038;p=11384"},"modified":"2026-01-24T07:41:53","modified_gmt":"2026-01-24T06:41:53","slug":"set-dados-actividades-para-hacer-en-pareja","status":"publish","type":"product","link":"https:\/\/manosinkietas.com\/en\/product\/set-dados-actividades-para-hacer-en-pareja\/","title":{"rendered":"Set de Dados Con Actividades Para Hacer En Pareja"},"content":{"rendered":"<p>Original regalo de San Valent\u00edn: set de dados con 30 actividades para hacer en pareja. Cada dado tiene 6 actividades, son 5 dados en total. Los dados de madera vienen dentro de un saquito que tiene un coraz\u00f3n de madera en el exterior con la frase &#8220;Lo que sea, pero contigo&#8221;. Tambi\u00e9n trae una peque\u00f1a base cuadrada con la misma frase grabada que se utiliza para lanzar los dados. Es una idea estupenda como regalo de San Valent\u00edn.<\/p>\n<p>MEDIDAS:<\/p>\n<p>CORAZ\u00d3N FUERA DEL SACO: 5 x 4,5cm<\/p>\n<p>BASE: 8cm x 8cm<\/p>\n<p>DADOS: 2cm<\/p>\n<p>SACOS: 10 x 12 cm<\/p>\n<p>*****************************************<\/p>\n<p>Por favor, preg\u00fantanos si tienes alguna duda acerca de nuestros productos. Estamos felices de atenderte.<\/p>\n<p>Recordatorio: esta es una peque\u00f1a tienda de emprendedores y el tiempo invertido en crear nuestras piezas \u00fanicas tambi\u00e9n tiene valor.<\/p>\n<p>\u00bfTe gustan nuestros productos? Echa un vistazo a la tienda:<\/p>","protected":false},"excerpt":{"rendered":"<p>Original regalo de San Valent\u00edn: set de dados con 30 actividades para hacer en pareja. Cada dado tiene 6 actividades, son 5 dados en total.<\/p>","protected":false},"featured_media":11389,"comment_status":"open","ping_status":"closed","template":"","meta":{"_acf_changed":false},"product_brand":[],"product_cat":[36,702],"product_tag":[1228,223,49,1226,602,603,987,1225,69,196,221,222,220,219,72,185,224,218,1227],"filtro_producto":[],"class_list":{"0":"post-11384","1":"product","2":"type-product","3":"status-publish","4":"has-post-thumbnail","6":"product_cat-celebracion","7":"product_cat-tematico","8":"product_tag-actividades-en-pareja","9":"product_tag-amigos","10":"product_tag-corte-laser","11":"product_tag-dados","12":"product_tag-dia-de-los-enamorados","13":"product_tag-dia-del-amor","14":"product_tag-dia-del-amor-y-la-amistad","15":"product_tag-enamorados","16":"product_tag-grabado-laser","17":"product_tag-madera","18":"product_tag-matrimonio","19":"product_tag-novios","20":"product_tag-parejas","21":"product_tag-regalo-de-san-valentin","22":"product_tag-regalo-personalizado","23":"product_tag-regalos-para-el","24":"product_tag-regalos-para-ella","25":"product_tag-san-valentin","26":"product_tag-set-de-dados","27":"product_shipping_class-cc","29":"first","30":"instock","31":"taxable","32":"shipping-taxable","33":"purchasable","34":"product-type-simple"},"acf":[],"aioseo_notices":[],"_links":{"self":[{"href":"https:\/\/manosinkietas.com\/en\/wp-json\/wp\/v2\/product\/11384","targetHints":{"allow":["GET"]}}],"collection":[{"href":"https:\/\/manosinkietas.com\/en\/wp-json\/wp\/v2\/product"}],"about":[{"href":"https:\/\/manosinkietas.com\/en\/wp-json\/wp\/v2\/types\/product"}],"replies":[{"embeddable":true,"href":"https:\/\/manosinkietas.com\/en\/wp-json\/wp\/v2\/comments?post=11384"}],"version-history":[{"count":1,"href":"https:\/\/manosinkietas.com\/en\/wp-json\/wp\/v2\/product\/11384\/revisions"}],"predecessor-version":[{"id":11396,"href":"https:\/\/manosinkietas.com\/en\/wp-json\/wp\/v2\/product\/11384\/revisions\/11396"}],"wp:featuredmedia":[{"embeddable":true,"href":"https:\/\/manosinkietas.com\/en\/wp-json\/wp\/v2\/media\/11389"}],"wp:attachment":[{"href":"https:\/\/manosinkietas.com\/en\/wp-json\/wp\/v2\/media?parent=11384"}],"wp:term":[{"taxonomy":"product_brand","embeddable":true,"href":"https:\/\/manosinkietas.com\/en\/wp-json\/wp\/v2\/product_brand?post=11384"},{"taxonomy":"product_cat","embeddable":true,"href":"https:\/\/manosinkietas.com\/en\/wp-json\/wp\/v2\/product_cat?post=11384"},{"taxonomy":"product_tag","embeddable":true,"href":"https:\/\/manosinkietas.com\/en\/wp-json\/wp\/v2\/product_tag?post=11384"},{"taxonomy":"filtro_producto","embeddable":true,"href":"https:\/\/manosinkietas.com\/en\/wp-json\/wp\/v2\/filtro_producto?post=11384"}],"curies":[{"name":"wp","href":"https:\/\/api.w.org\/{rel}","templated":true}]}}