{"id":11353,"date":"2025-01-25T18:30:31","date_gmt":"2025-01-25T17:30:31","guid":{"rendered":"https:\/\/manosinkietas.com\/?post_type=product&#038;p=11353"},"modified":"2025-03-17T17:15:19","modified_gmt":"2025-03-17T16:15:19","slug":"papeleria-personalizada-para-eventos","status":"publish","type":"product","link":"https:\/\/manosinkietas.com\/en\/product\/papeleria-personalizada-para-eventos\/","title":{"rendered":"Papeler\u00eda Personalizada Para Eventos"},"content":{"rendered":"<p>Cortamos, imprimimos y personalizamos todo tipo de papeler\u00eda para tu evento: invitaciones, tarjetas, sobres, marcasitios, etiquetas, stickers, seating plan, nombres de mesa, sellos, carteles&#8230; \u00a1Lo que se te ocurra! Si quieres que personalicemos para ti la papeler\u00eda de tu d\u00eda especial, no dudes en contactarnos a trav\u00e9s de info@manosinkietas.com.<\/p>\n<p><strong>NOTA: Las im\u00e1genes de este art\u00edculo son ejemplos de pedidos personalizados y \u00fanicamente utilizadas como referencia.<\/strong><\/p>\n<p><strong>En ning\u00fan caso se enviar\u00e1 alguno de los productos que ves en las im\u00e1genes si incluyes este art\u00edculo en el carrito de compra.\u00a0\u00a0<\/strong><\/p>\n<p>*****************************************<\/p>\n<p>Por favor, preg\u00fantanos si tienes alguna duda acerca de nuestros productos. Estamos felices de atenderte.<\/p>\n<p>Recordatorio: esta es una peque\u00f1a tienda de emprendedores y el tiempo invertido en crear nuestras piezas \u00fanicas tambi\u00e9n tiene valor.<\/p>\n<p>\u00bfTe gustan nuestros productos? Echa un vistazo a la tienda:<\/p>","protected":false},"excerpt":{"rendered":"<p>Cortamos, imprimimos y personalizamos todo tipo de papeler\u00eda para tu evento: invitaciones, tarjetas, sobres, marcasitios, etiquetas, stickers, seating plan, nombres de mesa&#8230; \u00a1Lo que se te ocurra!<\/p>","protected":false},"featured_media":11354,"comment_status":"open","ping_status":"closed","template":"","meta":{"_acf_changed":false},"product_brand":[],"product_cat":[665],"product_tag":[49,754,1222,69,1218,1221,1220,1217,1224,662,814,437,1219,1223],"filtro_producto":[149],"class_list":{"0":"post-11353","1":"product","2":"type-product","3":"status-publish","4":"has-post-thumbnail","6":"product_cat-personalizado","7":"product_tag-corte-laser","8":"product_tag-detalles-personalizados","9":"product_tag-etiquetas","10":"product_tag-grabado-laser","11":"product_tag-invitaciones","12":"product_tag-marcasitios-de-cartulina","13":"product_tag-nombres-de-mesa","14":"product_tag-papeleria-para-eventos","15":"product_tag-papeleria-personalizada","16":"product_tag-pedido-personalizado","17":"product_tag-pedidos-personalizados","18":"product_tag-papeleria","19":"product_tag-seating-plan","20":"product_tag-stickers","21":"filtro_producto-mas-vendido","23":"first","24":"instock","25":"featured","26":"virtual","27":"taxable","28":"purchasable","29":"product-type-simple"},"acf":[],"aioseo_notices":[],"_links":{"self":[{"href":"https:\/\/manosinkietas.com\/en\/wp-json\/wp\/v2\/product\/11353","targetHints":{"allow":["GET"]}}],"collection":[{"href":"https:\/\/manosinkietas.com\/en\/wp-json\/wp\/v2\/product"}],"about":[{"href":"https:\/\/manosinkietas.com\/en\/wp-json\/wp\/v2\/types\/product"}],"replies":[{"embeddable":true,"href":"https:\/\/manosinkietas.com\/en\/wp-json\/wp\/v2\/comments?post=11353"}],"version-history":[{"count":1,"href":"https:\/\/manosinkietas.com\/en\/wp-json\/wp\/v2\/product\/11353\/revisions"}],"predecessor-version":[{"id":11381,"href":"https:\/\/manosinkietas.com\/en\/wp-json\/wp\/v2\/product\/11353\/revisions\/11381"}],"wp:featuredmedia":[{"embeddable":true,"href":"https:\/\/manosinkietas.com\/en\/wp-json\/wp\/v2\/media\/11354"}],"wp:attachment":[{"href":"https:\/\/manosinkietas.com\/en\/wp-json\/wp\/v2\/media?parent=11353"}],"wp:term":[{"taxonomy":"product_brand","embeddable":true,"href":"https:\/\/manosinkietas.com\/en\/wp-json\/wp\/v2\/product_brand?post=11353"},{"taxonomy":"product_cat","embeddable":true,"href":"https:\/\/manosinkietas.com\/en\/wp-json\/wp\/v2\/product_cat?post=11353"},{"taxonomy":"product_tag","embeddable":true,"href":"https:\/\/manosinkietas.com\/en\/wp-json\/wp\/v2\/product_tag?post=11353"},{"taxonomy":"filtro_producto","embeddable":true,"href":"https:\/\/manosinkietas.com\/en\/wp-json\/wp\/v2\/filtro_producto?post=11353"}],"curies":[{"name":"wp","href":"https:\/\/api.w.org\/{rel}","templated":true}]}}