{"id":11334,"date":"2025-01-25T17:28:28","date_gmt":"2025-01-25T16:28:28","guid":{"rendered":"https:\/\/manosinkietas.com\/?post_type=product&#038;p=11334"},"modified":"2026-03-31T19:45:37","modified_gmt":"2026-03-31T17:45:37","slug":"placa-personalizada-de-madera-para-felicitar-jubilacion","status":"publish","type":"product","link":"https:\/\/manosinkietas.com\/en\/product\/placa-personalizada-de-madera-para-felicitar-jubilacion\/","title":{"rendered":"Placa Personalizada de Madera Para Felicitar Jubilaci\u00f3n"},"content":{"rendered":"<p>Hermosas y originales placas de madera con flores preservadas para felicitar a alguien que se va a jubilar. Es un detalle especial para personas reci\u00e9n jubiladas o a punto de retirarse.<\/p>\n<p>Esta placa personalizada es una excelente opci\u00f3n como regalo de jubilaci\u00f3n. La placa est\u00e1 hecha en madera de contrachapado y le podemos grabar el mensaje que quieras. Lleva flores preservadas en los tonos que m\u00e1s te gusten y tambi\u00e9n lleva grabado el nombre de la persona y el mensaje que desees. Cada placa lleva una cinta de terciopelo a juego con las flores.<\/p>\n<p>Medidas:<\/p>\n<p>21 cm de ancho por 14,51 cm de alto.<\/p>\n<p>*****************************************<\/p>\n<p>Por favor, preg\u00fantanos si tienes alguna duda acerca de nuestros productos. Estamos felices de atenderte.<\/p>\n<p>Recordatorio: esta es una peque\u00f1a tienda de emprendedores y el tiempo invertido en crear nuestras piezas \u00fanicas tambi\u00e9n tiene valor.<\/p>\n<p>\u00bfTe gustan nuestros productos? Echa un vistazo a la tienda:<\/p>","protected":false},"excerpt":{"rendered":"<p>Hermosas y originales placas de MDF blanco para personalizar con la inicial en flores preservadas. Es el complemento ideal para un detalle especial.<\/p>","protected":false},"featured_media":11335,"comment_status":"open","ping_status":"closed","template":"","meta":{"_acf_changed":false},"product_brand":[],"product_cat":[36,701],"product_tag":[49,754,1198,1201,144,69,1199,1206,1205,1196,1207,91,1200,1204,1203,490,239,1202],"filtro_producto":[],"class_list":{"0":"post-11334","1":"product","2":"type-product","3":"status-publish","4":"has-post-thumbnail","6":"product_cat-celebracion","7":"product_cat-placas-personalizadas","8":"product_tag-corte-laser","9":"product_tag-detalles-personalizados","10":"product_tag-feliz-jubilacion","11":"product_tag-feliz-retiro","12":"product_tag-flores-preservadas","13":"product_tag-grabado-laser","14":"product_tag-jubilacion","15":"product_tag-jubilada","16":"product_tag-jubilado","17":"product_tag-placa-con-flores","18":"product_tag-placa-de-madera-con-flores-preservadas","19":"product_tag-placa-personalizada","20":"product_tag-regalo-de-jubilacion","21":"product_tag-regalo-para-jubilada","22":"product_tag-regalo-para-jubilado","23":"product_tag-regalos-originales","24":"product_tag-regalos-personalizados","25":"product_tag-retiro","26":"product_shipping_class-cc","28":"first","29":"instock","30":"taxable","31":"shipping-taxable","32":"purchasable","33":"product-type-simple"},"acf":[],"aioseo_notices":[],"_links":{"self":[{"href":"https:\/\/manosinkietas.com\/en\/wp-json\/wp\/v2\/product\/11334","targetHints":{"allow":["GET"]}}],"collection":[{"href":"https:\/\/manosinkietas.com\/en\/wp-json\/wp\/v2\/product"}],"about":[{"href":"https:\/\/manosinkietas.com\/en\/wp-json\/wp\/v2\/types\/product"}],"replies":[{"embeddable":true,"href":"https:\/\/manosinkietas.com\/en\/wp-json\/wp\/v2\/comments?post=11334"}],"version-history":[{"count":1,"href":"https:\/\/manosinkietas.com\/en\/wp-json\/wp\/v2\/product\/11334\/revisions"}],"predecessor-version":[{"id":11338,"href":"https:\/\/manosinkietas.com\/en\/wp-json\/wp\/v2\/product\/11334\/revisions\/11338"}],"wp:featuredmedia":[{"embeddable":true,"href":"https:\/\/manosinkietas.com\/en\/wp-json\/wp\/v2\/media\/11335"}],"wp:attachment":[{"href":"https:\/\/manosinkietas.com\/en\/wp-json\/wp\/v2\/media?parent=11334"}],"wp:term":[{"taxonomy":"product_brand","embeddable":true,"href":"https:\/\/manosinkietas.com\/en\/wp-json\/wp\/v2\/product_brand?post=11334"},{"taxonomy":"product_cat","embeddable":true,"href":"https:\/\/manosinkietas.com\/en\/wp-json\/wp\/v2\/product_cat?post=11334"},{"taxonomy":"product_tag","embeddable":true,"href":"https:\/\/manosinkietas.com\/en\/wp-json\/wp\/v2\/product_tag?post=11334"},{"taxonomy":"filtro_producto","embeddable":true,"href":"https:\/\/manosinkietas.com\/en\/wp-json\/wp\/v2\/filtro_producto?post=11334"}],"curies":[{"name":"wp","href":"https:\/\/api.w.org\/{rel}","templated":true}]}}