{"id":11253,"date":"2025-01-17T10:38:57","date_gmt":"2025-01-17T09:38:57","guid":{"rendered":"https:\/\/manosinkietas.com\/?post_type=product&#038;p=11253"},"modified":"2025-01-20T18:13:49","modified_gmt":"2025-01-20T17:13:49","slug":"piezas-para-empresas","status":"publish","type":"product","link":"https:\/\/manosinkietas.com\/en\/product\/piezas-para-empresas\/","title":{"rendered":"Piezas Para Empresas"},"content":{"rendered":"<p>Cortamos, grabamos y personalizamos piezas perfectas para tu empresa: carteles, base para tarjetas, llaveros, c\u00f3digos QR, perchas&#8230; \u00a1Lo que se te ocurra! Si quieres que personalicemos para ti una pieza \u00fanica y exclusiva, no dudes en contactarnos a trav\u00e9s de info@manosinkietas.com.<\/p>\n<p><strong>NOTA: Las im\u00e1genes de este art\u00edculo son ejemplos de pedidos personalizados y \u00fanicamente utilizadas como referencia.<\/strong><\/p>\n<p><strong>En ning\u00fan caso se enviar\u00e1 alguno de los productos que ves en las im\u00e1genes si incluyes este art\u00edculo en el carrito de compra.\u00a0\u00a0<\/strong><\/p>\n<p>*****************************************<\/p>\n<p>Por favor, preg\u00fantanos si tienes alguna duda acerca de nuestros productos. Estamos felices de atenderte.<\/p>\n<p>Recordatorio: esta es una peque\u00f1a tienda de emprendedores y el tiempo invertido en crear nuestras piezas \u00fanicas tambi\u00e9n tiene valor.<\/p>\n<p>\u00bfTe gustan nuestros productos? Echa un vistazo a la tienda:<\/p>","protected":false},"excerpt":{"rendered":"<p>Cortamos, grabamos y personalizamos piezas perfectas para tu empresa: carteles, base para tarjetas, llaveros, c\u00f3digos QR, perchas&#8230; \u00a1Lo que se te ocurra! Si quieres que personalicemos para ti una pieza \u00fanica y exclusiva, no dudes en contactarnos a trav\u00e9s de info@manosinkietas.com.<\/p>","protected":false},"featured_media":11254,"comment_status":"open","ping_status":"closed","template":"","meta":{"_acf_changed":false},"product_brand":[],"product_cat":[665],"product_tag":[1195,1193,1192,49,1189,754,1190,1191,69,302,196,662,814,488,920,752,1194,1178],"filtro_producto":[],"class_list":{"0":"post-11253","1":"product","2":"type-product","3":"status-publish","4":"has-post-thumbnail","6":"product_cat-personalizado","7":"product_tag-carteles","8":"product_tag-codigo-qr","9":"product_tag-corporativo","10":"product_tag-corte-laser","11":"product_tag-detalles-para-empresas","12":"product_tag-detalles-personalizados","13":"product_tag-empresa","14":"product_tag-empresas","15":"product_tag-grabado-laser","16":"product_tag-llaveros","17":"product_tag-madera","18":"product_tag-pedido-personalizado","19":"product_tag-pedidos-personalizados","20":"product_tag-perchas","21":"product_tag-piezas-personalizadas","22":"product_tag-porta-tarjetas","23":"product_tag-qr","24":"product_tag-regalos-para-empresas","26":"first","27":"instock","28":"featured","29":"virtual","30":"taxable","31":"purchasable","32":"product-type-simple"},"acf":[],"aioseo_notices":[],"_links":{"self":[{"href":"https:\/\/manosinkietas.com\/en\/wp-json\/wp\/v2\/product\/11253","targetHints":{"allow":["GET"]}}],"collection":[{"href":"https:\/\/manosinkietas.com\/en\/wp-json\/wp\/v2\/product"}],"about":[{"href":"https:\/\/manosinkietas.com\/en\/wp-json\/wp\/v2\/types\/product"}],"replies":[{"embeddable":true,"href":"https:\/\/manosinkietas.com\/en\/wp-json\/wp\/v2\/comments?post=11253"}],"version-history":[{"count":1,"href":"https:\/\/manosinkietas.com\/en\/wp-json\/wp\/v2\/product\/11253\/revisions"}],"predecessor-version":[{"id":11299,"href":"https:\/\/manosinkietas.com\/en\/wp-json\/wp\/v2\/product\/11253\/revisions\/11299"}],"wp:featuredmedia":[{"embeddable":true,"href":"https:\/\/manosinkietas.com\/en\/wp-json\/wp\/v2\/media\/11254"}],"wp:attachment":[{"href":"https:\/\/manosinkietas.com\/en\/wp-json\/wp\/v2\/media?parent=11253"}],"wp:term":[{"taxonomy":"product_brand","embeddable":true,"href":"https:\/\/manosinkietas.com\/en\/wp-json\/wp\/v2\/product_brand?post=11253"},{"taxonomy":"product_cat","embeddable":true,"href":"https:\/\/manosinkietas.com\/en\/wp-json\/wp\/v2\/product_cat?post=11253"},{"taxonomy":"product_tag","embeddable":true,"href":"https:\/\/manosinkietas.com\/en\/wp-json\/wp\/v2\/product_tag?post=11253"},{"taxonomy":"filtro_producto","embeddable":true,"href":"https:\/\/manosinkietas.com\/en\/wp-json\/wp\/v2\/filtro_producto?post=11253"}],"curies":[{"name":"wp","href":"https:\/\/api.w.org\/{rel}","templated":true}]}}